{"id":18096,"date":"2025-07-16T10:39:21","date_gmt":"2025-07-16T08:39:21","guid":{"rendered":"https:\/\/uj.adatbank.ro\/lexikon\/termek\/petki-janos-gr-petky-janos-gr\/"},"modified":"2025-07-16T10:39:21","modified_gmt":"2025-07-16T08:39:21","slug":"petki-janos-gr-petky-janos-gr","status":"publish","type":"product","link":"https:\/\/uj.adatbank.ro\/lexikon\/termek\/petki-janos-gr-petky-janos-gr\/","title":{"rendered":"PETKI J\u00e1nos, gr., Petky J\u00e1nos, gr."},"content":{"rendered":"<p>? \u2020 Marosszentgy\u00f6rgy, 1686. jan.: f\u0151kir\u00e1lyb\u00edr\u00f3, f\u00f6ldbirtokos. \u2013 P. Istv\u00e1n \u00e9s S\u00fck\u00f6sd M\u00e1ria fia. Testv\u00e9re: Istv\u00e1n. Feles\u00e9ge: Haller Krisztina (esk. 1670. j\u00fan.), (\u20201685 kar\u00e1csony). Gyermekeik: D\u00e1vid, Ter\u00e9zia, S\u00e1ra; a gy\u00e1mjuk nagyapjuk, Haller J\u00e1nos lett. \u2013 Testv\u00e9re, Istv\u00e1n hal\u00e1la ut\u00e1n (1744), a marosszentgy\u00f6rgyi birtokot \u00e9s kast\u00e9lyt \u00f6r\u00f6k\u00f6lte. Kerel\u0151szentp\u00e1li birtok\u00e1r\u00f3l vissza k\u00f6lt\u00f6z\u00f6tt Marosszentgy\u00f6rgyre. \u2013 Kinevezt\u00e9k Cs\u00edk-, Gyergy\u00f3- \u00e9s K\u00e1szonsz\u00e9kek f\u0151kir\u00e1lyb\u00edr\u00e1j\u00e1v\u00e1, a Kir. T\u00e1bla \u00fcln\u00f6k\u00e9v\u00e9. Hal\u00e1la ut\u00e1n Marosszentgy\u00f6r teljes eg\u00e9sz\u00e9ben fia, P. D\u00e1vid birtoka lett. <br \/><strong>Irod.:<\/strong> Mordovin Maxim: A Petki csal\u00e1d \u00e9s Marosszentgy\u00f6rgy = Marosszentgy\u00f6rgy; Szekeres Attila Istv\u00e1n: C\u00edmeres eml\u00e9kek Marosszentgy\u00f6rgy = Marosszentgy\u00f6rgy; Sz\u00e9kelyf\u00f6ld t\u00f6rt.1.<\/br><\/p>\n","protected":false},"excerpt":{"rendered":"<p>? \u2020 Marosszentgy\u00f6rgy, 1686. jan.: f\u0151kir\u00e1lyb\u00edr\u00f3, f\u00f6ldbirtokos. \u2013 P. Istv\u00e1n \u00e9s S\u00fck\u00f6sd M\u00e1ria fia. Testv\u00e9re: Istv\u00e1n. Feles\u00e9ge: Haller Krisztina (esk. 1670. j\u00fan.), (\u20201685 kar\u00e1csony). Gyermekeik: D\u00e1vid, Ter\u00e9zia, S\u00e1ra; a gy\u00e1mjuk nagyapjuk, Haller J\u00e1nos lett. \u2013 Testv\u00e9re, Istv\u00e1n hal\u00e1la ut\u00e1n (1744), a marosszentgy\u00f6rgyi birtokot \u00e9s kast\u00e9lyt \u00f6r\u00f6k\u00f6lte. Kerel\u0151szentp\u00e1li birtok\u00e1r\u00f3l vissza k\u00f6lt\u00f6z\u00f6tt Marosszentgy\u00f6rgyre. \u2013 Kinevezt\u00e9k Cs\u00edk-, Gyergy\u00f3- [&hellip;]<\/p>\n","protected":false},"featured_media":0,"comment_status":"open","ping_status":"closed","template":"","meta":[],"product_brand":[],"product_cat":[137],"product_tag":[],"class_list":{"0":"post-18096","1":"product","2":"type-product","3":"status-publish","5":"product_cat-maros-megyei-eletrajzi-lexikon","7":"first","8":"instock","9":"shipping-taxable","10":"product-type-simple"},"_links":{"self":[{"href":"https:\/\/uj.adatbank.ro\/lexikon\/wp-json\/wp\/v2\/product\/18096","targetHints":{"allow":["GET"]}}],"collection":[{"href":"https:\/\/uj.adatbank.ro\/lexikon\/wp-json\/wp\/v2\/product"}],"about":[{"href":"https:\/\/uj.adatbank.ro\/lexikon\/wp-json\/wp\/v2\/types\/product"}],"replies":[{"embeddable":true,"href":"https:\/\/uj.adatbank.ro\/lexikon\/wp-json\/wp\/v2\/comments?post=18096"}],"wp:attachment":[{"href":"https:\/\/uj.adatbank.ro\/lexikon\/wp-json\/wp\/v2\/media?parent=18096"}],"wp:term":[{"taxonomy":"product_brand","embeddable":true,"href":"https:\/\/uj.adatbank.ro\/lexikon\/wp-json\/wp\/v2\/product_brand?post=18096"},{"taxonomy":"product_cat","embeddable":true,"href":"https:\/\/uj.adatbank.ro\/lexikon\/wp-json\/wp\/v2\/product_cat?post=18096"},{"taxonomy":"product_tag","embeddable":true,"href":"https:\/\/uj.adatbank.ro\/lexikon\/wp-json\/wp\/v2\/product_tag?post=18096"}],"curies":[{"name":"wp","href":"https:\/\/api.w.org\/{rel}","templated":true}]}}