{"id":18097,"date":"2025-07-16T10:39:23","date_gmt":"2025-07-16T08:39:23","guid":{"rendered":"https:\/\/uj.adatbank.ro\/lexikon\/termek\/petki-jozsef-petky-joseph-kiralyhalmi-gr\/"},"modified":"2025-07-16T10:39:23","modified_gmt":"2025-07-16T08:39:23","slug":"petki-jozsef-petky-joseph-kiralyhalmi-gr","status":"publish","type":"product","link":"https:\/\/uj.adatbank.ro\/lexikon\/termek\/petki-jozsef-petky-joseph-kiralyhalmi-gr\/","title":{"rendered":"PETKI J\u00f3zsef, Petky Joseph, kir\u00e1lyhalmi gr."},"content":{"rendered":"<p>1756. 57, \u2020\u00a0Marosszentgy\u00f6rgy, 1817. \u00e1pr. 2.: f\u00f6ldbirtokos, kamar\u00e1s. \u2013 Istv\u00e1n \u00e9s K\u00e1lnoky Judit fia Feles\u00e9ge. 1.br. Kem\u00e9ny Anna. (Ant\u00f3nia); 2. \u00c1rsz Erzs\u00e9bet. Gyermekeik: J\u00e1nos, gyermekk\u00e9nt meghalt; M\u00e1ria br. B\u00e1lintitt Gy\u00f6rgyn\u00e9, majd. maksai M\u00e1riaffi D\u00e1vidn\u00e9; Ant\u00f3nia, br. B\u00e1nffi J\u00f3zsefn\u00e9, majd freudensteini br. Gremp Frigyesn\u00e9. Marosszentgy\u00f6rgy\u00f6n \u00e9s Csejden voltak birtokai \u00e9s jobb\u00e1gyai, az \u00farb\u00e9ri \u00f6ssze\u00edr\u00e1skor (1785) 114 jobb\u00e1gya szerepel. A v\u00e1rossal megegyezett, hogy k\u00f6z\u00f6sen \u00e1llap\u00edtj\u00e1k meg a hat\u00e1rjeleket a v\u00e1ros \u00e9s a gr\u00f3f marosszentgy\u00f6rgyi birtokai k\u00f6z\u00f6tt (1814). A P. csal\u00e1d adom\u00e1nyozta azta a telket, amelyen a mv.-i ferencesek temploma \u00e9s kolostora \u00e9p\u00fclt a mai f\u0151t\u00e9ren (1735\u201347) (1745\u20131802). A gr. Petki csal\u00e1d fi\u00fa \u00e1gon vele kihalt, vagyon\u00e1t \u00e9s lev\u00e9lt\u00e1r\u00e1t a br. B\u00e1lintitt \u00e9s maksai M\u00e1riaffi csal\u00e1dok \u00f6r\u00f6k\u00f6lt\u00e9k, a le\u00e1ny\u00e1gi ut\u00f3dok r\u00e9v\u00e9n. <br \/><strong>Irod.:<\/strong> Csejd \u2013T\u00f3falva; Fodor S\u00e1ndor (S.): A Minorita \u00e9s a Ferenc-rendi templomok eml\u00e9kt\u00e1bl\u00e1i (N\u00fa., Sz\u00ednes Vil\u00e1g, 2008. \u00e1pr. 12.); Id\u0151t\u00e1r 1; Keresztese Gyula: A hajdani Mv. 7.: A v\u00e1ros r\u00e9gi \u00e9p\u00fcletei (N\u00fa., 1995. nov. 25.); Lev\u00e9lt\u00e1ri gy\u00e1szj.; Mordovin Maxim: A Petki csal\u00e1d \u00e9s Marosszentgy\u00f6rgy = Marosszentgy\u00f6rgy; Nemes Gyula: Szakr\u00e1lis eml\u00e9kek&#8230; = P\u00e1l-Antal \u2013 Simon; P\u00e1l-Antal 2009; Pesty 2014; S\u00e2ngeorgiu de Mure\u015f; Sebesty\u00e9n Mih\u00e1ly: V\u00e1rhegy \u00e9s a Petkiek (N\u00fa., Sz\u00ednes Vil\u00e1g, 2010. \u00e1pr. 17.)<\/br><\/p>\n","protected":false},"excerpt":{"rendered":"<p>1756. 57, \u2020\u00a0Marosszentgy\u00f6rgy, 1817. \u00e1pr. 2.: f\u00f6ldbirtokos, kamar\u00e1s. \u2013 Istv\u00e1n \u00e9s K\u00e1lnoky Judit fia Feles\u00e9ge. 1.br. Kem\u00e9ny Anna. (Ant\u00f3nia); 2. \u00c1rsz Erzs\u00e9bet. Gyermekeik: J\u00e1nos, gyermekk\u00e9nt meghalt; M\u00e1ria br. B\u00e1lintitt Gy\u00f6rgyn\u00e9, majd. maksai M\u00e1riaffi D\u00e1vidn\u00e9; Ant\u00f3nia, br. B\u00e1nffi J\u00f3zsefn\u00e9, majd freudensteini br. Gremp Frigyesn\u00e9. Marosszentgy\u00f6rgy\u00f6n \u00e9s Csejden voltak birtokai \u00e9s jobb\u00e1gyai, az \u00farb\u00e9ri \u00f6ssze\u00edr\u00e1skor (1785) 114 [&hellip;]<\/p>\n","protected":false},"featured_media":0,"comment_status":"open","ping_status":"closed","template":"","meta":[],"product_brand":[],"product_cat":[137],"product_tag":[],"class_list":{"0":"post-18097","1":"product","2":"type-product","3":"status-publish","5":"product_cat-maros-megyei-eletrajzi-lexikon","7":"first","8":"instock","9":"shipping-taxable","10":"product-type-simple"},"_links":{"self":[{"href":"https:\/\/uj.adatbank.ro\/lexikon\/wp-json\/wp\/v2\/product\/18097","targetHints":{"allow":["GET"]}}],"collection":[{"href":"https:\/\/uj.adatbank.ro\/lexikon\/wp-json\/wp\/v2\/product"}],"about":[{"href":"https:\/\/uj.adatbank.ro\/lexikon\/wp-json\/wp\/v2\/types\/product"}],"replies":[{"embeddable":true,"href":"https:\/\/uj.adatbank.ro\/lexikon\/wp-json\/wp\/v2\/comments?post=18097"}],"wp:attachment":[{"href":"https:\/\/uj.adatbank.ro\/lexikon\/wp-json\/wp\/v2\/media?parent=18097"}],"wp:term":[{"taxonomy":"product_brand","embeddable":true,"href":"https:\/\/uj.adatbank.ro\/lexikon\/wp-json\/wp\/v2\/product_brand?post=18097"},{"taxonomy":"product_cat","embeddable":true,"href":"https:\/\/uj.adatbank.ro\/lexikon\/wp-json\/wp\/v2\/product_cat?post=18097"},{"taxonomy":"product_tag","embeddable":true,"href":"https:\/\/uj.adatbank.ro\/lexikon\/wp-json\/wp\/v2\/product_tag?post=18097"}],"curies":[{"name":"wp","href":"https:\/\/api.w.org\/{rel}","templated":true}]}}