{"id":18099,"date":"2025-07-16T10:39:26","date_gmt":"2025-07-16T08:39:26","guid":{"rendered":"https:\/\/uj.adatbank.ro\/lexikon\/termek\/petki-klara\/"},"modified":"2025-07-16T10:39:26","modified_gmt":"2025-07-16T08:39:26","slug":"petki-klara","status":"publish","type":"product","link":"https:\/\/uj.adatbank.ro\/lexikon\/termek\/petki-klara\/","title":{"rendered":"PETKI Kl\u00e1ra"},"content":{"rendered":"<p>? \u2020\u00a01779 el\u0151tt?: f\u00f6ldbirtokos. \u2013 P. Istv\u00e1n \u00e9s K\u00e1lnoki Judit le\u00e1nya. Nem ment f\u00e9rjhez. Marosszentgy\u00f6rgy\u00f6n lakott (1751\u201365), \u00e9lete utols\u00f3 \u00e9veit Kv.-on t\u00f6lt\u00f6tte. <br \/><strong>Irod.:<\/strong> Mordovin Maxim: A Petki csal\u00e1d \u00e9s Marosszentgy\u00f6rgy = Marosszentgy\u00f6rgy<\/br><\/p>\n","protected":false},"excerpt":{"rendered":"<p>? \u2020\u00a01779 el\u0151tt?: f\u00f6ldbirtokos. \u2013 P. Istv\u00e1n \u00e9s K\u00e1lnoki Judit le\u00e1nya. Nem ment f\u00e9rjhez. Marosszentgy\u00f6rgy\u00f6n lakott (1751\u201365), \u00e9lete utols\u00f3 \u00e9veit Kv.-on t\u00f6lt\u00f6tte. Irod.: Mordovin Maxim: A Petki csal\u00e1d \u00e9s Marosszentgy\u00f6rgy = Marosszentgy\u00f6rgy<\/p>\n","protected":false},"featured_media":0,"comment_status":"open","ping_status":"closed","template":"","meta":[],"product_brand":[],"product_cat":[137],"product_tag":[],"class_list":{"0":"post-18099","1":"product","2":"type-product","3":"status-publish","5":"product_cat-maros-megyei-eletrajzi-lexikon","7":"first","8":"instock","9":"shipping-taxable","10":"product-type-simple"},"_links":{"self":[{"href":"https:\/\/uj.adatbank.ro\/lexikon\/wp-json\/wp\/v2\/product\/18099","targetHints":{"allow":["GET"]}}],"collection":[{"href":"https:\/\/uj.adatbank.ro\/lexikon\/wp-json\/wp\/v2\/product"}],"about":[{"href":"https:\/\/uj.adatbank.ro\/lexikon\/wp-json\/wp\/v2\/types\/product"}],"replies":[{"embeddable":true,"href":"https:\/\/uj.adatbank.ro\/lexikon\/wp-json\/wp\/v2\/comments?post=18099"}],"wp:attachment":[{"href":"https:\/\/uj.adatbank.ro\/lexikon\/wp-json\/wp\/v2\/media?parent=18099"}],"wp:term":[{"taxonomy":"product_brand","embeddable":true,"href":"https:\/\/uj.adatbank.ro\/lexikon\/wp-json\/wp\/v2\/product_brand?post=18099"},{"taxonomy":"product_cat","embeddable":true,"href":"https:\/\/uj.adatbank.ro\/lexikon\/wp-json\/wp\/v2\/product_cat?post=18099"},{"taxonomy":"product_tag","embeddable":true,"href":"https:\/\/uj.adatbank.ro\/lexikon\/wp-json\/wp\/v2\/product_tag?post=18099"}],"curies":[{"name":"wp","href":"https:\/\/api.w.org\/{rel}","templated":true}]}}