{"id":18101,"date":"2025-07-16T10:39:29","date_gmt":"2025-07-16T08:39:29","guid":{"rendered":"https:\/\/uj.adatbank.ro\/lexikon\/termek\/petki-mihaly-petky-mihaly\/"},"modified":"2025-07-16T10:39:29","modified_gmt":"2025-07-16T08:39:29","slug":"petki-mihaly-petky-mihaly","status":"publish","type":"product","link":"https:\/\/uj.adatbank.ro\/lexikon\/termek\/petki-mihaly-petky-mihaly\/","title":{"rendered":"PETKI Mih\u00e1ly, Petky Mih\u00e1ly"},"content":{"rendered":"<p>? \u2020\u00a01582. szept. Sz\u00e9kelyderzsen temett\u00e9k: f\u0151kir\u00e1lyb\u00edr\u00f3. \u2013 P. J\u00e1nos \u00e9s L\u00e1z\u00e1r Margit fia. Feles\u00e9ge Dacz\u00f3 Margit. \u00d6t gyermek\u00fck volt: J\u00e1nos, S\u00e1rospatakon tanult, feles\u00e9ge Kornis Katalin; Ferenc, katonai p\u00e1ly\u00e1nB\u00e1thory Andr\u00e1s Udvar\u00e1ba ker\u00fclt; Margit, f\u00e9rje magasrang\u00fa diplomata (esk\u00fcv\u0151: 1590); Judit, Damokos J\u00e1nosn\u00e9. Az anya nevelte az \u00e1rv\u00e1kat, f\u00e9rjhez ment Zs\u00e1mbokr\u00e9ti Mih\u00e1lyhoz. \u2013 Udvarhelysz\u00e9k egyik f\u0151kir\u00e1lyb\u00edr\u00e1ja s\u00f3gor\u00e1val, Kornis Farkassal egy\u00fctt (1571). B\u00e1thory Krist\u00f3f Marossz\u00e9kre helyezte kir\u00e1lyb\u00edr\u00f3nak (1580). Az els\u0151 protest\u00e1ns a csal\u00e1dban. <br \/><strong>Irod.:<\/strong> : P\u00e1l-Antal 2002; SzOkl, 6<\/br><\/p>\n","protected":false},"excerpt":{"rendered":"<p>? \u2020\u00a01582. szept. Sz\u00e9kelyderzsen temett\u00e9k: f\u0151kir\u00e1lyb\u00edr\u00f3. \u2013 P. J\u00e1nos \u00e9s L\u00e1z\u00e1r Margit fia. Feles\u00e9ge Dacz\u00f3 Margit. \u00d6t gyermek\u00fck volt: J\u00e1nos, S\u00e1rospatakon tanult, feles\u00e9ge Kornis Katalin; Ferenc, katonai p\u00e1ly\u00e1nB\u00e1thory Andr\u00e1s Udvar\u00e1ba ker\u00fclt; Margit, f\u00e9rje magasrang\u00fa diplomata (esk\u00fcv\u0151: 1590); Judit, Damokos J\u00e1nosn\u00e9. Az anya nevelte az \u00e1rv\u00e1kat, f\u00e9rjhez ment Zs\u00e1mbokr\u00e9ti Mih\u00e1lyhoz. \u2013 Udvarhelysz\u00e9k egyik f\u0151kir\u00e1lyb\u00edr\u00e1ja s\u00f3gor\u00e1val, Kornis [&hellip;]<\/p>\n","protected":false},"featured_media":0,"comment_status":"open","ping_status":"closed","template":"","meta":[],"product_brand":[],"product_cat":[137],"product_tag":[],"class_list":{"0":"post-18101","1":"product","2":"type-product","3":"status-publish","5":"product_cat-maros-megyei-eletrajzi-lexikon","7":"first","8":"instock","9":"shipping-taxable","10":"product-type-simple"},"_links":{"self":[{"href":"https:\/\/uj.adatbank.ro\/lexikon\/wp-json\/wp\/v2\/product\/18101","targetHints":{"allow":["GET"]}}],"collection":[{"href":"https:\/\/uj.adatbank.ro\/lexikon\/wp-json\/wp\/v2\/product"}],"about":[{"href":"https:\/\/uj.adatbank.ro\/lexikon\/wp-json\/wp\/v2\/types\/product"}],"replies":[{"embeddable":true,"href":"https:\/\/uj.adatbank.ro\/lexikon\/wp-json\/wp\/v2\/comments?post=18101"}],"wp:attachment":[{"href":"https:\/\/uj.adatbank.ro\/lexikon\/wp-json\/wp\/v2\/media?parent=18101"}],"wp:term":[{"taxonomy":"product_brand","embeddable":true,"href":"https:\/\/uj.adatbank.ro\/lexikon\/wp-json\/wp\/v2\/product_brand?post=18101"},{"taxonomy":"product_cat","embeddable":true,"href":"https:\/\/uj.adatbank.ro\/lexikon\/wp-json\/wp\/v2\/product_cat?post=18101"},{"taxonomy":"product_tag","embeddable":true,"href":"https:\/\/uj.adatbank.ro\/lexikon\/wp-json\/wp\/v2\/product_tag?post=18101"}],"curies":[{"name":"wp","href":"https:\/\/api.w.org\/{rel}","templated":true}]}}