{"id":18102,"date":"2025-07-16T10:39:31","date_gmt":"2025-07-16T08:39:31","guid":{"rendered":"https:\/\/uj.adatbank.ro\/lexikon\/termek\/petki-nagy-zsuzsanna-teleki-sandorne\/"},"modified":"2025-07-16T10:39:31","modified_gmt":"2025-07-16T08:39:31","slug":"petki-nagy-zsuzsanna-teleki-sandorne","status":"publish","type":"product","link":"https:\/\/uj.adatbank.ro\/lexikon\/termek\/petki-nagy-zsuzsanna-teleki-sandorne\/","title":{"rendered":"PETKI NAGY Zsuzs\u00e1nna, Teleki S\u00e1ndorn\u00e9"},"content":{"rendered":"<p>Czelna, 1739. nov. 17., \u2020 ?: f\u00f6ldbirtokos.- Nagy Zsigmond \u00e9s B\u00e1ndi Kov\u00e1ts Judit l\u00e1nya. F\u00e9rje sz\u00e9ki gr. Teleki S\u00e1ndor (1679\u20131754) Torda vm. f\u0151isp\u00e1nja, f\u0151korm\u00e1nysz\u00e9ki tan\u00e1csos, ref. f\u0151gondnok. Teleki S\u00e1muel \u00e9desanyja.-<br \/><strong>Irod.:<\/strong>De\u00e9 Nagy Anik\u00f3; Gudenus; S\u00e4chsisch-Regen; Teleki S\u00e1muel peregrin\u00e1ci\u00f3s napl\u00f3ja<\/br><\/p>\n","protected":false},"excerpt":{"rendered":"<p>Czelna, 1739. nov. 17., \u2020 ?: f\u00f6ldbirtokos.- Nagy Zsigmond \u00e9s B\u00e1ndi Kov\u00e1ts Judit l\u00e1nya. F\u00e9rje sz\u00e9ki gr. Teleki S\u00e1ndor (1679\u20131754) Torda vm. f\u0151isp\u00e1nja, f\u0151korm\u00e1nysz\u00e9ki tan\u00e1csos, ref. f\u0151gondnok. Teleki S\u00e1muel \u00e9desanyja.-Irod.:De\u00e9 Nagy Anik\u00f3; Gudenus; S\u00e4chsisch-Regen; Teleki S\u00e1muel peregrin\u00e1ci\u00f3s napl\u00f3ja<\/p>\n","protected":false},"featured_media":0,"comment_status":"open","ping_status":"closed","template":"","meta":[],"product_brand":[],"product_cat":[137],"product_tag":[],"class_list":{"0":"post-18102","1":"product","2":"type-product","3":"status-publish","5":"product_cat-maros-megyei-eletrajzi-lexikon","7":"first","8":"instock","9":"shipping-taxable","10":"product-type-simple"},"_links":{"self":[{"href":"https:\/\/uj.adatbank.ro\/lexikon\/wp-json\/wp\/v2\/product\/18102","targetHints":{"allow":["GET"]}}],"collection":[{"href":"https:\/\/uj.adatbank.ro\/lexikon\/wp-json\/wp\/v2\/product"}],"about":[{"href":"https:\/\/uj.adatbank.ro\/lexikon\/wp-json\/wp\/v2\/types\/product"}],"replies":[{"embeddable":true,"href":"https:\/\/uj.adatbank.ro\/lexikon\/wp-json\/wp\/v2\/comments?post=18102"}],"wp:attachment":[{"href":"https:\/\/uj.adatbank.ro\/lexikon\/wp-json\/wp\/v2\/media?parent=18102"}],"wp:term":[{"taxonomy":"product_brand","embeddable":true,"href":"https:\/\/uj.adatbank.ro\/lexikon\/wp-json\/wp\/v2\/product_brand?post=18102"},{"taxonomy":"product_cat","embeddable":true,"href":"https:\/\/uj.adatbank.ro\/lexikon\/wp-json\/wp\/v2\/product_cat?post=18102"},{"taxonomy":"product_tag","embeddable":true,"href":"https:\/\/uj.adatbank.ro\/lexikon\/wp-json\/wp\/v2\/product_tag?post=18102"}],"curies":[{"name":"wp","href":"https:\/\/api.w.org\/{rel}","templated":true}]}}