{"id":18106,"date":"2025-07-16T10:39:38","date_gmt":"2025-07-16T08:39:38","guid":{"rendered":"https:\/\/uj.adatbank.ro\/lexikon\/termek\/petky-istvan-gr\/"},"modified":"2025-07-16T10:39:38","modified_gmt":"2025-07-16T08:39:38","slug":"petky-istvan-gr","status":"publish","type":"product","link":"https:\/\/uj.adatbank.ro\/lexikon\/termek\/petky-istvan-gr\/","title":{"rendered":"PETKY Istv\u00e1n, gr."},"content":{"rendered":"<p>? \u2020 Marosszentgy\u00f6rgy, 1766. febr.: f\u00f6ldbirtokos. \u2013 P. D\u00e1vid (\u2020 1744) \u00e9s \u00e9s Zichy S\u00e1ra fia. Feles\u00e9ge gr. K\u00e1lnoki Judit. Esk. 1748\u201350. Gyermekeik: J\u00f3zsef \u00e9s Kl\u00e1ra (\u20201779 el\u0151tt). H\u00e1zass\u00e1ga sikertelen volt, (1760 k. elv\u00e1ltak), m\u00e1r nem lakott Marosszentgy\u00f6rgy\u00f6n. <br \/><strong>Irod.:<\/strong> Gudenus; Mordovin Maxim: A Petki csal\u00e1d \u00e9s Marosszentgy\u00f6rgy = Marosszentgy\u00f6rgy<\/br><\/p>\n","protected":false},"excerpt":{"rendered":"<p>? \u2020 Marosszentgy\u00f6rgy, 1766. febr.: f\u00f6ldbirtokos. \u2013 P. D\u00e1vid (\u2020 1744) \u00e9s \u00e9s Zichy S\u00e1ra fia. Feles\u00e9ge gr. K\u00e1lnoki Judit. Esk. 1748\u201350. Gyermekeik: J\u00f3zsef \u00e9s Kl\u00e1ra (\u20201779 el\u0151tt). H\u00e1zass\u00e1ga sikertelen volt, (1760 k. elv\u00e1ltak), m\u00e1r nem lakott Marosszentgy\u00f6rgy\u00f6n. Irod.: Gudenus; Mordovin Maxim: A Petki csal\u00e1d \u00e9s Marosszentgy\u00f6rgy = Marosszentgy\u00f6rgy<\/p>\n","protected":false},"featured_media":0,"comment_status":"open","ping_status":"closed","template":"","meta":[],"product_brand":[],"product_cat":[137],"product_tag":[],"class_list":{"0":"post-18106","1":"product","2":"type-product","3":"status-publish","5":"product_cat-maros-megyei-eletrajzi-lexikon","7":"first","8":"instock","9":"shipping-taxable","10":"product-type-simple"},"_links":{"self":[{"href":"https:\/\/uj.adatbank.ro\/lexikon\/wp-json\/wp\/v2\/product\/18106","targetHints":{"allow":["GET"]}}],"collection":[{"href":"https:\/\/uj.adatbank.ro\/lexikon\/wp-json\/wp\/v2\/product"}],"about":[{"href":"https:\/\/uj.adatbank.ro\/lexikon\/wp-json\/wp\/v2\/types\/product"}],"replies":[{"embeddable":true,"href":"https:\/\/uj.adatbank.ro\/lexikon\/wp-json\/wp\/v2\/comments?post=18106"}],"wp:attachment":[{"href":"https:\/\/uj.adatbank.ro\/lexikon\/wp-json\/wp\/v2\/media?parent=18106"}],"wp:term":[{"taxonomy":"product_brand","embeddable":true,"href":"https:\/\/uj.adatbank.ro\/lexikon\/wp-json\/wp\/v2\/product_brand?post=18106"},{"taxonomy":"product_cat","embeddable":true,"href":"https:\/\/uj.adatbank.ro\/lexikon\/wp-json\/wp\/v2\/product_cat?post=18106"},{"taxonomy":"product_tag","embeddable":true,"href":"https:\/\/uj.adatbank.ro\/lexikon\/wp-json\/wp\/v2\/product_tag?post=18106"}],"curies":[{"name":"wp","href":"https:\/\/api.w.org\/{rel}","templated":true}]}}