{"id":18107,"date":"2025-07-16T10:39:39","date_gmt":"2025-07-16T08:39:39","guid":{"rendered":"https:\/\/uj.adatbank.ro\/lexikon\/termek\/peto-andras\/"},"modified":"2025-07-16T10:39:39","modified_gmt":"2025-07-16T08:39:39","slug":"peto-andras","status":"publish","type":"product","link":"https:\/\/uj.adatbank.ro\/lexikon\/termek\/peto-andras\/","title":{"rendered":"PET\u0150 Andr\u00e1s"},"content":{"rendered":"<p>? \u2020 ?: adom\u00e1nyoz\u00f3. \u2013 Nyomtatott \u00e9nekesk\u00f6nyvet aj\u00e1nd\u00e9kozott a k\u00e1poszt\u00e1sszentmikl\u00f3si ref. templomnak. <br \/><strong>Irod.:<\/strong> Keresztes Gyula: Templomaink 22: A k\u00e1poszt\u00e1sszentmikl\u00f3si ref. templom (N\u00fa., 1999. jan. 30.)<\/br><\/p>\n","protected":false},"excerpt":{"rendered":"<p>? \u2020 ?: adom\u00e1nyoz\u00f3. \u2013 Nyomtatott \u00e9nekesk\u00f6nyvet aj\u00e1nd\u00e9kozott a k\u00e1poszt\u00e1sszentmikl\u00f3si ref. templomnak. Irod.: Keresztes Gyula: Templomaink 22: A k\u00e1poszt\u00e1sszentmikl\u00f3si ref. templom (N\u00fa., 1999. jan. 30.)<\/p>\n","protected":false},"featured_media":0,"comment_status":"open","ping_status":"closed","template":"","meta":[],"product_brand":[],"product_cat":[137],"product_tag":[],"class_list":{"0":"post-18107","1":"product","2":"type-product","3":"status-publish","5":"product_cat-maros-megyei-eletrajzi-lexikon","7":"first","8":"instock","9":"shipping-taxable","10":"product-type-simple"},"_links":{"self":[{"href":"https:\/\/uj.adatbank.ro\/lexikon\/wp-json\/wp\/v2\/product\/18107","targetHints":{"allow":["GET"]}}],"collection":[{"href":"https:\/\/uj.adatbank.ro\/lexikon\/wp-json\/wp\/v2\/product"}],"about":[{"href":"https:\/\/uj.adatbank.ro\/lexikon\/wp-json\/wp\/v2\/types\/product"}],"replies":[{"embeddable":true,"href":"https:\/\/uj.adatbank.ro\/lexikon\/wp-json\/wp\/v2\/comments?post=18107"}],"wp:attachment":[{"href":"https:\/\/uj.adatbank.ro\/lexikon\/wp-json\/wp\/v2\/media?parent=18107"}],"wp:term":[{"taxonomy":"product_brand","embeddable":true,"href":"https:\/\/uj.adatbank.ro\/lexikon\/wp-json\/wp\/v2\/product_brand?post=18107"},{"taxonomy":"product_cat","embeddable":true,"href":"https:\/\/uj.adatbank.ro\/lexikon\/wp-json\/wp\/v2\/product_cat?post=18107"},{"taxonomy":"product_tag","embeddable":true,"href":"https:\/\/uj.adatbank.ro\/lexikon\/wp-json\/wp\/v2\/product_tag?post=18107"}],"curies":[{"name":"wp","href":"https:\/\/api.w.org\/{rel}","templated":true}]}}