{"id":1811,"date":"2025-06-28T11:53:57","date_gmt":"2025-06-28T09:53:57","guid":{"rendered":"https:\/\/uj.adatbank.ro\/lexikon\/termek\/baciu-ion-baciu-ioan\/"},"modified":"2025-06-28T11:53:57","modified_gmt":"2025-06-28T09:53:57","slug":"baciu-ion-baciu-ioan","status":"publish","type":"product","link":"https:\/\/uj.adatbank.ro\/lexikon\/termek\/baciu-ion-baciu-ioan\/","title":{"rendered":"BACIU Ion, Baciu Ioan"},"content":{"rendered":"<p>Sz\u00e1szn\u00e1das, 1888. nov. 24., \u2020 ?: tan\u00e1r. \u2013 A l\u00edc.-ot Segesv\u00e1ron, Bp.-en, irod. \u00e9s filoz\u00f3fia szakon v\u00e9gezte az egyetemet (1906\u201310), irod. \u00e9s filoz. doktor\u00e1tust tett (1910. dec. 17). Tan\u00e1rk\u00e9nt Brass\u00f3ban m\u0171k\u00f6d\u00f6tt. Meg\u00edrta az els\u0151 n\u00e9meteknek sz\u00f3l\u00f3 rom\u00e1n nyelvtan k\u00f6nyvet, m\u00e9g publik\u00e1lt egy k\u00f6tetet (1935). \u2013 <strong>F. m.:<\/strong> Manual de limba rom\u00e2n\u0103 pentru germani (??). <br \/><strong>Irod.:<\/strong> MMK; Sigmirean<\/br><\/p>\n","protected":false},"excerpt":{"rendered":"<p>Sz\u00e1szn\u00e1das, 1888. nov. 24., \u2020 ?: tan\u00e1r. \u2013 A l\u00edc.-ot Segesv\u00e1ron, Bp.-en, irod. \u00e9s filoz\u00f3fia szakon v\u00e9gezte az egyetemet (1906\u201310), irod. \u00e9s filoz. doktor\u00e1tust tett (1910. dec. 17). Tan\u00e1rk\u00e9nt Brass\u00f3ban m\u0171k\u00f6d\u00f6tt. Meg\u00edrta az els\u0151 n\u00e9meteknek sz\u00f3l\u00f3 rom\u00e1n nyelvtan k\u00f6nyvet, m\u00e9g publik\u00e1lt egy k\u00f6tetet (1935). \u2013 F. m.: Manual de limba rom\u00e2n\u0103 pentru germani (??). Irod.: [&hellip;]<\/p>\n","protected":false},"featured_media":0,"comment_status":"open","ping_status":"closed","template":"","meta":[],"product_brand":[],"product_cat":[137],"product_tag":[],"class_list":{"0":"post-1811","1":"product","2":"type-product","3":"status-publish","5":"product_cat-maros-megyei-eletrajzi-lexikon","7":"first","8":"instock","9":"shipping-taxable","10":"product-type-simple"},"_links":{"self":[{"href":"https:\/\/uj.adatbank.ro\/lexikon\/wp-json\/wp\/v2\/product\/1811","targetHints":{"allow":["GET"]}}],"collection":[{"href":"https:\/\/uj.adatbank.ro\/lexikon\/wp-json\/wp\/v2\/product"}],"about":[{"href":"https:\/\/uj.adatbank.ro\/lexikon\/wp-json\/wp\/v2\/types\/product"}],"replies":[{"embeddable":true,"href":"https:\/\/uj.adatbank.ro\/lexikon\/wp-json\/wp\/v2\/comments?post=1811"}],"wp:attachment":[{"href":"https:\/\/uj.adatbank.ro\/lexikon\/wp-json\/wp\/v2\/media?parent=1811"}],"wp:term":[{"taxonomy":"product_brand","embeddable":true,"href":"https:\/\/uj.adatbank.ro\/lexikon\/wp-json\/wp\/v2\/product_brand?post=1811"},{"taxonomy":"product_cat","embeddable":true,"href":"https:\/\/uj.adatbank.ro\/lexikon\/wp-json\/wp\/v2\/product_cat?post=1811"},{"taxonomy":"product_tag","embeddable":true,"href":"https:\/\/uj.adatbank.ro\/lexikon\/wp-json\/wp\/v2\/product_tag?post=1811"}],"curies":[{"name":"wp","href":"https:\/\/api.w.org\/{rel}","templated":true}]}}