{"id":18111,"date":"2025-07-16T10:39:46","date_gmt":"2025-07-16T08:39:46","guid":{"rendered":"https:\/\/uj.adatbank.ro\/lexikon\/termek\/peto-mozes\/"},"modified":"2025-07-16T10:39:46","modified_gmt":"2025-07-16T08:39:46","slug":"peto-mozes","status":"publish","type":"product","link":"https:\/\/uj.adatbank.ro\/lexikon\/termek\/peto-mozes\/","title":{"rendered":"PET\u0150 M\u00f3zes"},"content":{"rendered":"<p>? \u2020 ?: tan\u00edt\u00f3, unit. lelk\u00e9sz. \u2013 Kv.-i seg\u00e9dk\u00e1ntor \u00e9s teol\u00f3gus. Szentgeric\u00e9n tan\u00edtott (1866\u201385). K\u00e9s\u0151bb nyom\u00e1ti lelk\u00e9sz lett. <br \/><strong>Irod.:<\/strong> Szentgerice<\/br><\/p>\n","protected":false},"excerpt":{"rendered":"<p>? \u2020 ?: tan\u00edt\u00f3, unit. lelk\u00e9sz. \u2013 Kv.-i seg\u00e9dk\u00e1ntor \u00e9s teol\u00f3gus. Szentgeric\u00e9n tan\u00edtott (1866\u201385). K\u00e9s\u0151bb nyom\u00e1ti lelk\u00e9sz lett. Irod.: Szentgerice<\/p>\n","protected":false},"featured_media":0,"comment_status":"open","ping_status":"closed","template":"","meta":[],"product_brand":[],"product_cat":[137],"product_tag":[],"class_list":{"0":"post-18111","1":"product","2":"type-product","3":"status-publish","5":"product_cat-maros-megyei-eletrajzi-lexikon","7":"first","8":"instock","9":"shipping-taxable","10":"product-type-simple"},"_links":{"self":[{"href":"https:\/\/uj.adatbank.ro\/lexikon\/wp-json\/wp\/v2\/product\/18111","targetHints":{"allow":["GET"]}}],"collection":[{"href":"https:\/\/uj.adatbank.ro\/lexikon\/wp-json\/wp\/v2\/product"}],"about":[{"href":"https:\/\/uj.adatbank.ro\/lexikon\/wp-json\/wp\/v2\/types\/product"}],"replies":[{"embeddable":true,"href":"https:\/\/uj.adatbank.ro\/lexikon\/wp-json\/wp\/v2\/comments?post=18111"}],"wp:attachment":[{"href":"https:\/\/uj.adatbank.ro\/lexikon\/wp-json\/wp\/v2\/media?parent=18111"}],"wp:term":[{"taxonomy":"product_brand","embeddable":true,"href":"https:\/\/uj.adatbank.ro\/lexikon\/wp-json\/wp\/v2\/product_brand?post=18111"},{"taxonomy":"product_cat","embeddable":true,"href":"https:\/\/uj.adatbank.ro\/lexikon\/wp-json\/wp\/v2\/product_cat?post=18111"},{"taxonomy":"product_tag","embeddable":true,"href":"https:\/\/uj.adatbank.ro\/lexikon\/wp-json\/wp\/v2\/product_tag?post=18111"}],"curies":[{"name":"wp","href":"https:\/\/api.w.org\/{rel}","templated":true}]}}