{"id":18112,"date":"2025-07-16T10:39:47","date_gmt":"2025-07-16T08:39:47","guid":{"rendered":"https:\/\/uj.adatbank.ro\/lexikon\/termek\/petofi-sandor\/"},"modified":"2025-07-16T10:39:47","modified_gmt":"2025-07-16T08:39:47","slug":"petofi-sandor","status":"publish","type":"product","link":"https:\/\/uj.adatbank.ro\/lexikon\/termek\/petofi-sandor\/","title":{"rendered":"PET\u0150FI S\u00e1ndor"},"content":{"rendered":"<p>Kisk\u0151r\u00f6s, 1823. jan. 1., \u2020 Feh\u00e9regyh\u00e1za, 1849. j\u00fal. 31. \u00bbAmennyire a l\u00e1t\u00f3hat\u00e1r terjed Feh\u00e9regyh\u00e1za t\u00e1j\u00e1n, az mind Pet\u0151fi s\u00edrja\u00ab (J\u00f3kai M\u00f3r): k\u00f6lt\u0151. \u2013 Pet\u0151fi neve \u00f6r\u00f6kre be\u00edr\u00f3d\u00f3tt Mv. t\u00f6rt\u00e9net\u00e9be. N\u00e9gy alkalommal j\u00e1rt Mv.-en (1849 jan.-j\u00fal.), Kossuth Lajost\u00f3l \u2013 mint a Honv\u00e9delmi Bizottm\u00e1ny eln\u00f6k\u00e9t\u0151l kapott enged\u00e9lyt, hogy a Bem sereg\u00e9ben szolg\u00e1lgasson. Mv.-re \u00e9rkezett (1949. jan. 21.), itt megpihent, majd Nagyszeben fel\u00e9 \u00fatk\u00f6zben csatlakozott Bem sereg\u00e9hez, sz\u00e1zadosi rangban a vez\u00e9rkarhoz osztotta be a t\u00e1bornok \u00e9s fiak\u00e9nt szerette. M\u00e1rc.-ban megbetegedett, szabads\u00e1gra k\u00fcldt\u00e9k, Mv.-en pihent Teleki S\u00e1ndorral p\u00e1r napot (m\u00e1rc. 7\u2013) Itt \u00edrta eml\u00e9kezetes vers\u00e9t: Bizony mondom, hogy gy\u0151z most a magyar (1849. m\u00e1rc. 7.) J\u00falius k\u00f6zep\u00e9n ism\u00e9t Erd\u00e9lybe j\u00f6tt, feles\u00e9ge, J\u00falia \u00e9s fia k\u00f6vett\u00e9k Tord\u00e1ra \u00e9rkeztek (j\u00fal. 20) Pet\u0151fi Mv.-re j\u00f6tt, utols\u00f3 el\u0151tti level\u00e9t innen \u00edrta feles\u00e9g\u00e9nek (1849. j\u00fal. 22.) Tal\u00e1lkozott Bemmel Berecken (j\u00fal. 25) majd \u00fajb\u00f3l Mv.-re j\u00f6tt (j\u00fal 29) itt \u00edrta utols\u00f3 level\u00e9t J\u00fali\u00e1nak (1849. j\u00fal. 29.). A szabads\u00e1gharc gy\u0151zelm\u00e9ben vetett hittel tervezgette elj\u00f6vend\u0151 \u00e9let\u00e9t, amikor arr\u00f3l \u00edrt, hogy Erd\u00e9lyben szeretne letelepedni, ideiglenesen Mv.-re akarta hozni csal\u00e1dj\u00e1t. Pet\u0151fi \u00e9letrajz\u00edr\u00f3i szerint, Mv.-en poszt\u00f3 \u0151rnagyi egyenruh\u00e1t rendelt, amit m\u00e1r soha nem tudott viselni. Egressy G\u00e1borral \u00e9jszak\u00e1zott a G\u00f6r\u00f6g K\u00e1roly \u00e9s neje, Ziegler Vilma h\u00e1z\u00e1ban (1849. j\u00fal. 29). Nem messze volt t\u0151l\u00fck Bem sz\u00e1ll\u00e1sa, a Teleki- h\u00e1zban, ott is t\u00f6bbsz\u00f6r l\u00e1tt\u00e1k \u0151ket. Bem alt\u00e1bornagy megtiltotta Pet\u0151finek, hogy elk\u00eds\u00e9rje Segesv\u00e1rra. M\u00e9gis a hajnali sorakoz\u00f3 ut\u00e1n Bem t\u00e1bornok gyors hadiszeml\u00e9t tartott a Bodor-k\u00fatn\u00e1l \u00e9s innen idultak Segesv\u00e1r fel\u00e9, Pet\u0151fi felk\u00e9reszkedett Gyalokai Jen\u0151 sz\u00e1zados kocsij\u00e1ra \u00e9s elhagyta Mv.-et (1849. j\u00fal. 30.), Sz\u00e9kelykereszt\u00far fel\u00e9, ahol fogadt\u00e1k a Gy\u00e1rf\u00e1s-k\u00fari\u00e1ban sz\u00e1ll\u00e1solt\u00e1k el (a k\u00faria fal\u00e1ra m\u00e1rv\u00e1nyt\u00e1bl\u00e1t helyeztek el; 1928), majd meg\u00e9rkezett Feh\u00e9regyh\u00e1z\u00e1ra. Kort\u00e1rsk\u00e9nt Bolyai J\u00e1nos is megid\u00e9zte Pet\u0151fi tev\u00e9kenys\u00e9g\u00e9t egy k\u00e9zirat\u00e1ban (1848 k.), amiben \u00e9rz\u00e9keltette P. szerep\u00e9t \u00e9s azt a v\u00e9lem\u00e9ny\u00e9t is, hogy a forradalom nem volt alaposan el\u0151k\u00e9sz\u00edtve. Mv. polg\u00e1rai sem feledkeztek meg a nagy k\u00f6lt\u0151r\u0151l. A G\u00f6r\u00f6g h\u00e1z fal\u00e1ra a Jablonszky Vince szobr\u00e1sz-m\u0171farag\u00f3 \u00e1ltal k\u00e9sz\u00edtett m\u00e1rv\u00e1ny eml\u00e9kt\u00e1bl\u00e1t helyeztek el Pet\u0151fi eml\u00e9k\u00e9re (1884. szept. 28.), a k\u00f6vetkez\u0151 verssel: \u201eItt m\u00e9g ember volt, inn\u00e9t indult ki nagy utra, \/ Hogy csillag legyen \u0151. F\u00e9nye \u00f6r\u00f6kre ragyog!.\u201d Az avat\u00f3\u00fcnneps\u00e9gen a MTA, a Kisfaludy T\u00e1rsas\u00e1g, a Ferenc J\u00f3zsef Egyetem \u00e9s m\u00e1s int\u00e9zm\u00e9nyek k\u00e9pvisel\u0151i voltak jelen. L\u00e9n\u00e1rt J\u00f3zsef: Pet\u0151fi eml\u00e9ke c\u00edm\u0171 \u00fcnnepi besz\u00e9d\u00e9t is kinyomtatt\u00e1k. Mv.-en l\u00e9tezik a Pet\u0151fi S\u00e1ndor t\u00e9r (1912\u201320, 1995\u2013), valamint Pet\u0151fi utca (1896, 1900 k., 1912\u20131919\u201320, 1941\u201395, ma Posta u.). Bern\u00e1dy Gy\u00f6rgy mv.-i polg\u00e1rmester kezdem\u00e9nyez\u00e9s\u00e9re Pet\u0151fi-eml\u00e9koszlopot \u00e1ll\u00edtottak Mv.-en (1912. nov.), Kall\u00f3s Ede alkot\u00e1s\u00e1t, melynek bronzplakettj\u00e9n az \u00e1llt, hogy \u00bba k\u00f6lt\u0151 innen, a sz\u00e9kelys\u00e9g f\u0151v\u00e1ros\u00e1b\u00f3l indult el utols\u00f3 \u00fatj\u00e1ra, meghalni a szabads\u00e1g\u00e9rt\u00bb. Ezt az oszlopot megcsonk\u00edtott\u00e1k (1919. m\u00e1j.13), majd led\u00f6nt\u00f6tt\u00e9k. A mv.-i Kult\u00farpalota emeletre vezet\u0151 l\u00e9pcs\u0151h\u00e1z\u00e1ban l\u00e1that\u00f3 Nagy S\u00e1ndor \u00e9s R\u00f3th Miksa P. S.-r\u00f3l k\u00e9sz\u00fclt \u00fcvegfestm\u00e9nye (1913). Pet\u0151fi S\u00e1ndor hal\u00e1l\u00e1nak 150-ik \u00e9vfordul\u00f3ja alkalm\u00e1b\u00f3l a Teleki-h\u00e1z fal\u00e1n \u00fcnnep\u00e9lyes keretek k\u00f6z\u00f6tt leplezt\u00e9k le (1999. j\u00fal. 29-\u00e9n) Pusk\u00e1s Jen\u0151 szobr\u00e1szm\u0171v\u00e9sz Pet\u0151fi-domborm\u0171v\u00e9t, melyet Szokolai Imre M\u00e1rton bp.-i polg\u00e1r aj\u00e1nd\u00e9kozott a v\u00e1rosnak. Mv.-en a Pet\u0151fi-szobor p\u00e1ly\u00e1zat (1999) nyertese Hunyadi L\u00e1szl\u00f3 szobr\u00e1szm\u0171v\u00e9sz lett, alkot\u00e1sa az eg\u00e9sz alakos Pet\u0151fi-bronzszobor a Kossuth \/ C\u0103l\u0103ra\u015filor utc\u00e1ban \u00e1ll (2000. dec. 16.), egy t\u00e9r is \u0151rzi a nev\u00e9t. Segesv\u00e1ron szobrot emeltek tisztelet\u00e9re a v\u00e1rban, a v\u00e1rmegyeh\u00e1z el\u0151tt \u00e1llt K\u00f6ll\u0151 Mikl\u00f3s szobr\u00e1sz alkot\u00e1sa (1897. j\u00fal. 31. leplezt\u00e9k le), az I. vh. alatt (1916) ez Magyaro.-ra, Kiskunf\u00e9legyh\u00e1z\u00e1ra ker\u00fclt \u00e9s ott leplezt\u00e9k le (1922. okt. 29.). Feh\u00e9regyh\u00e1z\u00e1n Pet\u0151fi-eml\u00e9km\u00fazeum m\u0171k\u00f6dik. Haller Lujza grofn\u0151 mec\u00e9n\u00e1s \u00e9p\u00edtette fel a Pet\u0151fi m\u00fazeumot \u00e9s a hozz\u00e1 tartoz\u00f3 m\u00fazeum\u0151ri lak\u00e1st. A csal\u00e1d \u00e1ltal (1864-\u00f3ta) gy\u0171jt\u00f6tt Pet\u0151fire vonatkoz\u00f3 dokumentumokkal, erekly\u00e9kkel, a segesv\u00e1ri csata t\u00e1rgyi eml\u00e9keivel rendezt\u00e9k be a m\u00fazeumot (1898. j\u00fal. 31-\u00e9n nyitott\u00e1k meg).Eml\u00e9k\u00e9nek \u00e1pol\u00e1sa hagyom\u00e1ny Feh\u00e9regyh\u00e1z\u00e1n, az isp\u00e1nk\u00fati eml\u00e9km\u0171vet S\u00fct\u0151 Andr\u00e1s \u00edr\u00f3 \u00e9s mv.-i \u00e9rtelmis\u00e9giek kezdem\u00e9nyez\u00e9s\u00e9re \u00e1ll\u00edtott\u00e1k (1969), a kommunizmus \u00e9veiben az eml\u00e9km\u0171 gondoz\u00e1s\u00e1t elhanyagolt\u00e1k. A fel\u00faj\u00edtott eml\u00e9km\u0171 egyik oldal\u00e1n a mv.-i szobr\u00e1szm\u0171v\u00e9sz Hunyadi L\u00e1szl\u00f3 domborm\u0171ve l\u00e1that\u00f3, amit megrong\u00e1ltak (1990), a m\u00e1sik oldal\u00e1n Gyarmathy J\u00e1nos mv.-i szobr\u00e1szm\u0171v\u00e9sz P. S. \u2013t \u00e1br\u00e1zol\u00f3 bronzplakettj\u00e9t helyezt\u00e9k el (2005. j\u00fal. 31.); az isp\u00e1nk\u00fati eml\u00e9km\u0171 alapk\u00f6ve a mv.-i ref. temet\u0151ben van. Feh\u00e9regyh\u00e1z\u00e1n Pet\u0151fi S\u00e1ndor M\u0171vel\u0151d\u00e9si Egylet alakult (1990. dec. 20.), alap\u00edt\u00f3eln\u00f6k G\u00e1bos Dezs\u0151 feh\u00e9regyh\u00e1zi tan\u00e1r, amely els\u0151sorban Segesv\u00e1r \u00e9s k\u00f6rny\u00e9ke magyars\u00e1g\u00e1nak r\u00e9szv\u00e9tel\u00e9vel a k\u00f6lt\u0151 eml\u00e9k\u00e9nek \u00e1pol\u00e1s\u00e1t tekinti els\u0151dleges feladat\u00e1nak, minden \u00e9v j\u00fal. utols\u00f3 vas\u00e1rnapj\u00e1n \u00e9s Pet\u0151fi elt\u0171n\u00e9se napja k\u00f6rny\u00e9k\u00e9n \u00fcnnepi megeml\u00e9kez\u00e9st tartanak. A Pet\u0151fi-\u00e9letm\u0171 ismeret\u00e9nek \u00e9brentart\u00e1sa \u00e9rdek\u00e9ben \u00e9vente Pet\u0151fi vers- \u00e9s pr\u00f3zamond\u00f3 versenyt rendeznek k\u00f6z\u00e9piskol\u00e1sok sz\u00e1m\u00e1ra; G\u00e1bos Dezs\u0151 szerkeszt\u00e9s\u00e9ben megjelent a Feh\u00e9regyh\u00e1zi eml\u00e9keztet\u0151 c. alkalmi kiadv\u00e1ny (1991\u2013). Kapcsolatot tartanak fenn a Pet\u0151fi eml\u00e9kezete \u00e1pol\u00e1s\u00e1ra alakult hazai \u00e9s hat\u00e1rokon t\u00fali egyes\u00fcletekkel, m\u00fazeumokkal. C\u00e9lkit\u0171z\u00e9seik k\u00f6z\u00e9 tartozik Pet\u0151fi M\u0171vel\u0151d\u00e9si Otthon fel\u00e1ll\u00edt\u00e1sa, valamint a helyi \u00e9s k\u00f6rny\u00e9kbeli Pet\u0151fi-eml\u00e9kek gondoz\u00e1sa. Eml\u00e9k\u00e9nek \u00e1pol\u00e1sa hagyom\u00e1ny Feh\u00e9regyh\u00e1z\u00e1n, a P. S. eml\u00e9km\u0171 (1949) \u201eB\u201d kateg\u00f3ri\u00e1s m\u0171eml\u00e9k (Muzeului \/ M\u00fazeum u. 97.). Feh\u00e9regyh\u00e1z\u00e1n fel\u00e1ll\u00edtott\u00e1k M\u00e1t\u00e9 Istv\u00e1n csongr\u00e1di szobr\u00e1szm\u0171v\u00e9sz Pet\u0151fi-szobr\u00e1t (1999). Nagyb\u00fan-on is van Pet\u0151fi-eml\u00e9km\u0171. Pet\u0151fi- eml\u00e9kkapu \u00e1ll a sz\u00e9kesi ref. templom el\u0151tt, amit Gy\u00f6rgy Antal tan\u00e1r faragott a k\u00f6lt\u0151 eml\u00e9k\u00e9re (1948) \u00e9s Szak\u00e1cs Ferenc \u00faj\u00edtatott fel (1998). Szov\u00e1t\u00e1n Bocskay Vince Pet\u0151fi szobr\u00e1t avatt\u00e1k fel (1992. j\u00fal. 31.). Pet\u0151fi.-plakettet lepleztek le az Andr\u00e1ssy-telep, Pet\u0151fi S\u00e1ndor \u00e1ltal\u00e1nos iskola foly\u00f3s\u00f3j\u00e1nak fal\u00e1n, a sz\u00e1szr\u00e9geni Thieme No\u00e9mi munk\u00e1ja (2004. m\u00e1rc. 15). P.-mellszobrot \u00e1ll\u00edtottak B\u00faz\u00e1sbeseny\u0151ben, Horv\u00e1th Kov\u00e1cs Szil\u00e1rd alkot\u00e1s\u00e1t (2007) \u00e9s Marosszentgy\u00f6rgy\u00f6n, B\u00e1lint K\u00e1roly alkot\u00e1s\u00e1t (2017). \u2013 <strong>F. m.:<\/strong> \u00d6sszes k\u00f6ltem\u00e9nye. Az Erd\u00e9lyi Irodalmi T\u00e1rsas\u00e1g megb\u00edz\u00e1s\u00e1b\u00f3l kiadta Kiss Ern\u0151 dr., az E. I. T. titk\u00e1ra (Dics\u0151szentm\u00e1rton, 1922.). <br \/><strong>Irod.:<\/strong> Bodolai Gy\u00f6ngyv\u00e9r: Egy P.-kutat\u00f3\u00fat eml\u00e9k\u00e9re (N\u00fa. , 2016. m\u00e1rc. 15.); Bo\u00e9r M\u00e1ria: P. S. utols\u00f3 napjai (Kr\u00f3nika, 2009. m\u00e1rc. 20\u201322); Bota, Sorina; B\u00f6l\u00f6ni Domokos: Megalakult a P. S. M\u0171vel\u0151d\u00e9si Egyes\u00fclet (N\u00fa., 1991. \u00e1pr. 9.); B\u00f6l\u00f6ni Domokos: P. nem alkuszik: Sz\u00e1z\u00e9ves a feh\u00e9regyh\u00e1zi turulmadaras eml\u00e9km\u0171 (N\u00fa., 1997. j\u00fal. 9.); B\u00f6z\u00f6di Gy\u00f6rgy: Pet\u0151fi egy napja = \u00c9vek 1100-b\u00f3l; Cseke G\u00e1bor: K\u00e9sei ut\u00f3irat P. S. \u00e9let\u00e9hez \u00e9s hal\u00e1l\u00e1hoz (Sz\u00e9kelyf\u00f6ld, 4. sz., 2018. \u00e1pr.); Csekme; D\u00e1vid Gyula-Mik\u00f3 Imre. Erd\u00e9lyben (Buk., 1972); D\u00e1vid Gyula: A k\u00f6lt\u0151 visszat\u00e9r = D\u00e1vid Gyula 2003; D\u00e9k\u00e1ny K\u00e1roly: Pet\u0151fi k\u00fclf\u00f6ld\u00f6n (Amstelveen, 1984); Dienes Andr\u00e1s:P.a szabads\u00e1gharcban (?); Egyed \u00c1kos: K\u0151v\u00e1ri L\u00e1szl\u00f3 Pet\u0151fi S\u00e1ndorr\u00f3l (Korunk, 2023. okt. , 10 sz.); \u00c9jszaki K\u00e1roly: Hol van Pet\u0151fi? (N\u00fa., 1997. j\u00fal. 23, j\u00fal. 24.); Er\u0151ss Vilmos: P. \u00fatja Mv.-t\u0151l Bereckig \u00e9s vissza (Sz\u00e9kelyf\u00f6ld, 7. sz., 1999. j\u00fal.); F\u00e9ja; Fodor S\u00e1ndor (S.): Pet\u0151fi nyom\u00e1ban (N\u00fa., 2004. j\u00fal. 28.); G\u00e1ll Korn\u00e9lia: Pet\u0151fi S\u00e1ndor mv.-i eml\u00e9kei (N\u00fa., 1000. m\u00e1rc. 14.); Hal\u00e1sz Gyula: P. S. \u00e9lete (Bra\u0219ov-Brass\u00f3, 1935); Hazai utaz\u00f3k Erd\u00e9lyben; Id\u0151t\u00e1r 2; , 3., 5 \/1.; Katona Szab\u00f3; Kedves Gyula- Ratzky Ritaa: Csataterek Pet\u0151fije (Bp., 2009); Kem\u00e9ny Zs.; Ker\u00e9nyi Ferenc: P. 1848\u20131849-es forradalomt\u00f6rt\u00e9nete? (Sz\u00e9kelyf\u00f6ld, 7. sz., 2001. j\u00fal.); Keresztes Gyula: Pet\u0151fi S\u00e1ndor Mv.-en (V. Z., 1979. dec. 23.); Ki is utazhat m\u00e1s ilyen id\u0151ben ? (N\u00fa., 1998. jan. 31.); K\u00f3s: A rom\u00e1n \u00e9s magyar kult\u00fara h\u00e1z\u00e1t \u00e9p\u00edti fel Pet\u0151fi s\u00edrj\u00e1n\u00e1l Feh\u00e9regyh\u00e1za n\u00e9pe (1948) = K\u00f3s; Kukla Kriszti\u00e1n: A kezek munk\u00e1ja: K. K. besz\u00e9lget\u00e9se M\u00e1t\u00e9 Istv\u00e1n szobr\u00e1szm\u0171v\u00e9sszel a feh\u00e9regyh\u00e1zi Pet\u0151fi-szoborr\u00f3l (Sz\u00e9kelyf\u00f6ld, 7. sz., 1999. j\u00fal.); Kuti J\u00e1nos.Felt\u00e1madottPet\u0151fi K\u00e1rp\u00e1torsz\u00e1gi t\u00e9id\u0151r; M\u00e1ln\u00e1si; Maros megye; Marosi P\u00e9ter: F\u00e9nyesebb a l\u00e1ncn\u00e1l a kard: P. harcos \u00f6r\u00f6ks\u00e9ge (Buk., 1949); Marosi P\u00e9ter: M. \u00e9s rom\u00e1n szak\u00e9rt\u0151k tiszt\u00e1zt\u00e1k Pet\u0151fi S\u00e1ndor h\u0151si hal\u00e1l\u00e1nak k\u00f6r\u00fclm\u00e9nyei (Sz\u00e9kely Sz\u00f3, 1948. aug. 5.); M\u00e1th\u00e9 Attila: Feh\u00e9regyh\u00e1za \u2013 a sz\u00e9kely hat\u00e1r\u0151rtelept\u0151l a P.-szoborig (N\u00fa., 1998. aug. 15.); Megeml\u00e9kez\u00e9s a Pet\u0151fi-szoborn\u00e1l (N\u00fa., 2023.jan.3.); MNL; M\u00f3zes Edith: Pet\u0151fi 200 eml\u00e9k\u00e9v: Szeress\u00e9tek egym\u00e1st, a n\u00e9pet, a haz\u00e1t (N\u00fa., 2023.aug.4.); MSZL; Mur\u00e1din; Mure\u015f, jude\u0163; Mv.-Bal\u00e1s; Mv. \u00e9s V\u00e1rtemploma; Mv. t\u00f6rt. 2.; Nagyjaink; Ol\u00e1h Tibor: Tal\u00e1lkoz\u00e1saim \u2013 Vele (N\u00fa., M\u00fazsa, 66. sz., 1992. j\u00fal. 31.); Ol\u00e1h Tibor: P. \u00e9s Eur\u00f3pa (N\u00fa., M\u00fazsa, 206. sz., 1995. j\u00fal. 28.); Ol\u00e1h-G\u00e1l 2013; \u00d6tv\u00f6s J\u00f3zsef: Mv.-i szobrok \u00e9s alkot\u00f3ik: P. S. (\u00daj Kezdet, 6\u20137. sz., 2006. j\u00fan.-j\u00fal.); P. S. utols\u00f3 h\u00e9t napja 1\u20132. (Erd\u00e9lyi Toll, 1\u20132. sz., 2009); Pet\u0151fi eml\u00e9kt\u00e1bla (Sz\u00e9kely Napt\u00e1r, 1885. \u00e9vre); Pet\u0151fi-plakettet lepleztek le az Andr\u00e1ssy-telepen (N\u00fa., 2004. m\u00e1rc. 15.); Pet\u0151fi S\u00e1ndor a Pet\u0151fi Irodalmi M\u00fazeum ki\u00e1ll\u00edt\u00e1sa (Bp., 1974); Pet\u0151fi utols\u00f3 vacsor\u00e1ja=Ol\u00e1h-G.R.:Bolyai \u2013 somm\u00e1zat; R\u00e1duly J\u00e1nos: Bem-dokumentumok Pet\u0151fi t\u00e1sk\u00e1j\u00e1ban (N\u00fa., M\u00fazsa, 895. sz., 2009. aug. 1.); RMIL (3. k); RNL; Rosonczy Ildik\u00f3: A szib\u00e9riai hadifogs\u00e1g \u00e9s Pet\u0151fi (Korunk, 10. sz.2023); Szak\u00e1cs J\u00e1nos: A segesv\u00e1ri Pet\u0151fi-szobor a r\u00e9gi sajt\u00f3ban (Erd\u00e9lyi Napl\u00f3, 15. sz., 2005. \u00e1pr. 12.); Szentgy\u00f6rgyi; Szoboravat\u00e1s Szov\u00e1t\u00e1n (N\u00fa., 1992. aug. 4.); Sz\u0171cs G\u00e1bor: \u201eAhol Pet\u0151fit majd sz\u00fcntelen temett\u00e9k\u201d: A sz\u00e9kelykereszt\u00fari Pet\u0151fi-s\u00edr legend\u00e1ja (Korunk, 12. sz., 2015); Sz\u0171cs G\u00e1bor: P. hal\u00e1la: Feh\u00e9regyh\u00e1za, 1849. j\u00falius 31. (Bp., 2011); Tompa Z. Mih\u00e1ly: Pet\u0151fivel Feh\u00e9regyh\u00e1z\u00e1n 1983-ban (V. Z., 1983. aug. 2.); Turisztikai kalauz; (Kr\u00f3nika, 2005. aug. 1.); Valentiny 1936; Valori mure\u015fene de patrimoniu; Vigh<\/br><\/p>\n","protected":false},"excerpt":{"rendered":"<p>Kisk\u0151r\u00f6s, 1823. jan. 1., \u2020 Feh\u00e9regyh\u00e1za, 1849. j\u00fal. 31. \u00bbAmennyire a l\u00e1t\u00f3hat\u00e1r terjed Feh\u00e9regyh\u00e1za t\u00e1j\u00e1n, az mind Pet\u0151fi s\u00edrja\u00ab (J\u00f3kai M\u00f3r): k\u00f6lt\u0151. \u2013 Pet\u0151fi neve \u00f6r\u00f6kre be\u00edr\u00f3d\u00f3tt Mv. t\u00f6rt\u00e9net\u00e9be. N\u00e9gy alkalommal j\u00e1rt Mv.-en (1849 jan.-j\u00fal.), Kossuth Lajost\u00f3l \u2013 mint a Honv\u00e9delmi Bizottm\u00e1ny eln\u00f6k\u00e9t\u0151l kapott enged\u00e9lyt, hogy a Bem sereg\u00e9ben szolg\u00e1lgasson. Mv.-re \u00e9rkezett (1949. jan. 21.), [&hellip;]<\/p>\n","protected":false},"featured_media":0,"comment_status":"open","ping_status":"closed","template":"","meta":[],"product_brand":[],"product_cat":[137],"product_tag":[],"class_list":{"0":"post-18112","1":"product","2":"type-product","3":"status-publish","5":"product_cat-maros-megyei-eletrajzi-lexikon","7":"first","8":"instock","9":"shipping-taxable","10":"product-type-simple"},"_links":{"self":[{"href":"https:\/\/uj.adatbank.ro\/lexikon\/wp-json\/wp\/v2\/product\/18112","targetHints":{"allow":["GET"]}}],"collection":[{"href":"https:\/\/uj.adatbank.ro\/lexikon\/wp-json\/wp\/v2\/product"}],"about":[{"href":"https:\/\/uj.adatbank.ro\/lexikon\/wp-json\/wp\/v2\/types\/product"}],"replies":[{"embeddable":true,"href":"https:\/\/uj.adatbank.ro\/lexikon\/wp-json\/wp\/v2\/comments?post=18112"}],"wp:attachment":[{"href":"https:\/\/uj.adatbank.ro\/lexikon\/wp-json\/wp\/v2\/media?parent=18112"}],"wp:term":[{"taxonomy":"product_brand","embeddable":true,"href":"https:\/\/uj.adatbank.ro\/lexikon\/wp-json\/wp\/v2\/product_brand?post=18112"},{"taxonomy":"product_cat","embeddable":true,"href":"https:\/\/uj.adatbank.ro\/lexikon\/wp-json\/wp\/v2\/product_cat?post=18112"},{"taxonomy":"product_tag","embeddable":true,"href":"https:\/\/uj.adatbank.ro\/lexikon\/wp-json\/wp\/v2\/product_tag?post=18112"}],"curies":[{"name":"wp","href":"https:\/\/api.w.org\/{rel}","templated":true}]}}