{"id":18113,"date":"2025-07-16T10:39:49","date_gmt":"2025-07-16T08:39:49","guid":{"rendered":"https:\/\/uj.adatbank.ro\/lexikon\/termek\/petra-avram\/"},"modified":"2025-07-16T10:39:49","modified_gmt":"2025-07-16T08:39:49","slug":"petra-avram","status":"publish","type":"product","link":"https:\/\/uj.adatbank.ro\/lexikon\/termek\/petra-avram\/","title":{"rendered":"PETRA Avram"},"content":{"rendered":"<p>Lib\u00e1nfalva, 1874. m\u00e1j. 24., \u2020\u00a0?: gy\u00f3gyszer\u00e9sz. \u2013 Buk.-ben szerzett gy\u00f3gyszer\u00e9sz diplom\u00e1t, ott is dolgozott a Speran\u0163a gy\u00f3gyszert\u00e1rban. <br \/><strong>Irod.:<\/strong> MMK<\/br><\/p>\n","protected":false},"excerpt":{"rendered":"<p>Lib\u00e1nfalva, 1874. m\u00e1j. 24., \u2020\u00a0?: gy\u00f3gyszer\u00e9sz. \u2013 Buk.-ben szerzett gy\u00f3gyszer\u00e9sz diplom\u00e1t, ott is dolgozott a Speran\u0163a gy\u00f3gyszert\u00e1rban. Irod.: MMK<\/p>\n","protected":false},"featured_media":0,"comment_status":"open","ping_status":"closed","template":"","meta":[],"product_brand":[],"product_cat":[137],"product_tag":[],"class_list":{"0":"post-18113","1":"product","2":"type-product","3":"status-publish","5":"product_cat-maros-megyei-eletrajzi-lexikon","7":"first","8":"instock","9":"shipping-taxable","10":"product-type-simple"},"_links":{"self":[{"href":"https:\/\/uj.adatbank.ro\/lexikon\/wp-json\/wp\/v2\/product\/18113","targetHints":{"allow":["GET"]}}],"collection":[{"href":"https:\/\/uj.adatbank.ro\/lexikon\/wp-json\/wp\/v2\/product"}],"about":[{"href":"https:\/\/uj.adatbank.ro\/lexikon\/wp-json\/wp\/v2\/types\/product"}],"replies":[{"embeddable":true,"href":"https:\/\/uj.adatbank.ro\/lexikon\/wp-json\/wp\/v2\/comments?post=18113"}],"wp:attachment":[{"href":"https:\/\/uj.adatbank.ro\/lexikon\/wp-json\/wp\/v2\/media?parent=18113"}],"wp:term":[{"taxonomy":"product_brand","embeddable":true,"href":"https:\/\/uj.adatbank.ro\/lexikon\/wp-json\/wp\/v2\/product_brand?post=18113"},{"taxonomy":"product_cat","embeddable":true,"href":"https:\/\/uj.adatbank.ro\/lexikon\/wp-json\/wp\/v2\/product_cat?post=18113"},{"taxonomy":"product_tag","embeddable":true,"href":"https:\/\/uj.adatbank.ro\/lexikon\/wp-json\/wp\/v2\/product_tag?post=18113"}],"curies":[{"name":"wp","href":"https:\/\/api.w.org\/{rel}","templated":true}]}}