{"id":18114,"date":"2025-07-16T10:39:51","date_gmt":"2025-07-16T08:39:51","guid":{"rendered":"https:\/\/uj.adatbank.ro\/lexikon\/termek\/petra-ioan-petra-bohota-ioan\/"},"modified":"2025-07-16T10:39:51","modified_gmt":"2025-07-16T08:39:51","slug":"petra-ioan-petra-bohota-ioan","status":"publish","type":"product","link":"https:\/\/uj.adatbank.ro\/lexikon\/termek\/petra-ioan-petra-bohota-ioan\/","title":{"rendered":"PETRA, Ioan, Petra Bohota, Ioan"},"content":{"rendered":"<p>? \u2020\u00a0?: ort. pap. \u2013 Lib\u00e1nfalv\u00e1n szolg\u00e1lt, templom\u00e9p\u00edt\u0151. A neog\u00f3tikus, h\u00e1romkupol\u00e1s templom terveit Wagner Guszt\u00e1v m\u00e9rn\u00f6k k\u00e9sz\u00edtette, \u00e9p\u00edt\u0151mestere Ferenczy Istv\u00e1n \u00e9s Salati J\u00e1nos, mindannyian r\u00e9geniek voltak, felszentelte Nicolae Ivan, Kv. p\u00fcsp\u00f6ke (1898 \u2013 1924). <br \/><strong>Irod.:<\/strong> Reghin, Protopopiat<\/br><\/p>\n","protected":false},"excerpt":{"rendered":"<p>? \u2020\u00a0?: ort. pap. \u2013 Lib\u00e1nfalv\u00e1n szolg\u00e1lt, templom\u00e9p\u00edt\u0151. A neog\u00f3tikus, h\u00e1romkupol\u00e1s templom terveit Wagner Guszt\u00e1v m\u00e9rn\u00f6k k\u00e9sz\u00edtette, \u00e9p\u00edt\u0151mestere Ferenczy Istv\u00e1n \u00e9s Salati J\u00e1nos, mindannyian r\u00e9geniek voltak, felszentelte Nicolae Ivan, Kv. p\u00fcsp\u00f6ke (1898 \u2013 1924). Irod.: Reghin, Protopopiat<\/p>\n","protected":false},"featured_media":0,"comment_status":"open","ping_status":"closed","template":"","meta":[],"product_brand":[],"product_cat":[137],"product_tag":[],"class_list":{"0":"post-18114","1":"product","2":"type-product","3":"status-publish","5":"product_cat-maros-megyei-eletrajzi-lexikon","7":"first","8":"instock","9":"shipping-taxable","10":"product-type-simple"},"_links":{"self":[{"href":"https:\/\/uj.adatbank.ro\/lexikon\/wp-json\/wp\/v2\/product\/18114","targetHints":{"allow":["GET"]}}],"collection":[{"href":"https:\/\/uj.adatbank.ro\/lexikon\/wp-json\/wp\/v2\/product"}],"about":[{"href":"https:\/\/uj.adatbank.ro\/lexikon\/wp-json\/wp\/v2\/types\/product"}],"replies":[{"embeddable":true,"href":"https:\/\/uj.adatbank.ro\/lexikon\/wp-json\/wp\/v2\/comments?post=18114"}],"wp:attachment":[{"href":"https:\/\/uj.adatbank.ro\/lexikon\/wp-json\/wp\/v2\/media?parent=18114"}],"wp:term":[{"taxonomy":"product_brand","embeddable":true,"href":"https:\/\/uj.adatbank.ro\/lexikon\/wp-json\/wp\/v2\/product_brand?post=18114"},{"taxonomy":"product_cat","embeddable":true,"href":"https:\/\/uj.adatbank.ro\/lexikon\/wp-json\/wp\/v2\/product_cat?post=18114"},{"taxonomy":"product_tag","embeddable":true,"href":"https:\/\/uj.adatbank.ro\/lexikon\/wp-json\/wp\/v2\/product_tag?post=18114"}],"curies":[{"name":"wp","href":"https:\/\/api.w.org\/{rel}","templated":true}]}}