{"id":18117,"date":"2025-07-16T10:39:55","date_gmt":"2025-07-16T08:39:55","guid":{"rendered":"https:\/\/uj.adatbank.ro\/lexikon\/termek\/petra-vazul\/"},"modified":"2025-07-16T10:39:55","modified_gmt":"2025-07-16T08:39:55","slug":"petra-vazul","status":"publish","type":"product","link":"https:\/\/uj.adatbank.ro\/lexikon\/termek\/petra-vazul\/","title":{"rendered":"PETRA Vazul"},"content":{"rendered":"<p>Segesv\u00e1r, 1880. nov. 11., \u2020\u00a0? : gy\u00f3gyszer\u00e9sz. \u2013 A Kv.-i FJTE gy\u00f3gyszer\u00e9sz kar\u00e1nak hallgat\u00f3ja (1904\u201306). <br \/><strong>Irod.:<\/strong> Sigmirean<\/br><\/p>\n","protected":false},"excerpt":{"rendered":"<p>Segesv\u00e1r, 1880. nov. 11., \u2020\u00a0? : gy\u00f3gyszer\u00e9sz. \u2013 A Kv.-i FJTE gy\u00f3gyszer\u00e9sz kar\u00e1nak hallgat\u00f3ja (1904\u201306). Irod.: Sigmirean<\/p>\n","protected":false},"featured_media":0,"comment_status":"open","ping_status":"closed","template":"","meta":[],"product_brand":[],"product_cat":[137],"product_tag":[],"class_list":{"0":"post-18117","1":"product","2":"type-product","3":"status-publish","5":"product_cat-maros-megyei-eletrajzi-lexikon","7":"first","8":"instock","9":"shipping-taxable","10":"product-type-simple"},"_links":{"self":[{"href":"https:\/\/uj.adatbank.ro\/lexikon\/wp-json\/wp\/v2\/product\/18117","targetHints":{"allow":["GET"]}}],"collection":[{"href":"https:\/\/uj.adatbank.ro\/lexikon\/wp-json\/wp\/v2\/product"}],"about":[{"href":"https:\/\/uj.adatbank.ro\/lexikon\/wp-json\/wp\/v2\/types\/product"}],"replies":[{"embeddable":true,"href":"https:\/\/uj.adatbank.ro\/lexikon\/wp-json\/wp\/v2\/comments?post=18117"}],"wp:attachment":[{"href":"https:\/\/uj.adatbank.ro\/lexikon\/wp-json\/wp\/v2\/media?parent=18117"}],"wp:term":[{"taxonomy":"product_brand","embeddable":true,"href":"https:\/\/uj.adatbank.ro\/lexikon\/wp-json\/wp\/v2\/product_brand?post=18117"},{"taxonomy":"product_cat","embeddable":true,"href":"https:\/\/uj.adatbank.ro\/lexikon\/wp-json\/wp\/v2\/product_cat?post=18117"},{"taxonomy":"product_tag","embeddable":true,"href":"https:\/\/uj.adatbank.ro\/lexikon\/wp-json\/wp\/v2\/product_tag?post=18117"}],"curies":[{"name":"wp","href":"https:\/\/api.w.org\/{rel}","templated":true}]}}