{"id":18119,"date":"2025-07-16T10:39:59","date_gmt":"2025-07-16T08:39:59","guid":{"rendered":"https:\/\/uj.adatbank.ro\/lexikon\/termek\/petranker-viktorne\/"},"modified":"2025-07-16T10:39:59","modified_gmt":"2025-07-16T08:39:59","slug":"petranker-viktorne","status":"publish","type":"product","link":"https:\/\/uj.adatbank.ro\/lexikon\/termek\/petranker-viktorne\/","title":{"rendered":"PETR\u00c1NKER Viktorn\u00e9"},"content":{"rendered":"<p>Lib\u00e1nfalva, ? \u2020\u00a0?: keresked\u0151. \u2013 F\u00e9rjhezment P. Viktorhoz (1933), aki tanult keresked\u0151 volt. \u00dczlet\u00fcket k\u00f6z\u00f6sen vezett\u00e9k Mv.-en.. <br \/><strong>Irod.:<\/strong> Sz\u00e9kelyf\u00f6ld \u00ed.k.<\/br><\/p>\n","protected":false},"excerpt":{"rendered":"<p>Lib\u00e1nfalva, ? \u2020\u00a0?: keresked\u0151. \u2013 F\u00e9rjhezment P. Viktorhoz (1933), aki tanult keresked\u0151 volt. \u00dczlet\u00fcket k\u00f6z\u00f6sen vezett\u00e9k Mv.-en.. Irod.: Sz\u00e9kelyf\u00f6ld \u00ed.k.<\/p>\n","protected":false},"featured_media":0,"comment_status":"open","ping_status":"closed","template":"","meta":[],"product_brand":[],"product_cat":[137],"product_tag":[],"class_list":{"0":"post-18119","1":"product","2":"type-product","3":"status-publish","5":"product_cat-maros-megyei-eletrajzi-lexikon","7":"first","8":"instock","9":"shipping-taxable","10":"product-type-simple"},"_links":{"self":[{"href":"https:\/\/uj.adatbank.ro\/lexikon\/wp-json\/wp\/v2\/product\/18119","targetHints":{"allow":["GET"]}}],"collection":[{"href":"https:\/\/uj.adatbank.ro\/lexikon\/wp-json\/wp\/v2\/product"}],"about":[{"href":"https:\/\/uj.adatbank.ro\/lexikon\/wp-json\/wp\/v2\/types\/product"}],"replies":[{"embeddable":true,"href":"https:\/\/uj.adatbank.ro\/lexikon\/wp-json\/wp\/v2\/comments?post=18119"}],"wp:attachment":[{"href":"https:\/\/uj.adatbank.ro\/lexikon\/wp-json\/wp\/v2\/media?parent=18119"}],"wp:term":[{"taxonomy":"product_brand","embeddable":true,"href":"https:\/\/uj.adatbank.ro\/lexikon\/wp-json\/wp\/v2\/product_brand?post=18119"},{"taxonomy":"product_cat","embeddable":true,"href":"https:\/\/uj.adatbank.ro\/lexikon\/wp-json\/wp\/v2\/product_cat?post=18119"},{"taxonomy":"product_tag","embeddable":true,"href":"https:\/\/uj.adatbank.ro\/lexikon\/wp-json\/wp\/v2\/product_tag?post=18119"}],"curies":[{"name":"wp","href":"https:\/\/api.w.org\/{rel}","templated":true}]}}