{"id":18120,"date":"2025-07-16T10:40:04","date_gmt":"2025-07-16T08:40:04","guid":{"rendered":"https:\/\/uj.adatbank.ro\/lexikon\/termek\/petra-petrescu-nicolae-%c2%a7-alneve-mosu\/"},"modified":"2025-07-16T10:40:04","modified_gmt":"2025-07-16T08:40:04","slug":"petra-petrescu-nicolae-%c2%a7-alneve-mosu","status":"publish","type":"product","link":"https:\/\/uj.adatbank.ro\/lexikon\/termek\/petra-petrescu-nicolae-%c2%a7-alneve-mosu\/","title":{"rendered":"PETRA-PETRESCU, Nicolae, \u00a7 \u00e1lneve: Mo\u015fu"},"content":{"rendered":"<p>Lib\u00e1nfalva, 1848. nov. 7. \u2020\u00a0Szeben, 1923. j\u00fan. 25.: k\u00f6zgazd\u00e1sz, bankhivatalnok, n\u00e9prajzos, m\u0171ford\u00edt\u00f3, \u00fajs\u00e1g\u00edr\u00f3. \u2013 Tanulm\u00e1nyait sz\u00fcl\u0151faluj\u00e1ban, Sz\u00e1szr\u00e9genben, Beszterc\u00e9n a sz\u00e1sz gimn\u00e1ziumban, Bal\u00e1zsfalv\u00e1n a l\u00edc.-ban \u00e9s Szebenben teol\u00f3gi\u00e1n \u00e9s jogon v\u00e9gezte (1869\u201372). Szebenben az Albina Bankban dolgozott (1872\u2013), \u00e9s az ASTRA K\u00f6zponti K\u00f6nyvt\u00e1r\u00e1nak lev\u00e9lt\u00e1rosa \u00e9s k\u00f6nyvt\u00e1rosa (1877\u20131882); titk\u00e1ra lett a brass\u00f3i Albina Banknak, ahol hal\u00e1l\u00e1ig dolgozott (1882\u20131923). H\u00f3f\u00f6ld\u00f6n a Cordiana igazgat\u00f3ja volt, ilyen t\u00e9m\u00e1j\u00fa szaktanulm\u00e1nyokat \u00edrt, ford\u00edtott a n\u00e9met, orosz \u00e9s keleti irodalomb\u00f3l. Brass\u00f3ban az ortodox k\u00f6zponti iskol\u00e1k el\u0151lj\u00e1r\u00f3s\u00e1g\u00e1nak (1891\u201396) \u00e9s a m. alap\u00edtv\u00e1nyok igazgat\u00f3 bizotts\u00e1g\u00e1nak (1894\u201396) tagja. Az Astra gazdas\u00e1gi oszt\u00e1ly\u00e1nak levelez\u0151 tagja (nyugd\u00edjaz\u00e1s\u00e1t\u00f3l, 1902\u2013), rendes tagja (1921\u2013). \u00c9lete utols\u00f3 \u00e9veit Szebenben t\u00f6lt\u00f6tte, kiadta a Monografia Albinei c. dokumentum\u00e9rt\u00e9k\u0171 tanulm\u00e1ny\u00e1t, valamint t\u00f6bb gazdas\u00e1gi, p\u00e9nz\u00fcgyi tanulm\u00e1nyt k\u00f6z\u00f6lt a Transilvania c. lapban. Szerkeszt\u0151je az Amicul poporului napt\u00e1rnak, valamint a Muza c. foly\u00f3iratnak (1871). Publicisztikai munk\u00e1ss\u00e1ga t\u00f6bb mint \u00f6tven \u00e9vet \u00f6lelt fel, munkat\u00e1rsa volt a k\u00f6vetkez\u0151 lapoknak: Albina, Familia, Gazeta Transilvaniei, Observatorul, Telegraful rom\u00e2n, Transilvania, Amicul tinerimei, \u015ecoala rom\u00e2n\u0103, Rom\u00e2nul, Meseria\u015ful rom\u00e2n, R\u00e2ndunica, \u0162ara noastr\u0103, Noua bibliotec\u0103 rom\u00e2n\u0103, Amicul copiilor, Amicul familiei, Economul, Revista ilustrat\u0103, Albina Carpa\u0163ilor, Poporul rom\u00e2n. N\u00e9pk\u00f6lt\u00e9szeti gy\u0171jt\u00e9seiben f\u0151leg sz\u00fcl\u0151faluja \u00e9s G\u00f6rg\u00e9ny v\u00f6lgye k\u00f6rny\u00e9k\u00e9nek n\u00e9pi kincsei \u00e9rdekelt\u00e9k \u00e9s k\u00f6z\u00f6lt ezekb\u0151l foly\u00f3iratokban, a Familia-ban (1870). Megszerkesztette a szebeni ASTRA K\u00f6nyvt\u00e1r bet\u0171rendes katal\u00f3gus\u00e1t (1882). \u2013 <strong>F. m.:<\/strong> Satulu cu comorile (Brass\u00f3, 1888); Constantin Popasu: necrolog (Bra\u015fov, 1890); Monografia institutului de credit \u015fi de economii Albina. 1872\u20131897 (Sibiu, 1897); Ilie Marin: istorioar\u0103 pentru tinerime (Buc., 1905); Povestiri (Sibiu, 1912); Societ\u0103\u0163i financiare la rom\u00e2nii din Ungaria (rom\u00e1n \u00e9s orosz nyelven, Chi\u015fin\u0103u, 1918); De bra\u0163 cu mo\u015ful \u00een pove\u015fti: Pove\u015fti \u015fi fabule (Sibiu, 1924) antol\u00f3.: Almanahul scriitorilor de la noi (Or\u0103\u015ftie, 1911); <strong>ford.:<\/strong> Grube A. W.: Biografii romane (Sibiiu, 1876; 1931\u20131932); Horn, Carol: \u00cen mun\u0163i: scen\u0103 dramatic\u0103 (Sabiiu, 1879); Schiller: Nepotul ca unchiu: Comedia \u00een trei acte (Sibiu, 1880); Satul cu comorile (Bra\u015fov, 1887; 1888); Povestiri alese (Bra\u015fov, 1892); Carnetul ro\u015fu: o interesant\u0103 istorioar\u0103 nihilist\u0103: novel\u0103 (Bra\u015fov, 1901); Gelo\u015fii: comedie \u00eentr-un act (Bra\u015fov, 1905); Pomul de Cr\u0103ciun: icoan\u0103 familiar\u0103 \u00eentr-un act (Bra\u015fov, 1906); Din putere proprie: Exemple de g\u00e2ndire nobil\u0103, de putere de munc\u0103 \u015fi ajutoare proprie pentru tinerime \u015fi popor (Sibiu, 1909); Fabule dup\u0103 diferi\u0163i autori (Sibiiu, 1922); Istorioare orientale dup\u0103 diferi\u0163i autori (Sibiiu, 1923); Cei \u015fapte regi romani \u015fi \u00eenceputul Republicii (1931); Timpul de eroism \u015fi decaden\u0163a Republicii Romane (1932); <strong>szerk.:<\/strong> Anuaru financiar \u015fi economic pe 1898 (Nagyszeben, 1898). <br \/><strong>Irod.:<\/strong>Cosma; Datcu; Dic\u0163ionarul lit. rom. de la origini p\u00een\u0103 la 1900; DGLR; DSR; Netea, V.: Figuri mure\u015fene (Tg., M., 1933); Netea: Mure\u015ful superior (Tg.M., 2006); Predescu; Profiluri mure\u015fene. 1.; Sz\u00e1szr\u00e9gen \u00e9s vid\u00e9ke; Szinnyei; Todea\u2013F\u00fcl\u00f6p\u2013Avram<\/br><\/p>\n","protected":false},"excerpt":{"rendered":"<p>Lib\u00e1nfalva, 1848. nov. 7. \u2020\u00a0Szeben, 1923. j\u00fan. 25.: k\u00f6zgazd\u00e1sz, bankhivatalnok, n\u00e9prajzos, m\u0171ford\u00edt\u00f3, \u00fajs\u00e1g\u00edr\u00f3. \u2013 Tanulm\u00e1nyait sz\u00fcl\u0151faluj\u00e1ban, Sz\u00e1szr\u00e9genben, Beszterc\u00e9n a sz\u00e1sz gimn\u00e1ziumban, Bal\u00e1zsfalv\u00e1n a l\u00edc.-ban \u00e9s Szebenben teol\u00f3gi\u00e1n \u00e9s jogon v\u00e9gezte (1869\u201372). Szebenben az Albina Bankban dolgozott (1872\u2013), \u00e9s az ASTRA K\u00f6zponti K\u00f6nyvt\u00e1r\u00e1nak lev\u00e9lt\u00e1rosa \u00e9s k\u00f6nyvt\u00e1rosa (1877\u20131882); titk\u00e1ra lett a brass\u00f3i Albina Banknak, ahol hal\u00e1l\u00e1ig dolgozott [&hellip;]<\/p>\n","protected":false},"featured_media":0,"comment_status":"open","ping_status":"closed","template":"","meta":[],"product_brand":[],"product_cat":[137],"product_tag":[],"class_list":{"0":"post-18120","1":"product","2":"type-product","3":"status-publish","5":"product_cat-maros-megyei-eletrajzi-lexikon","7":"first","8":"instock","9":"shipping-taxable","10":"product-type-simple"},"_links":{"self":[{"href":"https:\/\/uj.adatbank.ro\/lexikon\/wp-json\/wp\/v2\/product\/18120","targetHints":{"allow":["GET"]}}],"collection":[{"href":"https:\/\/uj.adatbank.ro\/lexikon\/wp-json\/wp\/v2\/product"}],"about":[{"href":"https:\/\/uj.adatbank.ro\/lexikon\/wp-json\/wp\/v2\/types\/product"}],"replies":[{"embeddable":true,"href":"https:\/\/uj.adatbank.ro\/lexikon\/wp-json\/wp\/v2\/comments?post=18120"}],"wp:attachment":[{"href":"https:\/\/uj.adatbank.ro\/lexikon\/wp-json\/wp\/v2\/media?parent=18120"}],"wp:term":[{"taxonomy":"product_brand","embeddable":true,"href":"https:\/\/uj.adatbank.ro\/lexikon\/wp-json\/wp\/v2\/product_brand?post=18120"},{"taxonomy":"product_cat","embeddable":true,"href":"https:\/\/uj.adatbank.ro\/lexikon\/wp-json\/wp\/v2\/product_cat?post=18120"},{"taxonomy":"product_tag","embeddable":true,"href":"https:\/\/uj.adatbank.ro\/lexikon\/wp-json\/wp\/v2\/product_tag?post=18120"}],"curies":[{"name":"wp","href":"https:\/\/api.w.org\/{rel}","templated":true}]}}