{"id":18121,"date":"2025-07-16T10:40:07","date_gmt":"2025-07-16T08:40:07","guid":{"rendered":"https:\/\/uj.adatbank.ro\/lexikon\/termek\/petras-lebicsei\/"},"modified":"2025-07-16T10:40:07","modified_gmt":"2025-07-16T08:40:07","slug":"petras-lebicsei","status":"publish","type":"product","link":"https:\/\/uj.adatbank.ro\/lexikon\/termek\/petras-lebicsei\/","title":{"rendered":"PETR\u00c1S, lebicsei"},"content":{"rendered":"<p>A csal\u00e1d t\u00f6bb tagja: P. Tam\u00e1s, Jakab, Gy\u00f6rgy stb. c\u00edmeres nemeslevelet nyert Apaffi Mih\u00e1lyt\u00f3l (1680. m\u00e1j. 28.). <br \/><strong>Irod.:<\/strong> P\u00e1lmay<\/br><\/p>\n","protected":false},"excerpt":{"rendered":"<p>A csal\u00e1d t\u00f6bb tagja: P. Tam\u00e1s, Jakab, Gy\u00f6rgy stb. c\u00edmeres nemeslevelet nyert Apaffi Mih\u00e1lyt\u00f3l (1680. m\u00e1j. 28.). Irod.: P\u00e1lmay<\/p>\n","protected":false},"featured_media":0,"comment_status":"open","ping_status":"closed","template":"","meta":[],"product_brand":[],"product_cat":[137],"product_tag":[],"class_list":{"0":"post-18121","1":"product","2":"type-product","3":"status-publish","5":"product_cat-maros-megyei-eletrajzi-lexikon","7":"first","8":"instock","9":"shipping-taxable","10":"product-type-simple"},"_links":{"self":[{"href":"https:\/\/uj.adatbank.ro\/lexikon\/wp-json\/wp\/v2\/product\/18121","targetHints":{"allow":["GET"]}}],"collection":[{"href":"https:\/\/uj.adatbank.ro\/lexikon\/wp-json\/wp\/v2\/product"}],"about":[{"href":"https:\/\/uj.adatbank.ro\/lexikon\/wp-json\/wp\/v2\/types\/product"}],"replies":[{"embeddable":true,"href":"https:\/\/uj.adatbank.ro\/lexikon\/wp-json\/wp\/v2\/comments?post=18121"}],"wp:attachment":[{"href":"https:\/\/uj.adatbank.ro\/lexikon\/wp-json\/wp\/v2\/media?parent=18121"}],"wp:term":[{"taxonomy":"product_brand","embeddable":true,"href":"https:\/\/uj.adatbank.ro\/lexikon\/wp-json\/wp\/v2\/product_brand?post=18121"},{"taxonomy":"product_cat","embeddable":true,"href":"https:\/\/uj.adatbank.ro\/lexikon\/wp-json\/wp\/v2\/product_cat?post=18121"},{"taxonomy":"product_tag","embeddable":true,"href":"https:\/\/uj.adatbank.ro\/lexikon\/wp-json\/wp\/v2\/product_tag?post=18121"}],"curies":[{"name":"wp","href":"https:\/\/api.w.org\/{rel}","templated":true}]}}