{"id":18124,"date":"2025-07-16T10:40:15","date_gmt":"2025-07-16T08:40:15","guid":{"rendered":"https:\/\/uj.adatbank.ro\/lexikon\/termek\/petras-ionel-%c2%a7\/"},"modified":"2025-07-16T10:40:15","modified_gmt":"2025-07-16T08:40:15","slug":"petras-ionel-%c2%a7","status":"publish","type":"product","link":"https:\/\/uj.adatbank.ro\/lexikon\/termek\/petras-ionel-%c2%a7\/","title":{"rendered":"PETRA\u015e, Ionel, \u00a7"},"content":{"rendered":"<p>Magyarb\u00e9nye, 1924. nov. 7., \u2020 Mv., 1988.: tan\u00edt\u00f3, tan\u00e1r. \u2013 Elemi \u00e9s gimn\u00e1ziumot a sz\u00fcl\u0151faluj\u00e1ban v\u00e9gzett (1945). Helyettes tan\u00edt\u00f3k\u00e9nt tan\u00edtott: Sz\u00e9kelyuralyban (Maros, 1945\u201349), Mez\u0151kapuson (1949\u201350), Kisiklandon, Kozm\u00e1n (1950\u201352), Mez\u0151banyic\u00e1n (1952\u201356), Marosag\u00e1rdon, ahol \u00faj kult\u00farotthont \u00e9p\u00edttetett (1956\u201371). V\u00e9gleges\u00edt\u0151 vizsg\u00e1t (1963), II. fokozati vizsg\u00e1t tett (1968), majd mag\u00e1n\u00faton Kv.-on a BBTE T\u00f6rt\u00e9nelem Szak\u00e1n tan\u00e1ri okl.-t szerzett (1975). Tan\u00e1rk\u00e9nt dolgozott: Marosag\u00e1rdon (1956\u201371; ahol iskola igazgat\u00f3 is (1975\u201378), Mv.-en a 7-es sz. \u00c1lt. Iskol\u00e1ban (1971\u201372), a 17-es sz \u00c1lt. Iskol\u00e1ban (1979\u201388), a 4-es sz. Lic.-ban (1971\u201372), a Bolyai Farkas (1973\u201375), a Gazd. L\u00edc.-ban (1978\u201379). \u00cenv\u0103\u0163\u0103tor frunta\u015f kit\u00fcntet\u00e9sben r\u00e9szes\u00fclt. <br \/><strong>Irod.:<\/strong> Dasc\u0103li mure\u015feni, 5.<\/br><\/p>\n","protected":false},"excerpt":{"rendered":"<p>Magyarb\u00e9nye, 1924. nov. 7., \u2020 Mv., 1988.: tan\u00edt\u00f3, tan\u00e1r. \u2013 Elemi \u00e9s gimn\u00e1ziumot a sz\u00fcl\u0151faluj\u00e1ban v\u00e9gzett (1945). Helyettes tan\u00edt\u00f3k\u00e9nt tan\u00edtott: Sz\u00e9kelyuralyban (Maros, 1945\u201349), Mez\u0151kapuson (1949\u201350), Kisiklandon, Kozm\u00e1n (1950\u201352), Mez\u0151banyic\u00e1n (1952\u201356), Marosag\u00e1rdon, ahol \u00faj kult\u00farotthont \u00e9p\u00edttetett (1956\u201371). V\u00e9gleges\u00edt\u0151 vizsg\u00e1t (1963), II. fokozati vizsg\u00e1t tett (1968), majd mag\u00e1n\u00faton Kv.-on a BBTE T\u00f6rt\u00e9nelem Szak\u00e1n tan\u00e1ri okl.-t szerzett (1975). [&hellip;]<\/p>\n","protected":false},"featured_media":0,"comment_status":"open","ping_status":"closed","template":"","meta":[],"product_brand":[],"product_cat":[137],"product_tag":[],"class_list":{"0":"post-18124","1":"product","2":"type-product","3":"status-publish","5":"product_cat-maros-megyei-eletrajzi-lexikon","7":"first","8":"instock","9":"shipping-taxable","10":"product-type-simple"},"_links":{"self":[{"href":"https:\/\/uj.adatbank.ro\/lexikon\/wp-json\/wp\/v2\/product\/18124","targetHints":{"allow":["GET"]}}],"collection":[{"href":"https:\/\/uj.adatbank.ro\/lexikon\/wp-json\/wp\/v2\/product"}],"about":[{"href":"https:\/\/uj.adatbank.ro\/lexikon\/wp-json\/wp\/v2\/types\/product"}],"replies":[{"embeddable":true,"href":"https:\/\/uj.adatbank.ro\/lexikon\/wp-json\/wp\/v2\/comments?post=18124"}],"wp:attachment":[{"href":"https:\/\/uj.adatbank.ro\/lexikon\/wp-json\/wp\/v2\/media?parent=18124"}],"wp:term":[{"taxonomy":"product_brand","embeddable":true,"href":"https:\/\/uj.adatbank.ro\/lexikon\/wp-json\/wp\/v2\/product_brand?post=18124"},{"taxonomy":"product_cat","embeddable":true,"href":"https:\/\/uj.adatbank.ro\/lexikon\/wp-json\/wp\/v2\/product_cat?post=18124"},{"taxonomy":"product_tag","embeddable":true,"href":"https:\/\/uj.adatbank.ro\/lexikon\/wp-json\/wp\/v2\/product_tag?post=18124"}],"curies":[{"name":"wp","href":"https:\/\/api.w.org\/{rel}","templated":true}]}}