{"id":18130,"date":"2025-07-16T10:40:32","date_gmt":"2025-07-16T08:40:32","guid":{"rendered":"https:\/\/uj.adatbank.ro\/lexikon\/termek\/petrass-lajos\/"},"modified":"2025-07-16T10:40:32","modified_gmt":"2025-07-16T08:40:32","slug":"petrass-lajos","status":"publish","type":"product","link":"https:\/\/uj.adatbank.ro\/lexikon\/termek\/petrass-lajos\/","title":{"rendered":"PETR\u00c1SS Lajos"},"content":{"rendered":"<p>Eger, 1881, \u2020\u00a0?: \u00fcgyv\u00e9d. \u2013 Sz\u00e1szr\u00e9genben volt \u00fcgyv\u00e9d, dr., t\u00e1blab\u00edr\u00f3. R\u00e9szt vett az I. vh.-ban (1915\u201318). Ezred\u00e9vel mint sz\u00e1zadparancsnok az orosz fronton harcolt, majd a pozsonyi hadoszt\u00e1lyb\u00edr\u00f3s\u00e1ghoz ker\u00fclt, hadb\u00edr\u00f3 vizsg\u00e1t tett (1917), ezut\u00e1n a m\u00e1ramarosi hadoszt\u00e1lyb\u00edr\u00f3s\u00e1gn\u00e1l szolg\u00e1lt mint hadb\u00edr\u00f3-f\u0151hadnagy. Kit\u00fcntet\u00e9skekkel szerelt le. <br \/><strong>Irod.:<\/strong> Erd\u00e9lyi ezredek<\/br><\/p>\n","protected":false},"excerpt":{"rendered":"<p>Eger, 1881, \u2020\u00a0?: \u00fcgyv\u00e9d. \u2013 Sz\u00e1szr\u00e9genben volt \u00fcgyv\u00e9d, dr., t\u00e1blab\u00edr\u00f3. R\u00e9szt vett az I. vh.-ban (1915\u201318). Ezred\u00e9vel mint sz\u00e1zadparancsnok az orosz fronton harcolt, majd a pozsonyi hadoszt\u00e1lyb\u00edr\u00f3s\u00e1ghoz ker\u00fclt, hadb\u00edr\u00f3 vizsg\u00e1t tett (1917), ezut\u00e1n a m\u00e1ramarosi hadoszt\u00e1lyb\u00edr\u00f3s\u00e1gn\u00e1l szolg\u00e1lt mint hadb\u00edr\u00f3-f\u0151hadnagy. Kit\u00fcntet\u00e9skekkel szerelt le. Irod.: Erd\u00e9lyi ezredek<\/p>\n","protected":false},"featured_media":0,"comment_status":"open","ping_status":"closed","template":"","meta":[],"product_brand":[],"product_cat":[137],"product_tag":[],"class_list":{"0":"post-18130","1":"product","2":"type-product","3":"status-publish","5":"product_cat-maros-megyei-eletrajzi-lexikon","7":"first","8":"instock","9":"shipping-taxable","10":"product-type-simple"},"_links":{"self":[{"href":"https:\/\/uj.adatbank.ro\/lexikon\/wp-json\/wp\/v2\/product\/18130","targetHints":{"allow":["GET"]}}],"collection":[{"href":"https:\/\/uj.adatbank.ro\/lexikon\/wp-json\/wp\/v2\/product"}],"about":[{"href":"https:\/\/uj.adatbank.ro\/lexikon\/wp-json\/wp\/v2\/types\/product"}],"replies":[{"embeddable":true,"href":"https:\/\/uj.adatbank.ro\/lexikon\/wp-json\/wp\/v2\/comments?post=18130"}],"wp:attachment":[{"href":"https:\/\/uj.adatbank.ro\/lexikon\/wp-json\/wp\/v2\/media?parent=18130"}],"wp:term":[{"taxonomy":"product_brand","embeddable":true,"href":"https:\/\/uj.adatbank.ro\/lexikon\/wp-json\/wp\/v2\/product_brand?post=18130"},{"taxonomy":"product_cat","embeddable":true,"href":"https:\/\/uj.adatbank.ro\/lexikon\/wp-json\/wp\/v2\/product_cat?post=18130"},{"taxonomy":"product_tag","embeddable":true,"href":"https:\/\/uj.adatbank.ro\/lexikon\/wp-json\/wp\/v2\/product_tag?post=18130"}],"curies":[{"name":"wp","href":"https:\/\/api.w.org\/{rel}","templated":true}]}}