{"id":18132,"date":"2025-07-16T10:40:34","date_gmt":"2025-07-16T08:40:34","guid":{"rendered":"https:\/\/uj.adatbank.ro\/lexikon\/termek\/petre-judit\/"},"modified":"2025-07-16T10:40:34","modified_gmt":"2025-07-16T08:40:34","slug":"petre-judit","status":"publish","type":"product","link":"https:\/\/uj.adatbank.ro\/lexikon\/termek\/petre-judit\/","title":{"rendered":"PETRE Judit"},"content":{"rendered":"<p>Mv., 1927. nov. 19., \u2020\u00a0?: szerkeszt\u0151. \u2013 Szamos\u00fajv\u00e1ron v\u00e9gzett k\u00f6z\u00e9piskol\u00e1t, Buk.-ben \u00e9retts\u00e9gizett (1955), \u00e9s u.o szerzett rom\u00e1n nyelv- \u00e9s irodalom szakos tan\u00e1ri k\u00e9pes\u00edt\u00e9st (1965). P\u00e1ly\u00e1j\u00e1t az Ifj\u00fas\u00e1gi K\u00f6nyvkiad\u00f3 magyar szerkeszt\u0151s\u00e9g\u00e9ben kezdte (1958\u201369), majd a Ion Creang\u0103 K\u00f6nyvkiad\u00f3 magyar oszt\u00e1ly\u00e1nak felel\u0151s szerkeszt\u0151je (1970\u201385). \u00c9rdekl\u0151d\u00e9si k\u00f6re a gyermekirodalom. Mint kiad\u00f3ja egyetlen magyar szerkeszt\u0151je, jelent\u0151s \u00edr\u00f3kat, m\u0171ford\u00edt\u00f3kat \u00e9s grafikusokat nyert meg a gyermekirodalom \u00fcgy\u00e9nek M\u00e1sf\u00e9l\u00e9vtized alatt 275 k\u00f6nyvet adott k\u00f6zel h\u00e1rommilli\u00f3 p\u00e9ld\u00e1nyban a fiatalok kez\u00e9be. Sorozatokat ind\u00edtott (Az \u00e9n els\u0151 k\u00f6nyvem, Nagyap\u00f3 mesef\u00e1ja, Minden gyermek k\u00f6nyve), az iskolai oktat\u00e1s, a di\u00e1ksz\u00ednj\u00e1tsz\u00e1s seg\u00edts\u00e9g\u00e9re siet\u0151 gy\u0171jtem\u00e9nyeket, antol\u00f3gi\u00e1kat jelentetett meg. \u2013 <strong>F. m.:<\/strong> <strong>szerk.:<\/strong> A gondoz\u00e1s\u00e1ban megjelent m\u0171vek k\u00f6z\u00fcl kiemelkedik a Lengyel Bal\u00e1zzsal k\u00f6z\u00f6sen szerkesztett J\u00e1nos vit\u00e9z c. magyar \u00e9s az Aranyhaj\u00fa sz\u00e9pleg\u00e9ny c. rom\u00e1n mesegy\u0171jtem\u00e9ny (Bp., 1974). Asztalos Istv\u00e1n: Mi\u00e9rt kerek az alma? (Novell\u00e1k, Buk., 1974), Nagyap\u00f3 mesef\u00e1ja 2, 4, 5, 6, 7, 8, 9, 12, 13 (Buk., 1974\u20131986), Sz\u00ednj\u00e1tsz\u00e1s \u00e9s szerepl\u00e9s az iskol\u00e1ban.1\u20132. k. (V\u00e1logatta, Buk., 1979\u20131984); Arany J\u00e1nos: R\u00f3zsa \u00e9s Ibolya. V\u00e1logatott versek (szerk.; Buk., 1980), \u2013<strong>ford.:<\/strong> Szab\u00f3 G\u00e9za : P\u0103storul cu inima bun\u0103 (Buc., 1971), L\u00e1z\u00e1r Ervin B\u0103iatul cu leii (Buc., 1975).-<br \/><strong>Irod.:<\/strong> R\u00e9thy\u2013\u00dajv\u00e1ri\u2013V\u00e1czi, RMIL<\/br><\/p>\n","protected":false},"excerpt":{"rendered":"<p>Mv., 1927. nov. 19., \u2020\u00a0?: szerkeszt\u0151. \u2013 Szamos\u00fajv\u00e1ron v\u00e9gzett k\u00f6z\u00e9piskol\u00e1t, Buk.-ben \u00e9retts\u00e9gizett (1955), \u00e9s u.o szerzett rom\u00e1n nyelv- \u00e9s irodalom szakos tan\u00e1ri k\u00e9pes\u00edt\u00e9st (1965). P\u00e1ly\u00e1j\u00e1t az Ifj\u00fas\u00e1gi K\u00f6nyvkiad\u00f3 magyar szerkeszt\u0151s\u00e9g\u00e9ben kezdte (1958\u201369), majd a Ion Creang\u0103 K\u00f6nyvkiad\u00f3 magyar oszt\u00e1ly\u00e1nak felel\u0151s szerkeszt\u0151je (1970\u201385). \u00c9rdekl\u0151d\u00e9si k\u00f6re a gyermekirodalom. Mint kiad\u00f3ja egyetlen magyar szerkeszt\u0151je, jelent\u0151s \u00edr\u00f3kat, m\u0171ford\u00edt\u00f3kat \u00e9s [&hellip;]<\/p>\n","protected":false},"featured_media":0,"comment_status":"open","ping_status":"closed","template":"","meta":[],"product_brand":[],"product_cat":[137],"product_tag":[],"class_list":{"0":"post-18132","1":"product","2":"type-product","3":"status-publish","5":"product_cat-maros-megyei-eletrajzi-lexikon","7":"first","8":"instock","9":"shipping-taxable","10":"product-type-simple"},"_links":{"self":[{"href":"https:\/\/uj.adatbank.ro\/lexikon\/wp-json\/wp\/v2\/product\/18132","targetHints":{"allow":["GET"]}}],"collection":[{"href":"https:\/\/uj.adatbank.ro\/lexikon\/wp-json\/wp\/v2\/product"}],"about":[{"href":"https:\/\/uj.adatbank.ro\/lexikon\/wp-json\/wp\/v2\/types\/product"}],"replies":[{"embeddable":true,"href":"https:\/\/uj.adatbank.ro\/lexikon\/wp-json\/wp\/v2\/comments?post=18132"}],"wp:attachment":[{"href":"https:\/\/uj.adatbank.ro\/lexikon\/wp-json\/wp\/v2\/media?parent=18132"}],"wp:term":[{"taxonomy":"product_brand","embeddable":true,"href":"https:\/\/uj.adatbank.ro\/lexikon\/wp-json\/wp\/v2\/product_brand?post=18132"},{"taxonomy":"product_cat","embeddable":true,"href":"https:\/\/uj.adatbank.ro\/lexikon\/wp-json\/wp\/v2\/product_cat?post=18132"},{"taxonomy":"product_tag","embeddable":true,"href":"https:\/\/uj.adatbank.ro\/lexikon\/wp-json\/wp\/v2\/product_tag?post=18132"}],"curies":[{"name":"wp","href":"https:\/\/api.w.org\/{rel}","templated":true}]}}