{"id":18133,"date":"2025-07-16T10:40:36","date_gmt":"2025-07-16T08:40:36","guid":{"rendered":"https:\/\/uj.adatbank.ro\/lexikon\/termek\/petre-liviu\/"},"modified":"2025-07-16T10:40:36","modified_gmt":"2025-07-16T08:40:36","slug":"petre-liviu","status":"publish","type":"product","link":"https:\/\/uj.adatbank.ro\/lexikon\/termek\/petre-liviu\/","title":{"rendered":"PETRE Liviu"},"content":{"rendered":"<p>Lem\u00e9nyfalva (Szil\u00e1gy), 1896., \u2020\u00a0Mv., 1982.: tan\u00e1r. \u2013 Apja tan\u00edt\u00f3 volt, sz\u00fcl\u0151faluj\u00e1ban j\u00e1rt elemiben, \u00e9s Szil\u00e1gycsehen v\u00e9gezte a k\u00f6z\u00e9piskol\u00e1t, majd Bp.-en az egyetemen tanult sz\u00e1mtan \u00e9s term\u00e9szetrajz szakon.. Ott ismerkedett meg Trif. Lucreti\u00e1val, aki Magyarnemegy\u00e9n sz\u00fcletett \u00e9s Szamos\u00fajv\u00e1rt j\u00e1rt a tan\u00edt\u00f3k\u00e9pz\u0151ben, \u00f6sszeh\u00e1zasodtak \u00e9s 3 gyermek\u00fck sz\u00fcletett\u00a0: Augustin, Elena \u00e9s Liviu. A mv.-i Papiu Ilarian Liceumba nevezt\u00e9k ki (1924) \u00e9s benlak\u00e1si fel\u00fcgyel\u0151 is lett. Antalffy Endr\u00e9t\u0151l vett angol \u00f3r\u00e1kat. F\u00e9l\u00e9vi \u00f6szt\u00f6nd\u00edjat kapott az \u00e1llamt\u00f3l (1926) \u00e9s Angli\u00e1ba utazott az angol nyelv \u00e9s a r\u00e1di\u00f3z\u00e1s tanulm\u00e1nyoz\u00e1s\u00e1ra. Nagyon szerette a gyermekeket, mindennap bement a bentlak\u00e1sba \u00e9s magyar\u00e1zta nekik a tananyagot. A kommunizmus idej\u00e1n elbocs\u00e1tott\u00e1k a tan\u00fcgyb\u0151l (1952), j\u00f6vedelem n\u00e9lk\u00fcl maradt, legyeng\u00fclt b\u00e1nat\u00e1ban, el\u0151bb beteg majd rendes nyugd\u00edjba ment.Nagyobbik fia Buk.-ben tanult, le\u00e1nya nem ment vissza Buk.-be folytatni k\u00e9miai tanulm\u00e1nyait, Groza Victor orvos hely\u00e9be az \u00e9lelmiszer vizsg\u00e1l\u00f3 laborat\u00f3riumba ker\u00fclt.. A kisebbik fi\u00fa Luviu m\u00e9rn\u0151k lett. Zongor\u00e1t is tanult a zeneiskoll\u00e1ban, \u00e9nekelt \u00e9s villamos orgon\u00e1n j\u00e1tszott.-<br \/><strong>Irod.:<\/strong> Sipos<\/br><\/p>\n","protected":false},"excerpt":{"rendered":"<p>Lem\u00e9nyfalva (Szil\u00e1gy), 1896., \u2020\u00a0Mv., 1982.: tan\u00e1r. \u2013 Apja tan\u00edt\u00f3 volt, sz\u00fcl\u0151faluj\u00e1ban j\u00e1rt elemiben, \u00e9s Szil\u00e1gycsehen v\u00e9gezte a k\u00f6z\u00e9piskol\u00e1t, majd Bp.-en az egyetemen tanult sz\u00e1mtan \u00e9s term\u00e9szetrajz szakon.. Ott ismerkedett meg Trif. Lucreti\u00e1val, aki Magyarnemegy\u00e9n sz\u00fcletett \u00e9s Szamos\u00fajv\u00e1rt j\u00e1rt a tan\u00edt\u00f3k\u00e9pz\u0151ben, \u00f6sszeh\u00e1zasodtak \u00e9s 3 gyermek\u00fck sz\u00fcletett\u00a0: Augustin, Elena \u00e9s Liviu. A mv.-i Papiu Ilarian Liceumba nevezt\u00e9k [&hellip;]<\/p>\n","protected":false},"featured_media":0,"comment_status":"open","ping_status":"closed","template":"","meta":[],"product_brand":[],"product_cat":[137],"product_tag":[],"class_list":{"0":"post-18133","1":"product","2":"type-product","3":"status-publish","5":"product_cat-maros-megyei-eletrajzi-lexikon","7":"first","8":"instock","9":"shipping-taxable","10":"product-type-simple"},"_links":{"self":[{"href":"https:\/\/uj.adatbank.ro\/lexikon\/wp-json\/wp\/v2\/product\/18133","targetHints":{"allow":["GET"]}}],"collection":[{"href":"https:\/\/uj.adatbank.ro\/lexikon\/wp-json\/wp\/v2\/product"}],"about":[{"href":"https:\/\/uj.adatbank.ro\/lexikon\/wp-json\/wp\/v2\/types\/product"}],"replies":[{"embeddable":true,"href":"https:\/\/uj.adatbank.ro\/lexikon\/wp-json\/wp\/v2\/comments?post=18133"}],"wp:attachment":[{"href":"https:\/\/uj.adatbank.ro\/lexikon\/wp-json\/wp\/v2\/media?parent=18133"}],"wp:term":[{"taxonomy":"product_brand","embeddable":true,"href":"https:\/\/uj.adatbank.ro\/lexikon\/wp-json\/wp\/v2\/product_brand?post=18133"},{"taxonomy":"product_cat","embeddable":true,"href":"https:\/\/uj.adatbank.ro\/lexikon\/wp-json\/wp\/v2\/product_cat?post=18133"},{"taxonomy":"product_tag","embeddable":true,"href":"https:\/\/uj.adatbank.ro\/lexikon\/wp-json\/wp\/v2\/product_tag?post=18133"}],"curies":[{"name":"wp","href":"https:\/\/api.w.org\/{rel}","templated":true}]}}