{"id":18134,"date":"2025-07-16T10:40:37","date_gmt":"2025-07-16T08:40:37","guid":{"rendered":"https:\/\/uj.adatbank.ro\/lexikon\/termek\/petreanu-dumitru\/"},"modified":"2025-07-16T10:40:37","modified_gmt":"2025-07-16T08:40:37","slug":"petreanu-dumitru","status":"publish","type":"product","link":"https:\/\/uj.adatbank.ro\/lexikon\/termek\/petreanu-dumitru\/","title":{"rendered":"PETREANU, Dumitru"},"content":{"rendered":"<p>Vajdaszentiv\u00e1ny, 1922. nov. 26., \u2020 Mv.? : technikus, \u0151rnagy. L\u00edce.-ot v\u00e9gzett Mv.-en, az Electromure\u015f v\u00e1llalat f\u0151technikusa volt.R\u00e9szt vett a II.vh. marosorb\u00f3i harcaiban a 91.gyalogos ezred 1.z\u00e1szl\u00f3alj\u00e1ban.A h\u00e1bor\u00fa ut\u00e1n tagja volt az Avram Iancu veter\u00e1nk\u00f3rusnak Mv-en (1982\u201389).-<br \/><strong>Irod.:<\/strong> Suciu<\/br><\/p>\n","protected":false},"excerpt":{"rendered":"<p>Vajdaszentiv\u00e1ny, 1922. nov. 26., \u2020 Mv.? : technikus, \u0151rnagy. L\u00edce.-ot v\u00e9gzett Mv.-en, az Electromure\u015f v\u00e1llalat f\u0151technikusa volt.R\u00e9szt vett a II.vh. marosorb\u00f3i harcaiban a 91.gyalogos ezred 1.z\u00e1szl\u00f3alj\u00e1ban.A h\u00e1bor\u00fa ut\u00e1n tagja volt az Avram Iancu veter\u00e1nk\u00f3rusnak Mv-en (1982\u201389).-Irod.: Suciu<\/p>\n","protected":false},"featured_media":0,"comment_status":"open","ping_status":"closed","template":"","meta":[],"product_brand":[],"product_cat":[137],"product_tag":[],"class_list":{"0":"post-18134","1":"product","2":"type-product","3":"status-publish","5":"product_cat-maros-megyei-eletrajzi-lexikon","7":"first","8":"instock","9":"shipping-taxable","10":"product-type-simple"},"_links":{"self":[{"href":"https:\/\/uj.adatbank.ro\/lexikon\/wp-json\/wp\/v2\/product\/18134","targetHints":{"allow":["GET"]}}],"collection":[{"href":"https:\/\/uj.adatbank.ro\/lexikon\/wp-json\/wp\/v2\/product"}],"about":[{"href":"https:\/\/uj.adatbank.ro\/lexikon\/wp-json\/wp\/v2\/types\/product"}],"replies":[{"embeddable":true,"href":"https:\/\/uj.adatbank.ro\/lexikon\/wp-json\/wp\/v2\/comments?post=18134"}],"wp:attachment":[{"href":"https:\/\/uj.adatbank.ro\/lexikon\/wp-json\/wp\/v2\/media?parent=18134"}],"wp:term":[{"taxonomy":"product_brand","embeddable":true,"href":"https:\/\/uj.adatbank.ro\/lexikon\/wp-json\/wp\/v2\/product_brand?post=18134"},{"taxonomy":"product_cat","embeddable":true,"href":"https:\/\/uj.adatbank.ro\/lexikon\/wp-json\/wp\/v2\/product_cat?post=18134"},{"taxonomy":"product_tag","embeddable":true,"href":"https:\/\/uj.adatbank.ro\/lexikon\/wp-json\/wp\/v2\/product_tag?post=18134"}],"curies":[{"name":"wp","href":"https:\/\/api.w.org\/{rel}","templated":true}]}}