{"id":18136,"date":"2025-07-16T10:40:42","date_gmt":"2025-07-16T08:40:42","guid":{"rendered":"https:\/\/uj.adatbank.ro\/lexikon\/termek\/petres-jozsef\/"},"modified":"2025-07-16T10:40:42","modified_gmt":"2025-07-16T08:40:42","slug":"petres-jozsef","status":"publish","type":"product","link":"https:\/\/uj.adatbank.ro\/lexikon\/termek\/petres-jozsef\/","title":{"rendered":"PETRES J\u00f3zsef"},"content":{"rendered":"<p>Cs\u00edksomly\u00f3, 1862. m\u00e1rc. 4.? \u2020\u00a0?: tan\u00edt\u00f3, k\u00e1ntor, n\u00e9pm\u0171vel\u0151. \u2013 Feles\u00e9ge: Bartalis Veronika. Kilenc gyermeket nevel feltek fel, abb\u00f3l tan\u00edttatott h\u00e1rom fi\u00fat egyetemen, n\u00e9gy le\u00e1nyt k\u00f6z\u00e9pszinten. \u2013 Cs\u00edksomly\u00f3n v\u00e9gezte tanulm\u00e1nyait, a rom. kat. felekezeti iskol\u00e1ba lett k\u00e1ntor-tan\u00edt\u00f3 (1881. j\u00fan.). Cs\u00edkcsics\u00f3ban kezdte tan\u00edt\u00f3i p\u00e1ly\u00e1j\u00e1t (1881\u2013).Jobb\u00e1gytelke rom. kat. elemi iskol\u00e1ja h\u00edvta meg (1883\u20131933), \u00f6tven \u00e9ven kereszt\u00fcl v\u00e9gezte a n\u00e9ptan\u00edt\u00f3 f\u00e1rads\u00e1gos munk\u00e1j\u00e1t. Bart\u00f3k B\u00e9l\u00e1t k\u00e9tszer is vend\u00e9g\u00fcl l\u00e1tta. Pro Ecclesia et Pontifice \u00e9rdemkereszttel t\u00fcntett\u00e9k ki a n\u00e9pnevel\u00e9s ter\u00e9n szerzett el\u00e9v\u00fclhetetlen \u00e9rdemei\u00e9rt. Hetven \u00e9vesen volnult nyugd\u00edjba (1933). <br \/><strong>Irod.:<\/strong> Eml\u00e9kk\u00f6nyv a jobb\u00e1gytelki iskola \u00e9vfordul\u00f3j\u00e1ra; Vaday<\/br><\/p>\n","protected":false},"excerpt":{"rendered":"<p>Cs\u00edksomly\u00f3, 1862. m\u00e1rc. 4.? \u2020\u00a0?: tan\u00edt\u00f3, k\u00e1ntor, n\u00e9pm\u0171vel\u0151. \u2013 Feles\u00e9ge: Bartalis Veronika. Kilenc gyermeket nevel feltek fel, abb\u00f3l tan\u00edttatott h\u00e1rom fi\u00fat egyetemen, n\u00e9gy le\u00e1nyt k\u00f6z\u00e9pszinten. \u2013 Cs\u00edksomly\u00f3n v\u00e9gezte tanulm\u00e1nyait, a rom. kat. felekezeti iskol\u00e1ba lett k\u00e1ntor-tan\u00edt\u00f3 (1881. j\u00fan.). Cs\u00edkcsics\u00f3ban kezdte tan\u00edt\u00f3i p\u00e1ly\u00e1j\u00e1t (1881\u2013).Jobb\u00e1gytelke rom. kat. elemi iskol\u00e1ja h\u00edvta meg (1883\u20131933), \u00f6tven \u00e9ven kereszt\u00fcl v\u00e9gezte a [&hellip;]<\/p>\n","protected":false},"featured_media":0,"comment_status":"open","ping_status":"closed","template":"","meta":[],"product_brand":[],"product_cat":[137],"product_tag":[],"class_list":{"0":"post-18136","1":"product","2":"type-product","3":"status-publish","5":"product_cat-maros-megyei-eletrajzi-lexikon","7":"first","8":"instock","9":"shipping-taxable","10":"product-type-simple"},"_links":{"self":[{"href":"https:\/\/uj.adatbank.ro\/lexikon\/wp-json\/wp\/v2\/product\/18136","targetHints":{"allow":["GET"]}}],"collection":[{"href":"https:\/\/uj.adatbank.ro\/lexikon\/wp-json\/wp\/v2\/product"}],"about":[{"href":"https:\/\/uj.adatbank.ro\/lexikon\/wp-json\/wp\/v2\/types\/product"}],"replies":[{"embeddable":true,"href":"https:\/\/uj.adatbank.ro\/lexikon\/wp-json\/wp\/v2\/comments?post=18136"}],"wp:attachment":[{"href":"https:\/\/uj.adatbank.ro\/lexikon\/wp-json\/wp\/v2\/media?parent=18136"}],"wp:term":[{"taxonomy":"product_brand","embeddable":true,"href":"https:\/\/uj.adatbank.ro\/lexikon\/wp-json\/wp\/v2\/product_brand?post=18136"},{"taxonomy":"product_cat","embeddable":true,"href":"https:\/\/uj.adatbank.ro\/lexikon\/wp-json\/wp\/v2\/product_cat?post=18136"},{"taxonomy":"product_tag","embeddable":true,"href":"https:\/\/uj.adatbank.ro\/lexikon\/wp-json\/wp\/v2\/product_tag?post=18136"}],"curies":[{"name":"wp","href":"https:\/\/api.w.org\/{rel}","templated":true}]}}