{"id":18138,"date":"2025-07-16T10:40:45","date_gmt":"2025-07-16T08:40:45","guid":{"rendered":"https:\/\/uj.adatbank.ro\/lexikon\/termek\/petres-kalman-petress-kalman\/"},"modified":"2025-07-16T10:40:45","modified_gmt":"2025-07-16T08:40:45","slug":"petres-kalman-petress-kalman","status":"publish","type":"product","link":"https:\/\/uj.adatbank.ro\/lexikon\/termek\/petres-kalman-petress-kalman\/","title":{"rendered":"PETRES K\u00e1lm\u00e1n, Petress K\u00e1lm\u00e1n"},"content":{"rendered":"<p>Csobotfalva (Har.), 1890. jan. 2., \u2020 Radn\u00f3t, 1981. jan. 14.: r. k. pap, tan\u00e1r, fi\u00fanevel\u0151int\u00e9zeti igazgat\u00f3 egy\u00adh\u00e1zi \u00edr\u00f3. \u2013 A gyulafeh\u00e9rv\u00e1ri papnevel\u0151 int.-ben teol\u00f3gi\u00e1t tanult, papp\u00e1 szentelt\u00e9k (1914. j\u00fan. 27.). Cs\u00edksomly\u00f3n (1914\u2013), majd Piskitelepen k\u00e1p\u00adl\u00e1n, a nagyszeben-k\u00fclv\u00e1rosi Theresianum \u00e1r\u00advah\u00e1zban tanulm\u00e1nyi fel\u00fcgyel\u0151, majd K\u00adv.-on k\u00e1pl\u00e1n. Mv.-en hitta\u00adn\u00e1r a fi\u00fanevel\u0151 int\u00e9zet aligazgat\u00f3ja, majd ig.-ja (1924\u201329), Gyergy\u00f3szentmikl\u00f3son z\u00e1rdaig., a tan\u00edt\u00f3k\u00e9pz\u0151 ig. (1928\u201329), a mv.-i r. k. fi\u00fanevel\u0151 int. ig. (1929\u2013), a mv.i R. K. Tan\u00edt\u00f3k\u00e9pz\u0151 Fi\u00faiskola hittantan\u00e1ra (1935\u2013), majd Cs\u00edksomly\u00f3n a tan\u00edt\u00f3k\u00e9pz\u0151 int. hitta\u00adn\u00e1ra, r\u00e9gense \u00e9s ig., ut\u00f3bb kanonok, f\u0151esperes \u00e9s radn\u00f3ti pl\u00e9b\u00e1nos volt hal\u00e1l\u00e1ig (1949\u201381). A r. k. Egyh\u00e1ztan\u00e1cs tagja (1939). Radn\u00f3ton lelk\u00e9sz (1949\u201381). K\u00fck\u00fcll\u0151i f\u0151esperes (1960\u2013). Szolg\u00e1lata ideje alatt renov\u00e1lt\u00e1k (1966) a Gyulafeh\u00e9rv\u00e1ri Egyh\u00e1zmegye \u00e1ltal \u00e9p\u00edtett (1896\u201398) r. k. templomot. Eredeti r.k. templomuk a par\u00f3chi\u00e1val egy\u00fctt a reform\u00e1ci\u00f3 idej\u00e9n a ref. egyh\u00e1z\u00e9 lett (1550\u2013). A Nagyszebeni Kat. Egyh\u00e1zi Tud\u00f3s\u00edt\u00f3 c. havi foly\u00f3irat felel\u0151s szerk. (1920), a kv.-i A H\u00edrn\u00f6k, foly\u00f3irat t\u00e1rs-szerk., k\u00fcl. f\u0151munkat\u00e1rsa (1921. j\u00fal.-t\u00f3l). Az 1925. \u00e9vi P\u00e1sztort\u0171z Almanachban magvas \u00e1ttekint\u00e9st k\u00f6z\u00f6lt az els\u0151 vh. ut\u00e1ni falusi m\u0171vel\u0151d\u00e9si mozgalmakr\u00f3l. Az erd\u00e9lyi katholicizmus m\u00faltja \u00e9s jelene c. k\u00f6tet sz\u00e1m\u00e1ra meg\u00edrta az Erd\u00e9lyi R\u00f3mai Katolikus St\u00e1tus kiegyez\u00e9s ut\u00e1ni t\u00f6rt\u00e9net\u00e9t, kiemelve ennek az iskol\u00e1kat is fenntart\u00f3 \u00f6nkorm\u00e1nyzati int\u00e9zm\u00e9nynek a szerep\u00e9t a nemzeti oktat\u00e1s\u00fcgy szolg\u00e1lat\u00e1ban. \u2013 <strong>F. m.:<\/strong> Egy fejezet a katholikus Erd\u00e9ly t\u00f6rt\u00e9ne\u00adt\u00e9b\u0151l. Az Erd\u00e9lyi R\u00f3m. Kath. St\u00e1tus renesz\u00e1n\u00adsza, 1866\u20131894 (Dics\u0151szentm\u00e1rton, 1925), <strong>t\u00e1rssz.:<\/strong> H\u00e1bor\u00fas nevel\u00e9s (Vall\u00e1sos nevel\u00e9s a k\u00fcl\u00f6nb\u00f6z\u0151 t\u00e1rgyak kapcs\u00e1n, Mv., 1943). <br \/><strong>Irod.:<\/strong> Ferenczi S\u00e1ndor 2009; Id\u0151t\u00e1r 3; Iernut; Maros-k\u00fck\u00fcll\u0151i f\u0151esp.; Mv.-i R.K. okt. ; Sz\u00e9kelyf\u00f6ld \u00ed.k.; RMIL; Szab\u00f3 K. Attila; \u00daM\u00c9L<\/br><\/p>\n","protected":false},"excerpt":{"rendered":"<p>Csobotfalva (Har.), 1890. jan. 2., \u2020 Radn\u00f3t, 1981. jan. 14.: r. k. pap, tan\u00e1r, fi\u00fanevel\u0151int\u00e9zeti igazgat\u00f3 egy\u00adh\u00e1zi \u00edr\u00f3. \u2013 A gyulafeh\u00e9rv\u00e1ri papnevel\u0151 int.-ben teol\u00f3gi\u00e1t tanult, papp\u00e1 szentelt\u00e9k (1914. j\u00fan. 27.). Cs\u00edksomly\u00f3n (1914\u2013), majd Piskitelepen k\u00e1p\u00adl\u00e1n, a nagyszeben-k\u00fclv\u00e1rosi Theresianum \u00e1r\u00advah\u00e1zban tanulm\u00e1nyi fel\u00fcgyel\u0151, majd K\u00adv.-on k\u00e1pl\u00e1n. Mv.-en hitta\u00adn\u00e1r a fi\u00fanevel\u0151 int\u00e9zet aligazgat\u00f3ja, majd ig.-ja (1924\u201329), Gyergy\u00f3szentmikl\u00f3son z\u00e1rdaig., [&hellip;]<\/p>\n","protected":false},"featured_media":0,"comment_status":"open","ping_status":"closed","template":"","meta":[],"product_brand":[],"product_cat":[137],"product_tag":[],"class_list":{"0":"post-18138","1":"product","2":"type-product","3":"status-publish","5":"product_cat-maros-megyei-eletrajzi-lexikon","7":"first","8":"instock","9":"shipping-taxable","10":"product-type-simple"},"_links":{"self":[{"href":"https:\/\/uj.adatbank.ro\/lexikon\/wp-json\/wp\/v2\/product\/18138","targetHints":{"allow":["GET"]}}],"collection":[{"href":"https:\/\/uj.adatbank.ro\/lexikon\/wp-json\/wp\/v2\/product"}],"about":[{"href":"https:\/\/uj.adatbank.ro\/lexikon\/wp-json\/wp\/v2\/types\/product"}],"replies":[{"embeddable":true,"href":"https:\/\/uj.adatbank.ro\/lexikon\/wp-json\/wp\/v2\/comments?post=18138"}],"wp:attachment":[{"href":"https:\/\/uj.adatbank.ro\/lexikon\/wp-json\/wp\/v2\/media?parent=18138"}],"wp:term":[{"taxonomy":"product_brand","embeddable":true,"href":"https:\/\/uj.adatbank.ro\/lexikon\/wp-json\/wp\/v2\/product_brand?post=18138"},{"taxonomy":"product_cat","embeddable":true,"href":"https:\/\/uj.adatbank.ro\/lexikon\/wp-json\/wp\/v2\/product_cat?post=18138"},{"taxonomy":"product_tag","embeddable":true,"href":"https:\/\/uj.adatbank.ro\/lexikon\/wp-json\/wp\/v2\/product_tag?post=18138"}],"curies":[{"name":"wp","href":"https:\/\/api.w.org\/{rel}","templated":true}]}}