{"id":18139,"date":"2025-07-16T10:40:48","date_gmt":"2025-07-16T08:40:48","guid":{"rendered":"https:\/\/uj.adatbank.ro\/lexikon\/termek\/petres-karoly\/"},"modified":"2025-07-16T10:40:48","modified_gmt":"2025-07-16T08:40:48","slug":"petres-karoly","status":"publish","type":"product","link":"https:\/\/uj.adatbank.ro\/lexikon\/termek\/petres-karoly\/","title":{"rendered":"PETRES K\u00e1roly"},"content":{"rendered":"<p>Cs\u00edksomly\u00f3, 1925. jan. 1. \u2020 Bel\u00e9nyes, 2004. dec. 30.: r. k. pap, tan\u00e1r.- Papp\u00e1 szentelt\u00e9k (1953. febr. 22.). Szenth\u00e1roms\u00e1g lelk\u00e9sze (1962\u201377), Mv.-en volt k\u00e1pl\u00e1n (1953). Pl\u00e9b\u00e1nos Szenth\u00e1roms\u00e1gon (1962\u2013), Zs\u00f3k Ferenc ut\u00f3da a b\u00faz\u00e1sbeseny\u0151i pleb\u00e1ni\u00e1n (1975\u201385). B\u00faz\u00e1sbeseny\u0151i pl\u00e9b\u00e1nosk\u00e9nt seg\u00edtett be a radn\u00f3ti pl\u00e9b\u00e1nia tev\u00e9kenys\u00e9g\u00e9be (1980\u201381). A pl\u00e9b\u00e1noss\u00e1ga idej\u00e9n \u00e9s szervez\u00e9s\u00e9ben a templomot kib\u0151v\u00edtett\u00e9k. A munk\u00e1t Braun Jen\u0151 folytatta. Pl\u00e9b\u00e1nos Dics\u0151szentm\u00e1rtonban (1985\u201396). <br \/><strong>Irod.:<\/strong> Ferenczi S\u00e1ndor 2009; Maros-k\u00fck\u00fcll\u0151i f\u0151esp.<\/br><\/p>\n","protected":false},"excerpt":{"rendered":"<p>Cs\u00edksomly\u00f3, 1925. jan. 1. \u2020 Bel\u00e9nyes, 2004. dec. 30.: r. k. pap, tan\u00e1r.- Papp\u00e1 szentelt\u00e9k (1953. febr. 22.). Szenth\u00e1roms\u00e1g lelk\u00e9sze (1962\u201377), Mv.-en volt k\u00e1pl\u00e1n (1953). Pl\u00e9b\u00e1nos Szenth\u00e1roms\u00e1gon (1962\u2013), Zs\u00f3k Ferenc ut\u00f3da a b\u00faz\u00e1sbeseny\u0151i pleb\u00e1ni\u00e1n (1975\u201385). B\u00faz\u00e1sbeseny\u0151i pl\u00e9b\u00e1nosk\u00e9nt seg\u00edtett be a radn\u00f3ti pl\u00e9b\u00e1nia tev\u00e9kenys\u00e9g\u00e9be (1980\u201381). A pl\u00e9b\u00e1noss\u00e1ga idej\u00e9n \u00e9s szervez\u00e9s\u00e9ben a templomot kib\u0151v\u00edtett\u00e9k. A munk\u00e1t Braun [&hellip;]<\/p>\n","protected":false},"featured_media":0,"comment_status":"open","ping_status":"closed","template":"","meta":[],"product_brand":[],"product_cat":[137],"product_tag":[],"class_list":{"0":"post-18139","1":"product","2":"type-product","3":"status-publish","5":"product_cat-maros-megyei-eletrajzi-lexikon","7":"first","8":"instock","9":"shipping-taxable","10":"product-type-simple"},"_links":{"self":[{"href":"https:\/\/uj.adatbank.ro\/lexikon\/wp-json\/wp\/v2\/product\/18139","targetHints":{"allow":["GET"]}}],"collection":[{"href":"https:\/\/uj.adatbank.ro\/lexikon\/wp-json\/wp\/v2\/product"}],"about":[{"href":"https:\/\/uj.adatbank.ro\/lexikon\/wp-json\/wp\/v2\/types\/product"}],"replies":[{"embeddable":true,"href":"https:\/\/uj.adatbank.ro\/lexikon\/wp-json\/wp\/v2\/comments?post=18139"}],"wp:attachment":[{"href":"https:\/\/uj.adatbank.ro\/lexikon\/wp-json\/wp\/v2\/media?parent=18139"}],"wp:term":[{"taxonomy":"product_brand","embeddable":true,"href":"https:\/\/uj.adatbank.ro\/lexikon\/wp-json\/wp\/v2\/product_brand?post=18139"},{"taxonomy":"product_cat","embeddable":true,"href":"https:\/\/uj.adatbank.ro\/lexikon\/wp-json\/wp\/v2\/product_cat?post=18139"},{"taxonomy":"product_tag","embeddable":true,"href":"https:\/\/uj.adatbank.ro\/lexikon\/wp-json\/wp\/v2\/product_tag?post=18139"}],"curies":[{"name":"wp","href":"https:\/\/api.w.org\/{rel}","templated":true}]}}