{"id":18140,"date":"2025-07-16T10:40:50","date_gmt":"2025-07-16T08:40:50","guid":{"rendered":"https:\/\/uj.adatbank.ro\/lexikon\/termek\/petres-magda-lukacsy-istvanne\/"},"modified":"2025-07-16T10:40:50","modified_gmt":"2025-07-16T08:40:50","slug":"petres-magda-lukacsy-istvanne","status":"publish","type":"product","link":"https:\/\/uj.adatbank.ro\/lexikon\/termek\/petres-magda-lukacsy-istvanne\/","title":{"rendered":"PETRES Magda, Luk\u00e1csy Istv\u00e1nn\u00e9"},"content":{"rendered":"<p>? \u2020\u00a0?: tan\u00edt\u00f3. \u2013 P. J\u00f3zsef l\u00e1nya. Jobb\u00e1gytelk\u00e9n tan\u00edtott (1921\u201340). <br \/><strong>Irod.:<\/strong> Eml\u00e9kk\u00f6nyv a jobb\u00e1gytelki iskola \u00e9vfordul\u00f3j\u00e1ra<\/br><\/p>\n","protected":false},"excerpt":{"rendered":"<p>? \u2020\u00a0?: tan\u00edt\u00f3. \u2013 P. J\u00f3zsef l\u00e1nya. Jobb\u00e1gytelk\u00e9n tan\u00edtott (1921\u201340). Irod.: Eml\u00e9kk\u00f6nyv a jobb\u00e1gytelki iskola \u00e9vfordul\u00f3j\u00e1ra<\/p>\n","protected":false},"featured_media":0,"comment_status":"open","ping_status":"closed","template":"","meta":[],"product_brand":[],"product_cat":[137],"product_tag":[],"class_list":{"0":"post-18140","1":"product","2":"type-product","3":"status-publish","5":"product_cat-maros-megyei-eletrajzi-lexikon","7":"first","8":"instock","9":"shipping-taxable","10":"product-type-simple"},"_links":{"self":[{"href":"https:\/\/uj.adatbank.ro\/lexikon\/wp-json\/wp\/v2\/product\/18140","targetHints":{"allow":["GET"]}}],"collection":[{"href":"https:\/\/uj.adatbank.ro\/lexikon\/wp-json\/wp\/v2\/product"}],"about":[{"href":"https:\/\/uj.adatbank.ro\/lexikon\/wp-json\/wp\/v2\/types\/product"}],"replies":[{"embeddable":true,"href":"https:\/\/uj.adatbank.ro\/lexikon\/wp-json\/wp\/v2\/comments?post=18140"}],"wp:attachment":[{"href":"https:\/\/uj.adatbank.ro\/lexikon\/wp-json\/wp\/v2\/media?parent=18140"}],"wp:term":[{"taxonomy":"product_brand","embeddable":true,"href":"https:\/\/uj.adatbank.ro\/lexikon\/wp-json\/wp\/v2\/product_brand?post=18140"},{"taxonomy":"product_cat","embeddable":true,"href":"https:\/\/uj.adatbank.ro\/lexikon\/wp-json\/wp\/v2\/product_cat?post=18140"},{"taxonomy":"product_tag","embeddable":true,"href":"https:\/\/uj.adatbank.ro\/lexikon\/wp-json\/wp\/v2\/product_tag?post=18140"}],"curies":[{"name":"wp","href":"https:\/\/api.w.org\/{rel}","templated":true}]}}