{"id":18141,"date":"2025-07-16T10:40:53","date_gmt":"2025-07-16T08:40:53","guid":{"rendered":"https:\/\/uj.adatbank.ro\/lexikon\/termek\/petrescu-katalin-sz-vulkan\/"},"modified":"2025-07-16T10:40:53","modified_gmt":"2025-07-16T08:40:53","slug":"petrescu-katalin-sz-vulkan","status":"publish","type":"product","link":"https:\/\/uj.adatbank.ro\/lexikon\/termek\/petrescu-katalin-sz-vulkan\/","title":{"rendered":"PETRESCU Katalin, sz. VULK\u00c1N"},"content":{"rendered":"<p>Mv., 1934 + Sepsisztgy\u00f6rgy, 2004 jan.26, eltemetve Mv., k\u00f6zgazd\u00e1sz, a Kov\u00e1szna Megyei Statisztikai Hivatal aligazgat\u00f3ja<\/br><\/p>\n","protected":false},"excerpt":{"rendered":"<p>Mv., 1934 + Sepsisztgy\u00f6rgy, 2004 jan.26, eltemetve Mv., k\u00f6zgazd\u00e1sz, a Kov\u00e1szna Megyei Statisztikai Hivatal aligazgat\u00f3ja<\/p>\n","protected":false},"featured_media":0,"comment_status":"open","ping_status":"closed","template":"","meta":[],"product_brand":[],"product_cat":[137],"product_tag":[],"class_list":{"0":"post-18141","1":"product","2":"type-product","3":"status-publish","5":"product_cat-maros-megyei-eletrajzi-lexikon","7":"first","8":"instock","9":"shipping-taxable","10":"product-type-simple"},"_links":{"self":[{"href":"https:\/\/uj.adatbank.ro\/lexikon\/wp-json\/wp\/v2\/product\/18141","targetHints":{"allow":["GET"]}}],"collection":[{"href":"https:\/\/uj.adatbank.ro\/lexikon\/wp-json\/wp\/v2\/product"}],"about":[{"href":"https:\/\/uj.adatbank.ro\/lexikon\/wp-json\/wp\/v2\/types\/product"}],"replies":[{"embeddable":true,"href":"https:\/\/uj.adatbank.ro\/lexikon\/wp-json\/wp\/v2\/comments?post=18141"}],"wp:attachment":[{"href":"https:\/\/uj.adatbank.ro\/lexikon\/wp-json\/wp\/v2\/media?parent=18141"}],"wp:term":[{"taxonomy":"product_brand","embeddable":true,"href":"https:\/\/uj.adatbank.ro\/lexikon\/wp-json\/wp\/v2\/product_brand?post=18141"},{"taxonomy":"product_cat","embeddable":true,"href":"https:\/\/uj.adatbank.ro\/lexikon\/wp-json\/wp\/v2\/product_cat?post=18141"},{"taxonomy":"product_tag","embeddable":true,"href":"https:\/\/uj.adatbank.ro\/lexikon\/wp-json\/wp\/v2\/product_tag?post=18141"}],"curies":[{"name":"wp","href":"https:\/\/api.w.org\/{rel}","templated":true}]}}