{"id":18143,"date":"2025-07-16T10:40:57","date_gmt":"2025-07-16T08:40:57","guid":{"rendered":"https:\/\/uj.adatbank.ro\/lexikon\/termek\/petrescu-p-ioan\/"},"modified":"2025-07-16T10:40:57","modified_gmt":"2025-07-16T08:40:57","slug":"petrescu-p-ioan","status":"publish","type":"product","link":"https:\/\/uj.adatbank.ro\/lexikon\/termek\/petrescu-p-ioan\/","title":{"rendered":"PETRESCU, P. Ioan"},"content":{"rendered":"<p>? \u2020 ?: ort. pap. \u2013 Lib\u00e1nfalv\u00e1n szolg\u00e1lt (1848 ut\u00e1n). <br \/><strong>Irod.:<\/strong> Reghin, Protopopiat<\/br><\/p>\n","protected":false},"excerpt":{"rendered":"<p>? \u2020 ?: ort. pap. \u2013 Lib\u00e1nfalv\u00e1n szolg\u00e1lt (1848 ut\u00e1n). Irod.: Reghin, Protopopiat<\/p>\n","protected":false},"featured_media":0,"comment_status":"open","ping_status":"closed","template":"","meta":[],"product_brand":[],"product_cat":[137],"product_tag":[],"class_list":{"0":"post-18143","1":"product","2":"type-product","3":"status-publish","5":"product_cat-maros-megyei-eletrajzi-lexikon","7":"first","8":"instock","9":"shipping-taxable","10":"product-type-simple"},"_links":{"self":[{"href":"https:\/\/uj.adatbank.ro\/lexikon\/wp-json\/wp\/v2\/product\/18143","targetHints":{"allow":["GET"]}}],"collection":[{"href":"https:\/\/uj.adatbank.ro\/lexikon\/wp-json\/wp\/v2\/product"}],"about":[{"href":"https:\/\/uj.adatbank.ro\/lexikon\/wp-json\/wp\/v2\/types\/product"}],"replies":[{"embeddable":true,"href":"https:\/\/uj.adatbank.ro\/lexikon\/wp-json\/wp\/v2\/comments?post=18143"}],"wp:attachment":[{"href":"https:\/\/uj.adatbank.ro\/lexikon\/wp-json\/wp\/v2\/media?parent=18143"}],"wp:term":[{"taxonomy":"product_brand","embeddable":true,"href":"https:\/\/uj.adatbank.ro\/lexikon\/wp-json\/wp\/v2\/product_brand?post=18143"},{"taxonomy":"product_cat","embeddable":true,"href":"https:\/\/uj.adatbank.ro\/lexikon\/wp-json\/wp\/v2\/product_cat?post=18143"},{"taxonomy":"product_tag","embeddable":true,"href":"https:\/\/uj.adatbank.ro\/lexikon\/wp-json\/wp\/v2\/product_tag?post=18143"}],"curies":[{"name":"wp","href":"https:\/\/api.w.org\/{rel}","templated":true}]}}