{"id":18146,"date":"2025-07-16T10:41:04","date_gmt":"2025-07-16T08:41:04","guid":{"rendered":"https:\/\/uj.adatbank.ro\/lexikon\/termek\/petri-adam\/"},"modified":"2025-07-16T10:41:04","modified_gmt":"2025-07-16T08:41:04","slug":"petri-adam","status":"publish","type":"product","link":"https:\/\/uj.adatbank.ro\/lexikon\/termek\/petri-adam\/","title":{"rendered":"PETRI \u00c1d\u00e1m"},"content":{"rendered":"<p>1817., \u2020 Mv., 1878. febr. 9.: jog\u00e1sz, polg\u00e1rmester. \u2013 P. Gy\u00f6rgy \u00e9s L\u00e9n\u00e1rt Lidia fia. Testv\u00e9rei: P. \u00c1gnes V\u00e9gh Ferencn\u00e9. Feles\u00e9ge: Farcz\u00e1di Emilia. Gyermekeik: Vilma Kathonay Gyul\u00e1n\u00e9; Lajos, joghallgat\u00f3; R\u00f3za, Nagy K\u00e1rolyn\u00e9. \u2013 Az 1849-ben meg\u00faj\u00edtott mv.-i v\u00e1rosi tan\u00e1csban a k\u00f6zigazgat\u00e1st illet\u0151 \u00fcgyek el\u0151ad\u00f3ja \u00e9s f\u0151sz\u00e1ll\u00e1srendez\u0151 volt. Az orosz csapatok elvitt\u00e9k \u0151t \u00e9s L\u00e9n\u00e1rt D\u00e1nielt kezesk\u00e9nt, t\u00faszk\u00e9nt amig a v\u00e1ros a hadisarcot ki nem fizette (1849. aug, ). Kir. it\u00e9l\u0151-t\u00e1blab\u00edr\u00f3 lett, jogakad\u00e9miai tan\u00e1r \u00e9s k\u00e9s\u0151bb Mv. polg\u00e1rmestere (1854\u201363), az els\u0151 f\u0151b\u00edr\u00f3, aki polg\u00e1rmesteri c\u00edmet viselt. A Mv.-i Dalk\u00f6r els\u0151 eln\u00f6ke 11 \u00e9vig (1867. \u00e1pr. 30\u20131878.), orosz csapatok elvitt\u00e9k \u0151t \u00e9s L\u00e9n\u00e1rt D\u00e1nielt kezesk\u00e9nt amig a v\u00e1ros a hadisarcot ki nem fizette (1849. aug). Az 1849-ben meg\u00faj\u00edtott mv.-i v\u00e1rosi tan\u00e1csban a k\u00f6zigazgat\u00e1st illet\u0151 \u00fcgyek el\u0151ad\u00f3ja \u00e9s f\u0151sz\u00e1ll\u00e1srendez\u0151 volt. A ref. egyh\u00e1z f\u0151gondnoka (1861). Mv.-en utc\u00e1t neveztek el r\u00f3la (1941\u20131995). <br \/><strong>Irod.:<\/strong> B\u00f6jthe Andor; Fodor\u2013Bal\u00e1s; Gy\u00e1szjelent\u0151; Id\u0151t\u00e1r 2, Kim; L\u00e9n\u00e1rt J\u00f3zsef: V. E. eml\u00e9kezete (Maros-Vid\u00e9k, 1880. j\u00fal. 16.); A Mv.-i Dalk\u00f6r alapszab\u00e1lyai (Mv., 1876); \u00d6kr\u00f6s; P\u00e1l-Antal; P\u00e1lmay J\u00f3zsef; Popa, Traian: Tg.M.; Sipos; Szentgy\u00f6rgyi; Transilvania 1848\u201349; De\u00e1k Lajos:Visszatekint\u00e9s a dalk\u00f6r m\u00faltj\u00e1ra = Eml\u00e9kk\u00f6nyv (szerk. Farkas D\u00e1niel; Mv., 1883); Vigh<\/br><\/p>\n","protected":false},"excerpt":{"rendered":"<p>1817., \u2020 Mv., 1878. febr. 9.: jog\u00e1sz, polg\u00e1rmester. \u2013 P. Gy\u00f6rgy \u00e9s L\u00e9n\u00e1rt Lidia fia. Testv\u00e9rei: P. \u00c1gnes V\u00e9gh Ferencn\u00e9. Feles\u00e9ge: Farcz\u00e1di Emilia. Gyermekeik: Vilma Kathonay Gyul\u00e1n\u00e9; Lajos, joghallgat\u00f3; R\u00f3za, Nagy K\u00e1rolyn\u00e9. \u2013 Az 1849-ben meg\u00faj\u00edtott mv.-i v\u00e1rosi tan\u00e1csban a k\u00f6zigazgat\u00e1st illet\u0151 \u00fcgyek el\u0151ad\u00f3ja \u00e9s f\u0151sz\u00e1ll\u00e1srendez\u0151 volt. Az orosz csapatok elvitt\u00e9k \u0151t \u00e9s L\u00e9n\u00e1rt D\u00e1nielt [&hellip;]<\/p>\n","protected":false},"featured_media":0,"comment_status":"open","ping_status":"closed","template":"","meta":[],"product_brand":[],"product_cat":[137],"product_tag":[],"class_list":{"0":"post-18146","1":"product","2":"type-product","3":"status-publish","5":"product_cat-maros-megyei-eletrajzi-lexikon","7":"first","8":"instock","9":"shipping-taxable","10":"product-type-simple"},"_links":{"self":[{"href":"https:\/\/uj.adatbank.ro\/lexikon\/wp-json\/wp\/v2\/product\/18146","targetHints":{"allow":["GET"]}}],"collection":[{"href":"https:\/\/uj.adatbank.ro\/lexikon\/wp-json\/wp\/v2\/product"}],"about":[{"href":"https:\/\/uj.adatbank.ro\/lexikon\/wp-json\/wp\/v2\/types\/product"}],"replies":[{"embeddable":true,"href":"https:\/\/uj.adatbank.ro\/lexikon\/wp-json\/wp\/v2\/comments?post=18146"}],"wp:attachment":[{"href":"https:\/\/uj.adatbank.ro\/lexikon\/wp-json\/wp\/v2\/media?parent=18146"}],"wp:term":[{"taxonomy":"product_brand","embeddable":true,"href":"https:\/\/uj.adatbank.ro\/lexikon\/wp-json\/wp\/v2\/product_brand?post=18146"},{"taxonomy":"product_cat","embeddable":true,"href":"https:\/\/uj.adatbank.ro\/lexikon\/wp-json\/wp\/v2\/product_cat?post=18146"},{"taxonomy":"product_tag","embeddable":true,"href":"https:\/\/uj.adatbank.ro\/lexikon\/wp-json\/wp\/v2\/product_tag?post=18146"}],"curies":[{"name":"wp","href":"https:\/\/api.w.org\/{rel}","templated":true}]}}