{"id":18149,"date":"2025-07-16T10:41:14","date_gmt":"2025-07-16T08:41:14","guid":{"rendered":"https:\/\/uj.adatbank.ro\/lexikon\/termek\/petri-elek-%c2%a7\/"},"modified":"2025-07-16T10:41:14","modified_gmt":"2025-07-16T08:41:14","slug":"petri-elek-%c2%a7","status":"publish","type":"product","link":"https:\/\/uj.adatbank.ro\/lexikon\/termek\/petri-elek-%c2%a7\/","title":{"rendered":"PETRI Elek, \u00a7"},"content":{"rendered":"<p>Mv., 1852. nov. 20., 11. \u2020 Bp., 1921. m\u00e1rc. 3.: ref. p\u00fcsp\u00f6k, teol\u00f3giai tan\u00e1r, bibliaford\u00edt\u00f3, egyh\u00e1zi \u00edr\u00f3. \u2013 Apja keresked\u0151. A gimn\u00e1ziumi tanulm\u00e1nyait Mv.-en a Ref. Koll.-ban v\u00e9gezte, majd a bp.-i ref. teol. akad.-n (1870\u201374), a marburgi (1874\u201375), az utrechti (1875\u2014 76) egy.-en tanult. A bp.-i ref. teol. akad.-n a bibliai tudom\u00e1nyok se\u00adg\u00e9d-, majd h. tan\u00e1ra (1876\u2013), r. tan\u00e1r (1879\u2013), ogy.-i k\u00e9pvisel\u0151 (1886). A dunamell\u00e9ki egyh\u00e1zker\u00fclet egyh\u00e1zker\u00fcleti aljegyz\u0151je (1881\u2013); p\u00e9nzt\u00e1rnoka (1891\u2013); a p\u00fcsp\u00f6ki hivatal vezet\u00e9s\u00e9vel b\u00edzt\u00e1k meg (1891\u2013); bp.-i lelk\u00e9sz Sz\u00e1sz K\u00e1roly p\u00fcsp\u00f6k nyugd\u00edjaz\u00e1sa ut\u00e1n (1904\u2013), a dunamell\u00e9ki ref. egyh\u00e1zker. p\u00fcsp\u00f6ke volt (1915. okt. 21.\u2013).. A M. Prot. Irod. T\u00e1rs. Tagja, majd lelk\u00e9sz m\u00e1sodel\u00adn\u00f6ke (1915\u201321). T\u00f6bb k\u00f6zegyh\u00e1zi tiszt\u00ads\u00e9get t\u00f6lt\u00f6tt be, irod. \u00e9s tud. munk\u00e1ss\u00e1ga k\u00fcl\u00f6\u00adn\u00f6sen a bibliai tudom\u00e1nyok ter\u00e9n jelent\u0151s. Ve\u00adzet\u0151 szerepet j\u00e1tszott a bibliaford\u00edt\u00e1s rev\u00edzi\u00f3j\u00e1\u00adban. Cikkei, tanulm\u00e1nyai t\u00f6bbnyire az Egyh\u00e1zi Reformban, a Prot. Egyh. \u00e9s Isk. Lapban \u00e9s a Prot. Szl\u00e9ben jelentek meg. \u2013 <strong>F. m.:<\/strong> A vall\u00e1s szerepe a mindennapi \u00e9letben. Gyakorlati papi dolgozatok (Bp., 1891); Kal\u00e1szok az \u00e9letnek kenyer\u00e9hez. Gyakorlati papi dolgozatok (Bp., 1892); Teend\u0151inkr\u0151l (Bp., 1916); P\u00fcsp\u00f6ki je\u00adlent\u00e9s (Bp., 1916). <br \/><strong>Irod.:<\/strong> Mv. \u00e9s a h\u00e1bor\u00fa 2.; RNL; Rugonfalvi Kiss; Szab\u00f3\u2013Simon\u2013Sz\u00f6gi; Szinnyei; \u00daM\u00c9L<\/br><\/p>\n","protected":false},"excerpt":{"rendered":"<p>Mv., 1852. nov. 20., 11. \u2020 Bp., 1921. m\u00e1rc. 3.: ref. p\u00fcsp\u00f6k, teol\u00f3giai tan\u00e1r, bibliaford\u00edt\u00f3, egyh\u00e1zi \u00edr\u00f3. \u2013 Apja keresked\u0151. A gimn\u00e1ziumi tanulm\u00e1nyait Mv.-en a Ref. Koll.-ban v\u00e9gezte, majd a bp.-i ref. teol. akad.-n (1870\u201374), a marburgi (1874\u201375), az utrechti (1875\u2014 76) egy.-en tanult. A bp.-i ref. teol. akad.-n a bibliai tudom\u00e1nyok se\u00adg\u00e9d-, majd h. [&hellip;]<\/p>\n","protected":false},"featured_media":0,"comment_status":"open","ping_status":"closed","template":"","meta":[],"product_brand":[],"product_cat":[137],"product_tag":[],"class_list":{"0":"post-18149","1":"product","2":"type-product","3":"status-publish","5":"product_cat-maros-megyei-eletrajzi-lexikon","7":"first","8":"instock","9":"shipping-taxable","10":"product-type-simple"},"_links":{"self":[{"href":"https:\/\/uj.adatbank.ro\/lexikon\/wp-json\/wp\/v2\/product\/18149","targetHints":{"allow":["GET"]}}],"collection":[{"href":"https:\/\/uj.adatbank.ro\/lexikon\/wp-json\/wp\/v2\/product"}],"about":[{"href":"https:\/\/uj.adatbank.ro\/lexikon\/wp-json\/wp\/v2\/types\/product"}],"replies":[{"embeddable":true,"href":"https:\/\/uj.adatbank.ro\/lexikon\/wp-json\/wp\/v2\/comments?post=18149"}],"wp:attachment":[{"href":"https:\/\/uj.adatbank.ro\/lexikon\/wp-json\/wp\/v2\/media?parent=18149"}],"wp:term":[{"taxonomy":"product_brand","embeddable":true,"href":"https:\/\/uj.adatbank.ro\/lexikon\/wp-json\/wp\/v2\/product_brand?post=18149"},{"taxonomy":"product_cat","embeddable":true,"href":"https:\/\/uj.adatbank.ro\/lexikon\/wp-json\/wp\/v2\/product_cat?post=18149"},{"taxonomy":"product_tag","embeddable":true,"href":"https:\/\/uj.adatbank.ro\/lexikon\/wp-json\/wp\/v2\/product_tag?post=18149"}],"curies":[{"name":"wp","href":"https:\/\/api.w.org\/{rel}","templated":true}]}}