{"id":18152,"date":"2025-07-16T10:41:19","date_gmt":"2025-07-16T08:41:19","guid":{"rendered":"https:\/\/uj.adatbank.ro\/lexikon\/termek\/petri-janos\/"},"modified":"2025-07-16T10:41:19","modified_gmt":"2025-07-16T08:41:19","slug":"petri-janos","status":"publish","type":"product","link":"https:\/\/uj.adatbank.ro\/lexikon\/termek\/petri-janos\/","title":{"rendered":"PETRI J\u00e1nos"},"content":{"rendered":"<p>1824., \u2020\u00a0Mv., 1892.: tan\u00edt\u00f3. \u2013 Feles\u00e9ge: Golnhoffer Jozefa. \u2013 Feles\u00e9g\u00e9vel \u00e1ll\u00edtott\u00e1k fel Mv.-en az els\u0151 le\u00e1nyiskol\u00e1t (1862), hat taner\u0151vel. <br \/><strong>Irod.:<\/strong> B\u00f6jthe Andor; Id\u0151t\u00e1r 5 \/1.; P\u00e1lmay J\u00f3zsef<\/br><\/p>\n","protected":false},"excerpt":{"rendered":"<p>1824., \u2020\u00a0Mv., 1892.: tan\u00edt\u00f3. \u2013 Feles\u00e9ge: Golnhoffer Jozefa. \u2013 Feles\u00e9g\u00e9vel \u00e1ll\u00edtott\u00e1k fel Mv.-en az els\u0151 le\u00e1nyiskol\u00e1t (1862), hat taner\u0151vel. Irod.: B\u00f6jthe Andor; Id\u0151t\u00e1r 5 \/1.; P\u00e1lmay J\u00f3zsef<\/p>\n","protected":false},"featured_media":0,"comment_status":"open","ping_status":"closed","template":"","meta":[],"product_brand":[],"product_cat":[137],"product_tag":[],"class_list":{"0":"post-18152","1":"product","2":"type-product","3":"status-publish","5":"product_cat-maros-megyei-eletrajzi-lexikon","7":"first","8":"instock","9":"shipping-taxable","10":"product-type-simple"},"_links":{"self":[{"href":"https:\/\/uj.adatbank.ro\/lexikon\/wp-json\/wp\/v2\/product\/18152","targetHints":{"allow":["GET"]}}],"collection":[{"href":"https:\/\/uj.adatbank.ro\/lexikon\/wp-json\/wp\/v2\/product"}],"about":[{"href":"https:\/\/uj.adatbank.ro\/lexikon\/wp-json\/wp\/v2\/types\/product"}],"replies":[{"embeddable":true,"href":"https:\/\/uj.adatbank.ro\/lexikon\/wp-json\/wp\/v2\/comments?post=18152"}],"wp:attachment":[{"href":"https:\/\/uj.adatbank.ro\/lexikon\/wp-json\/wp\/v2\/media?parent=18152"}],"wp:term":[{"taxonomy":"product_brand","embeddable":true,"href":"https:\/\/uj.adatbank.ro\/lexikon\/wp-json\/wp\/v2\/product_brand?post=18152"},{"taxonomy":"product_cat","embeddable":true,"href":"https:\/\/uj.adatbank.ro\/lexikon\/wp-json\/wp\/v2\/product_cat?post=18152"},{"taxonomy":"product_tag","embeddable":true,"href":"https:\/\/uj.adatbank.ro\/lexikon\/wp-json\/wp\/v2\/product_tag?post=18152"}],"curies":[{"name":"wp","href":"https:\/\/api.w.org\/{rel}","templated":true}]}}