{"id":18153,"date":"2025-07-16T10:41:22","date_gmt":"2025-07-16T08:41:22","guid":{"rendered":"https:\/\/uj.adatbank.ro\/lexikon\/termek\/petri-karl-robert-%c2%a7\/"},"modified":"2025-07-16T10:41:22","modified_gmt":"2025-07-16T08:41:22","slug":"petri-karl-robert-%c2%a7","status":"publish","type":"product","link":"https:\/\/uj.adatbank.ro\/lexikon\/termek\/petri-karl-robert-%c2%a7\/","title":{"rendered":"PETRI, Karl Robert, \u00a7"},"content":{"rendered":"<p>Segesv\u00e1r, 1852. dec. 17., \u2020 Segesv\u00e1r, 1932. nov. 22.: tan\u00e1r, biol\u00f3gus, rovartud\u00f3s. \u2013 Apja tan\u00e1r. A gimn\u00e1ziumot sz\u00fcl\u0151v\u00e1ros\u00e1ban v\u00e9gezte (1872), majd J\u00e9n\u00e1ban a Hittud. Egyetemen (1873\u2013) \u00e9s Lipcs\u00e9ben tanult teol\u00f3gi\u00e1t \u00e9s term\u00e9szettudom\u00e1nyokat (1876\u201377); b\u00f6lcseleti doktorr\u00e1 avatt\u00e1k (1877). A segesv\u00e1ri alre\u00e1liskol\u00e1ban tan\u00edtott term\u00e9szetrajzot, fizik\u00e1t \u00e9s k\u00e9mi\u00e1t (1877\u2013); a polg\u00e1ri iskol\u00e1ba helyezt\u00e9k (1880); az iparostanonciskola vezet\u0151je (1885\u2013); a f\u0151gimn\u00e1ziumban term\u00e9szettant \u00e9s matematik\u00e1t tan\u00edtott (1891. szept. 2\u2013) igazgat\u00f3ja (1894\u20131916). Nyugd\u00edjba vonult (1916). Megalap\u00edtotta a segesv\u00e1ri r\u00e9szleg\u00e9t az Erd\u00e9lyi Term\u00e9szettudom\u00e1nyi T\u00e1rsas\u00e1gnak (1907). K\u00f6z\u00edr\u00f3k\u00e9nt is ismert. Kutat\u00e1si ter\u00fclete az erd\u00e9lyi rovarvil\u00e1g, az orm\u00e1nyos bogarakra szakosodott. Kb. 30 \u00faj eur\u00f3pai, \u00e1zsiai, afrikai \u00e9s D\u00e9l-amerikai orm\u00e1nyos bog\u00e1rfajt\u00e1t \u00edrt le. Szaklapokban Verhandlungen und Mitteilungen des Siebenb\u00fcrgische Vereins f\u00fcr Naturwissenschaften in Hermannstadt, Verhandlungen der zoologisch-botanischen Gesellschaft in Wien, Festschrift des Siebenb\u00fcrgische Vereins f\u00fcr Naturwissenschaften in Hermannstadt 38 tudom\u00e1nyos dolgozata jelent meg. \u2013 <strong>F. m.:<\/strong> Die Kopulationsorgane der Plagiostomen. Inaugural-Dissertation mit 3 Tafeln. (Leipzig, 1877) (K\u00fcl\u00f6nny. a Zeitschrift f\u00fcr Wissensch. Zoologie-b\u00f3l); Lehr- und Lesebuch f\u00fcr Gewerbe-Lehrlingsschulen. Hermannstadt, 1896\u20131897. K\u00e9t r\u00e9sz. (M\u00e1sokkal egy\u00fctt 2. \u00e1tdolg. kiad\u00e1s.(Leipzigt, 1902.); Siebenb\u00fcrgens K\u00e4ferfauna auf Grund ihrer Erforschung bis zum Jahre 1911 (Berlin, 1912). <br \/><strong>Irod.:<\/strong> LSS, A magyar \u00e1llatani irodalom ismertet\u00e9se (Bp., 1891\u20131903); A Magyar Birodalom \u00e1llatvil\u00e1ga (Bp., 1900); A mo.-i. k\u00f6z\u00e9piskol\u00e1kban 1850\u201355 megjelent \u00f6sszes program\u00e9rtekez\u00e9seknek repert\u00f3riuma (Bp., 1887); Rugonfalvi Kiss; Szab\u00f3\u2013Simon\u2013Sz\u00f6gi, Szil\u00e1dy Zolt\u00e1n : Die Geschichte der Zoologie in Ungarn (Debrecen, 1927); Szinnyei, Todea\u2013F\u00fcl\u00f6p\u2013Avram; Transilvania<\/br><\/p>\n","protected":false},"excerpt":{"rendered":"<p>Segesv\u00e1r, 1852. dec. 17., \u2020 Segesv\u00e1r, 1932. nov. 22.: tan\u00e1r, biol\u00f3gus, rovartud\u00f3s. \u2013 Apja tan\u00e1r. A gimn\u00e1ziumot sz\u00fcl\u0151v\u00e1ros\u00e1ban v\u00e9gezte (1872), majd J\u00e9n\u00e1ban a Hittud. Egyetemen (1873\u2013) \u00e9s Lipcs\u00e9ben tanult teol\u00f3gi\u00e1t \u00e9s term\u00e9szettudom\u00e1nyokat (1876\u201377); b\u00f6lcseleti doktorr\u00e1 avatt\u00e1k (1877). A segesv\u00e1ri alre\u00e1liskol\u00e1ban tan\u00edtott term\u00e9szetrajzot, fizik\u00e1t \u00e9s k\u00e9mi\u00e1t (1877\u2013); a polg\u00e1ri iskol\u00e1ba helyezt\u00e9k (1880); az iparostanonciskola vezet\u0151je (1885\u2013); [&hellip;]<\/p>\n","protected":false},"featured_media":0,"comment_status":"open","ping_status":"closed","template":"","meta":[],"product_brand":[],"product_cat":[137],"product_tag":[],"class_list":{"0":"post-18153","1":"product","2":"type-product","3":"status-publish","5":"product_cat-maros-megyei-eletrajzi-lexikon","7":"first","8":"instock","9":"shipping-taxable","10":"product-type-simple"},"_links":{"self":[{"href":"https:\/\/uj.adatbank.ro\/lexikon\/wp-json\/wp\/v2\/product\/18153","targetHints":{"allow":["GET"]}}],"collection":[{"href":"https:\/\/uj.adatbank.ro\/lexikon\/wp-json\/wp\/v2\/product"}],"about":[{"href":"https:\/\/uj.adatbank.ro\/lexikon\/wp-json\/wp\/v2\/types\/product"}],"replies":[{"embeddable":true,"href":"https:\/\/uj.adatbank.ro\/lexikon\/wp-json\/wp\/v2\/comments?post=18153"}],"wp:attachment":[{"href":"https:\/\/uj.adatbank.ro\/lexikon\/wp-json\/wp\/v2\/media?parent=18153"}],"wp:term":[{"taxonomy":"product_brand","embeddable":true,"href":"https:\/\/uj.adatbank.ro\/lexikon\/wp-json\/wp\/v2\/product_brand?post=18153"},{"taxonomy":"product_cat","embeddable":true,"href":"https:\/\/uj.adatbank.ro\/lexikon\/wp-json\/wp\/v2\/product_cat?post=18153"},{"taxonomy":"product_tag","embeddable":true,"href":"https:\/\/uj.adatbank.ro\/lexikon\/wp-json\/wp\/v2\/product_tag?post=18153"}],"curies":[{"name":"wp","href":"https:\/\/api.w.org\/{rel}","templated":true}]}}