{"id":18155,"date":"2025-07-16T10:41:26","date_gmt":"2025-07-16T08:41:26","guid":{"rendered":"https:\/\/uj.adatbank.ro\/lexikon\/termek\/petri-nagy-gyorgy\/"},"modified":"2025-07-16T10:41:26","modified_gmt":"2025-07-16T08:41:26","slug":"petri-nagy-gyorgy","status":"publish","type":"product","link":"https:\/\/uj.adatbank.ro\/lexikon\/termek\/petri-nagy-gyorgy\/","title":{"rendered":"PETRI NAGY Gy\u00f6rgy"},"content":{"rendered":"<p>Mv., 1761. febr. 24., \u2020 Mv., 1811. \u00e1pr. 18.: t\u00edm\u00e1rmester, napl\u00f3\u00edr\u00f3. \u2013 Iparos polg\u00e1r Mv.-en, \u00edr\u00e1stud\u00f3 ember volt, aki 40 \u00e9ven \u00e1t napl\u00f3t vezetett (1770\u20131810), amelyben a korabeli t\u00e1rsadalmi viszonyokat, a napi esem\u00e9nyeket sorolta fel, adatokat k\u00f6z\u00f6l az akkori p\u00e9nzviszonyokr\u00f3l, az ipari term\u00e9kek \u00e9s \u00e9lelmi cikkek \u00e1rhull\u00e1mz\u00e1s\u00e1r\u00f3l. Megeml\u00e9kezett mint szemtan\u00fa II. J\u00f3zsef cs\u00e1sz\u00e1rnak Mv.-en tett l\u00e1togat\u00e1s\u00e1r\u00f3l (1773. j\u00fan. 11.). Feleleven\u00edti II. J\u00f3zsefnek a t\u00f6r\u00f6k \u00e9s I. Ferenc cs\u00e1sz\u00e1rnak a franci\u00e1k elleni hadj\u00e1ratait, adatokat ny\u00fajt arra n\u00e9zve is hogy Mv. v\u00e1ros az 1809. \u00e9vi nemesi felkel\u00e9sben milyen ar\u00e1nyban vett r\u00e9szt. A k\u00e9ziratot ilencfalvi Sz\u00e1sz P\u00e9ter a koll. preceptora saj\u00e1t kez\u00fcleg lem\u00e1solta kivonatosan, a Mv.-re vonatkoz\u00f3 fontosabb adatokat \u00e9s az ut\u00f3korra hagyta, r\u00f6vid bevezet\u0151t \u00edrt hozz\u00e1. Ezt adta ki dr. Moln\u00e1r G\u00e1bor Petri Nagy Gy\u00f6rgy marosv\u00e1s\u00e1rhelyi polg\u00e1r napl\u00f3ja c. (Marosv\u00e1s\u00e1rhely c. lapban, 1911.). \u2013 <strong>F. m.:<\/strong> P.N.GY.kr\u00f3nik\u00e1ja 1770\u20131810 (Moln\u00e1r G\u00e1bor bevezet\u0151j\u00e9vel) = Marossz\u00e9ki kr\u00f3nik\u00e1k, 2. <br \/><strong>Irod.:<\/strong> Fogarasi; Id\u0151t\u00e1r 1; Kr\u00f3n. F\u00fcz. (1939. 4\/8); Man: Tg. M. , P\u00e1l-Antal 2009<\/br><\/p>\n","protected":false},"excerpt":{"rendered":"<p>Mv., 1761. febr. 24., \u2020 Mv., 1811. \u00e1pr. 18.: t\u00edm\u00e1rmester, napl\u00f3\u00edr\u00f3. \u2013 Iparos polg\u00e1r Mv.-en, \u00edr\u00e1stud\u00f3 ember volt, aki 40 \u00e9ven \u00e1t napl\u00f3t vezetett (1770\u20131810), amelyben a korabeli t\u00e1rsadalmi viszonyokat, a napi esem\u00e9nyeket sorolta fel, adatokat k\u00f6z\u00f6l az akkori p\u00e9nzviszonyokr\u00f3l, az ipari term\u00e9kek \u00e9s \u00e9lelmi cikkek \u00e1rhull\u00e1mz\u00e1s\u00e1r\u00f3l. Megeml\u00e9kezett mint szemtan\u00fa II. J\u00f3zsef cs\u00e1sz\u00e1rnak Mv.-en tett [&hellip;]<\/p>\n","protected":false},"featured_media":0,"comment_status":"open","ping_status":"closed","template":"","meta":[],"product_brand":[],"product_cat":[137],"product_tag":[],"class_list":{"0":"post-18155","1":"product","2":"type-product","3":"status-publish","5":"product_cat-maros-megyei-eletrajzi-lexikon","7":"first","8":"instock","9":"shipping-taxable","10":"product-type-simple"},"_links":{"self":[{"href":"https:\/\/uj.adatbank.ro\/lexikon\/wp-json\/wp\/v2\/product\/18155","targetHints":{"allow":["GET"]}}],"collection":[{"href":"https:\/\/uj.adatbank.ro\/lexikon\/wp-json\/wp\/v2\/product"}],"about":[{"href":"https:\/\/uj.adatbank.ro\/lexikon\/wp-json\/wp\/v2\/types\/product"}],"replies":[{"embeddable":true,"href":"https:\/\/uj.adatbank.ro\/lexikon\/wp-json\/wp\/v2\/comments?post=18155"}],"wp:attachment":[{"href":"https:\/\/uj.adatbank.ro\/lexikon\/wp-json\/wp\/v2\/media?parent=18155"}],"wp:term":[{"taxonomy":"product_brand","embeddable":true,"href":"https:\/\/uj.adatbank.ro\/lexikon\/wp-json\/wp\/v2\/product_brand?post=18155"},{"taxonomy":"product_cat","embeddable":true,"href":"https:\/\/uj.adatbank.ro\/lexikon\/wp-json\/wp\/v2\/product_cat?post=18155"},{"taxonomy":"product_tag","embeddable":true,"href":"https:\/\/uj.adatbank.ro\/lexikon\/wp-json\/wp\/v2\/product_tag?post=18155"}],"curies":[{"name":"wp","href":"https:\/\/api.w.org\/{rel}","templated":true}]}}