{"id":18158,"date":"2025-07-16T10:41:33","date_gmt":"2025-07-16T08:41:33","guid":{"rendered":"https:\/\/uj.adatbank.ro\/lexikon\/termek\/petri-zalan\/"},"modified":"2025-07-16T10:41:33","modified_gmt":"2025-07-16T08:41:33","slug":"petri-zalan","status":"publish","type":"product","link":"https:\/\/uj.adatbank.ro\/lexikon\/termek\/petri-zalan\/","title":{"rendered":"PETRI Zal\u00e1n"},"content":{"rendered":"<p>? \u2020 ?: m\u00e9sz\u00e1ros. \u2013 Testv\u00e9re P. S\u00e1mson. \u2013 Mv.-en a Petri testv\u00e9rek h\u00fas\u00fczlete a Toldalagi h\u00e1z f\u00f6ldszintj\u00e9n m\u0171k\u00f6d\u00f6tt (1940 es \u00e9vek, alap\u00edtott\u00e1k 1879), ez volt a megye, egyik legkorszer\u0171bb \u00e9s legjobban felszerelt h\u00fasfeldolgoz\u00f3 \u00fczeme \u00e9s \u00fczlete (1894\u2013), amelyeket az \u00e1llamos\u00edt\u00e1s alkalm\u00e1val vettek el t\u0151l\u00fck, \u00e9s \u00e9l\u00e9re munk\u00e1sigazgat\u00f3t neveztek ki Nemes J\u00e1nos szem\u00e9ly\u00e9ben (1948. j\u00fal. 1.). A II.vh. ideje alatt a n\u00e9met hadseregt\u0151l kaptak megrendel\u00e9st egy nagyobb mennyis\u00e9g\u0171 h\u00faskonzerv k\u00e9sz\u00edt\u00e9s\u00e9re. Ennek \u00e9rdek\u00e9ben 2000 szarvasmarh\u00e1t v\u00e1s\u00e1roltak \u00e9s dolgoztak fel (1944. aug. ). K\u00f6zvetlen\u00fcl az aug. 23.-i aktus ut\u00e1n a n\u00e9met hadsereg k\u00e9pvisel\u0151i fel is vett\u00e9k a k\u00e9sz term\u00e9keket azzal az ig\u00e9rettel, h. \u00e1tutalj\u00e1k azok \u00e9rt\u00e9k\u00e9t a bankba, \u00e1m a h\u00e1bor\u00fas k\u00f6r\u00fclm\u00e9nyek folyt\u00e1n ezt az ad\u00f3ss\u00e1got a tulajdonosok m\u00e1r nem tudt\u00e1k behajtani. Ez \u00f3ri\u00e1si vesztes\u00e9get jelentett, mert az \u00fczem teljes forg\u00f3 t\u0151k\u00e9j\u00e9t befektett\u00e9k a nyersanyag beszerz\u00e9s\u00e9be. Forg\u00f3 t\u0151ke hi\u00e1ny\u00e1ban az \u00fczem felsz\u00e1molta tev\u00e9kenys\u00e9g\u00e9t, lemondott az iparenged\u00e9ly\u00e9r\u0151l, \u00e9s bez\u00e1rta kapuit (1945).-<br \/><strong>Irod.:<\/strong> Bartos Zolt\u00e1n; Csepreghy 2010<\/br><\/p>\n","protected":false},"excerpt":{"rendered":"<p>? \u2020 ?: m\u00e9sz\u00e1ros. \u2013 Testv\u00e9re P. S\u00e1mson. \u2013 Mv.-en a Petri testv\u00e9rek h\u00fas\u00fczlete a Toldalagi h\u00e1z f\u00f6ldszintj\u00e9n m\u0171k\u00f6d\u00f6tt (1940 es \u00e9vek, alap\u00edtott\u00e1k 1879), ez volt a megye, egyik legkorszer\u0171bb \u00e9s legjobban felszerelt h\u00fasfeldolgoz\u00f3 \u00fczeme \u00e9s \u00fczlete (1894\u2013), amelyeket az \u00e1llamos\u00edt\u00e1s alkalm\u00e1val vettek el t\u0151l\u00fck, \u00e9s \u00e9l\u00e9re munk\u00e1sigazgat\u00f3t neveztek ki Nemes J\u00e1nos szem\u00e9ly\u00e9ben (1948. j\u00fal. [&hellip;]<\/p>\n","protected":false},"featured_media":0,"comment_status":"open","ping_status":"closed","template":"","meta":[],"product_brand":[],"product_cat":[137],"product_tag":[],"class_list":{"0":"post-18158","1":"product","2":"type-product","3":"status-publish","5":"product_cat-maros-megyei-eletrajzi-lexikon","7":"first","8":"instock","9":"shipping-taxable","10":"product-type-simple"},"_links":{"self":[{"href":"https:\/\/uj.adatbank.ro\/lexikon\/wp-json\/wp\/v2\/product\/18158","targetHints":{"allow":["GET"]}}],"collection":[{"href":"https:\/\/uj.adatbank.ro\/lexikon\/wp-json\/wp\/v2\/product"}],"about":[{"href":"https:\/\/uj.adatbank.ro\/lexikon\/wp-json\/wp\/v2\/types\/product"}],"replies":[{"embeddable":true,"href":"https:\/\/uj.adatbank.ro\/lexikon\/wp-json\/wp\/v2\/comments?post=18158"}],"wp:attachment":[{"href":"https:\/\/uj.adatbank.ro\/lexikon\/wp-json\/wp\/v2\/media?parent=18158"}],"wp:term":[{"taxonomy":"product_brand","embeddable":true,"href":"https:\/\/uj.adatbank.ro\/lexikon\/wp-json\/wp\/v2\/product_brand?post=18158"},{"taxonomy":"product_cat","embeddable":true,"href":"https:\/\/uj.adatbank.ro\/lexikon\/wp-json\/wp\/v2\/product_cat?post=18158"},{"taxonomy":"product_tag","embeddable":true,"href":"https:\/\/uj.adatbank.ro\/lexikon\/wp-json\/wp\/v2\/product_tag?post=18158"}],"curies":[{"name":"wp","href":"https:\/\/api.w.org\/{rel}","templated":true}]}}