{"id":18161,"date":"2025-07-16T10:41:37","date_gmt":"2025-07-16T08:41:37","guid":{"rendered":"https:\/\/uj.adatbank.ro\/lexikon\/termek\/petri-zsigmond-3\/"},"modified":"2025-07-16T10:41:37","modified_gmt":"2025-07-16T08:41:37","slug":"petri-zsigmond-3","status":"publish","type":"product","link":"https:\/\/uj.adatbank.ro\/lexikon\/termek\/petri-zsigmond-3\/","title":{"rendered":"PETRI Zsigmond"},"content":{"rendered":"<p>1853 \u2020\u00a0Mv., 1932. j\u00fan.: birtokos, m\u00e9sz\u00e1ros. \u2013 A 48 \u00e9s Kossuth P\u00e1rt szimpatiz\u00e1nsa. R\u00e9szt vett az 1896. \u00e9vi millenniumi bp.-i \u00fcnneps\u00e9gen, Ger\u00e9b B\u00e9la polg\u00e1rmester \u00e9s Bern\u00e1dy Gy\u00f6rgy mellett. Bern\u00e1dy Gy\u00f6rgy ellenz\u00e9k\u00e9hez tartozott, a megv\u00e1lasztott ellenz\u00e9k aleln\u00f6ke (1896), a f\u00fcggetlens\u00e9gi p\u00e1rt egyik ker\u00fclet\u00e9nek aleln\u00f6ke (1906 k.), t\u00f6bbsz\u00f6r beperelte Bern\u00e1dyt sikertelen\u00fcl. Majd kib\u00e9k\u00fcltek mikor Bern\u00e1dy javasolta, hogy a v\u00e1rosi OMP Int\u00e9z\u0151 Bizotts\u00e9g tagjai k\u00f6z\u00e9 vegy\u00e9k fel azokat a magyarokat is, akik bejutottak a tan\u00e1csba, \u00edgy tan\u00e1cstag lett P. Zs. is (1926. febr.). A mv.-i Dolgoz\u00f3k Blokkja eln\u00f6ke (1930. m\u00e1rc.), a MPDB c\u00e9lja Bern\u00e1dy szerint, a v\u00e1rosi magyars\u00e1g k\u00e9pviselet\u00e9t egy egys\u00e9ges szervezetbe kell t\u00f6m\u00f6r\u00edteni, ez\u00e1ltal a magyars\u00e1g sz\u00e1m\u00e1nak megfelel\u0151en k\u00e9pviselve legyen a v\u00e1rosi tan\u00e1csban, az \u00e9l\u00e9n m. polg\u00e1rmesterrel \u00e9s az alkalmazottak is a magyars\u00e1g sz\u00e1m\u00e1nak ar\u00e1ny\u00e1ban megfelel\u0151ek legyenek. Eln\u00f6kk\u00e9nt a Blokk tev\u00e9kenys\u00e9g\u00e9t a vezet\u0151s\u00e9g \u00e9s P. Zs. l\u00e1tta el hal\u00e1l\u00e1ig. Temet\u00e9s\u00e9re Bern\u00e1dy k\u00fclf\u00f6ldi \u00fatj\u00e1r\u00f3l hazat\u00e9rt. <br \/><strong>Irod.:<\/strong> Bern\u00e1dy; <\/br><\/p>\n","protected":false},"excerpt":{"rendered":"<p>1853 \u2020\u00a0Mv., 1932. j\u00fan.: birtokos, m\u00e9sz\u00e1ros. \u2013 A 48 \u00e9s Kossuth P\u00e1rt szimpatiz\u00e1nsa. R\u00e9szt vett az 1896. \u00e9vi millenniumi bp.-i \u00fcnneps\u00e9gen, Ger\u00e9b B\u00e9la polg\u00e1rmester \u00e9s Bern\u00e1dy Gy\u00f6rgy mellett. Bern\u00e1dy Gy\u00f6rgy ellenz\u00e9k\u00e9hez tartozott, a megv\u00e1lasztott ellenz\u00e9k aleln\u00f6ke (1896), a f\u00fcggetlens\u00e9gi p\u00e1rt egyik ker\u00fclet\u00e9nek aleln\u00f6ke (1906 k.), t\u00f6bbsz\u00f6r beperelte Bern\u00e1dyt sikertelen\u00fcl. Majd kib\u00e9k\u00fcltek mikor Bern\u00e1dy javasolta, hogy [&hellip;]<\/p>\n","protected":false},"featured_media":0,"comment_status":"open","ping_status":"closed","template":"","meta":[],"product_brand":[],"product_cat":[137],"product_tag":[],"class_list":{"0":"post-18161","1":"product","2":"type-product","3":"status-publish","5":"product_cat-maros-megyei-eletrajzi-lexikon","7":"first","8":"instock","9":"shipping-taxable","10":"product-type-simple"},"_links":{"self":[{"href":"https:\/\/uj.adatbank.ro\/lexikon\/wp-json\/wp\/v2\/product\/18161","targetHints":{"allow":["GET"]}}],"collection":[{"href":"https:\/\/uj.adatbank.ro\/lexikon\/wp-json\/wp\/v2\/product"}],"about":[{"href":"https:\/\/uj.adatbank.ro\/lexikon\/wp-json\/wp\/v2\/types\/product"}],"replies":[{"embeddable":true,"href":"https:\/\/uj.adatbank.ro\/lexikon\/wp-json\/wp\/v2\/comments?post=18161"}],"wp:attachment":[{"href":"https:\/\/uj.adatbank.ro\/lexikon\/wp-json\/wp\/v2\/media?parent=18161"}],"wp:term":[{"taxonomy":"product_brand","embeddable":true,"href":"https:\/\/uj.adatbank.ro\/lexikon\/wp-json\/wp\/v2\/product_brand?post=18161"},{"taxonomy":"product_cat","embeddable":true,"href":"https:\/\/uj.adatbank.ro\/lexikon\/wp-json\/wp\/v2\/product_cat?post=18161"},{"taxonomy":"product_tag","embeddable":true,"href":"https:\/\/uj.adatbank.ro\/lexikon\/wp-json\/wp\/v2\/product_tag?post=18161"}],"curies":[{"name":"wp","href":"https:\/\/api.w.org\/{rel}","templated":true}]}}