{"id":18162,"date":"2025-07-16T10:41:38","date_gmt":"2025-07-16T08:41:38","guid":{"rendered":"https:\/\/uj.adatbank.ro\/lexikon\/termek\/petric-aurelia-viorica\/"},"modified":"2025-07-16T10:41:38","modified_gmt":"2025-07-16T08:41:38","slug":"petric-aurelia-viorica","status":"publish","type":"product","link":"https:\/\/uj.adatbank.ro\/lexikon\/termek\/petric-aurelia-viorica\/","title":{"rendered":"PETRIC, Aurelia Viorica"},"content":{"rendered":"<p>Mez\u0151szokol, 1910. febr. 13., \u2020 ?: tan\u00e1r. \u2013 Sz\u00e1szr\u00e9genben \u00e9s Mv.-en v\u00e9gezte az elemi \u00e9s k\u00f6z\u00e9piskol\u00e1t (1928), a kv.- i egyetemen f\u00f6ldrajz-term\u00e9szetrajz szakot (1926\u201332), k\u00e9pes\u00edt\u00e9si vizsg\u00e1t tett (1942). Nevel\u0151n\u0151 Mv.-en az Unirea L\u00edc.-ban (1932\u201334), Temesv\u00e1ron (1936\u201337), tisztvisel\u0151 Aradon (1936\u201340). Tan\u00e1r Bal\u00e1zsfalv\u00e1n (1940\u201347), Nagyk\u00e1rolyban (1947\u201353), Temesv\u00e1ron (1954\u201360) valamint nyugd\u00edjaz\u00e1s\u00e1ig Bal\u00e1zsfalv\u00e1n (1960\u201365). <br \/><strong>Irod.:<\/strong> Com\u015fa\u2013Seiceanu; Todea 2013<\/br><\/p>\n","protected":false},"excerpt":{"rendered":"<p>Mez\u0151szokol, 1910. febr. 13., \u2020 ?: tan\u00e1r. \u2013 Sz\u00e1szr\u00e9genben \u00e9s Mv.-en v\u00e9gezte az elemi \u00e9s k\u00f6z\u00e9piskol\u00e1t (1928), a kv.- i egyetemen f\u00f6ldrajz-term\u00e9szetrajz szakot (1926\u201332), k\u00e9pes\u00edt\u00e9si vizsg\u00e1t tett (1942). Nevel\u0151n\u0151 Mv.-en az Unirea L\u00edc.-ban (1932\u201334), Temesv\u00e1ron (1936\u201337), tisztvisel\u0151 Aradon (1936\u201340). Tan\u00e1r Bal\u00e1zsfalv\u00e1n (1940\u201347), Nagyk\u00e1rolyban (1947\u201353), Temesv\u00e1ron (1954\u201360) valamint nyugd\u00edjaz\u00e1s\u00e1ig Bal\u00e1zsfalv\u00e1n (1960\u201365). Irod.: Com\u015fa\u2013Seiceanu; Todea 2013<\/p>\n","protected":false},"featured_media":0,"comment_status":"open","ping_status":"closed","template":"","meta":[],"product_brand":[],"product_cat":[137],"product_tag":[],"class_list":{"0":"post-18162","1":"product","2":"type-product","3":"status-publish","5":"product_cat-maros-megyei-eletrajzi-lexikon","7":"first","8":"instock","9":"shipping-taxable","10":"product-type-simple"},"_links":{"self":[{"href":"https:\/\/uj.adatbank.ro\/lexikon\/wp-json\/wp\/v2\/product\/18162","targetHints":{"allow":["GET"]}}],"collection":[{"href":"https:\/\/uj.adatbank.ro\/lexikon\/wp-json\/wp\/v2\/product"}],"about":[{"href":"https:\/\/uj.adatbank.ro\/lexikon\/wp-json\/wp\/v2\/types\/product"}],"replies":[{"embeddable":true,"href":"https:\/\/uj.adatbank.ro\/lexikon\/wp-json\/wp\/v2\/comments?post=18162"}],"wp:attachment":[{"href":"https:\/\/uj.adatbank.ro\/lexikon\/wp-json\/wp\/v2\/media?parent=18162"}],"wp:term":[{"taxonomy":"product_brand","embeddable":true,"href":"https:\/\/uj.adatbank.ro\/lexikon\/wp-json\/wp\/v2\/product_brand?post=18162"},{"taxonomy":"product_cat","embeddable":true,"href":"https:\/\/uj.adatbank.ro\/lexikon\/wp-json\/wp\/v2\/product_cat?post=18162"},{"taxonomy":"product_tag","embeddable":true,"href":"https:\/\/uj.adatbank.ro\/lexikon\/wp-json\/wp\/v2\/product_tag?post=18162"}],"curies":[{"name":"wp","href":"https:\/\/api.w.org\/{rel}","templated":true}]}}