{"id":18164,"date":"2025-07-16T10:41:43","date_gmt":"2025-07-16T08:41:43","guid":{"rendered":"https:\/\/uj.adatbank.ro\/lexikon\/termek\/petrichevich-horvath-ferenc-szeplaki\/"},"modified":"2025-07-16T10:41:43","modified_gmt":"2025-07-16T08:41:43","slug":"petrichevich-horvath-ferenc-szeplaki","status":"publish","type":"product","link":"https:\/\/uj.adatbank.ro\/lexikon\/termek\/petrichevich-horvath-ferenc-szeplaki\/","title":{"rendered":"PETRICHEVICH HORV\u00c1TH Ferenc, sz\u00e9plaki"},"content":{"rendered":"<p>? \u2020 Sz\u00e9plak, 1746. m\u00e1j. 3.: f\u00f6ldbirtokos. \u2013 Ferenc (1647\u20131699) \u00e9s sz\u00e9kelykocs\u00e1rdi Balogh Katalin fia. Feles\u00e9ge gagyi P\u00e1lfy Ilona (* 1707 \u2020 1786.). Gyermekei: Kl\u00e1ra (1730\u2013), Ferenc (1732\u20131804).<br \/><strong>Irod.:<\/strong> Bicsok-Orb\u00e1n; Kempelen<\/br><\/p>\n","protected":false},"excerpt":{"rendered":"<p>? \u2020 Sz\u00e9plak, 1746. m\u00e1j. 3.: f\u00f6ldbirtokos. \u2013 Ferenc (1647\u20131699) \u00e9s sz\u00e9kelykocs\u00e1rdi Balogh Katalin fia. Feles\u00e9ge gagyi P\u00e1lfy Ilona (* 1707 \u2020 1786.). Gyermekei: Kl\u00e1ra (1730\u2013), Ferenc (1732\u20131804).Irod.: Bicsok-Orb\u00e1n; Kempelen<\/p>\n","protected":false},"featured_media":0,"comment_status":"open","ping_status":"closed","template":"","meta":[],"product_brand":[],"product_cat":[137],"product_tag":[],"class_list":{"0":"post-18164","1":"product","2":"type-product","3":"status-publish","5":"product_cat-maros-megyei-eletrajzi-lexikon","7":"first","8":"instock","9":"shipping-taxable","10":"product-type-simple"},"_links":{"self":[{"href":"https:\/\/uj.adatbank.ro\/lexikon\/wp-json\/wp\/v2\/product\/18164","targetHints":{"allow":["GET"]}}],"collection":[{"href":"https:\/\/uj.adatbank.ro\/lexikon\/wp-json\/wp\/v2\/product"}],"about":[{"href":"https:\/\/uj.adatbank.ro\/lexikon\/wp-json\/wp\/v2\/types\/product"}],"replies":[{"embeddable":true,"href":"https:\/\/uj.adatbank.ro\/lexikon\/wp-json\/wp\/v2\/comments?post=18164"}],"wp:attachment":[{"href":"https:\/\/uj.adatbank.ro\/lexikon\/wp-json\/wp\/v2\/media?parent=18164"}],"wp:term":[{"taxonomy":"product_brand","embeddable":true,"href":"https:\/\/uj.adatbank.ro\/lexikon\/wp-json\/wp\/v2\/product_brand?post=18164"},{"taxonomy":"product_cat","embeddable":true,"href":"https:\/\/uj.adatbank.ro\/lexikon\/wp-json\/wp\/v2\/product_cat?post=18164"},{"taxonomy":"product_tag","embeddable":true,"href":"https:\/\/uj.adatbank.ro\/lexikon\/wp-json\/wp\/v2\/product_tag?post=18164"}],"curies":[{"name":"wp","href":"https:\/\/api.w.org\/{rel}","templated":true}]}}