{"id":18165,"date":"2025-07-16T10:41:44","date_gmt":"2025-07-16T08:41:44","guid":{"rendered":"https:\/\/uj.adatbank.ro\/lexikon\/termek\/petrichevich-horvath-csalad-szeplaki-nemes-baro\/"},"modified":"2025-07-16T10:41:44","modified_gmt":"2025-07-16T08:41:44","slug":"petrichevich-horvath-csalad-szeplaki-nemes-baro","status":"publish","type":"product","link":"https:\/\/uj.adatbank.ro\/lexikon\/termek\/petrichevich-horvath-csalad-szeplaki-nemes-baro\/","title":{"rendered":"PETRICHEVICH-HORV\u00c1TH csal\u00e1d, sz\u00e9plaki nemes, b\u00e1r\u00f3"},"content":{"rendered":"<p>Erd\u00e9ly egyik legnevesebb csal\u00e1dja. Horv\u00e1torsz\u00e1gb\u00f3l sz\u00e1rmaztak, a Mogorovich nemzets\u00e9gb\u0151l. Onnan a t\u00f6r\u00f6k h\u00e1bor\u00fak \u00e9s h\u00f3d\u00edt\u00e1s el\u0151l a 15\u201316 sz.-ban Mo.ra majd ut\u00f3bb egy \u00e1g Erd\u00e9lybe k\u00f6lt\u00f6z\u00f6tt. Radochi Petrichevich n\u00e9vvel Mikl\u00f3s l\u00e9pett el\u0151sz\u00f6r Erd\u00e9lybe (1543), s itt vette fel a Horv\u00e1th nevet; egy m\u00e1sik \u00e1g pedig Horv\u00e1torsz\u00e1gban maradt, ahol Petrichevich n\u00e9v alatt most is \u00e9l. Mikl\u00f3s \u00e9s ut\u00f3dai rendszerint j\u00f3 h\u00e1zass\u00e1gok \u00e1ltal hamar kedvez\u0151 \u00e1llapotra hoz\u00e1k a csal\u00e1dot. Mikl\u00f3snak unoka\u00f6ccse I. Kozma (1523\u20131590) Szapolyai J\u00e1nos-Zsigmond alatt B\u00e9csv\u00e1r gondvisel\u0151je, a B\u00e1thoriak alatt (1578\u20131590.) a fogarasi v\u00e1r kapit\u00e1nya, \u00e9s fejedelmi tan\u00e1csos volt. Fia I. Gy\u00f6rgy 1608-ban tett v\u00e9grendelet\u00e9ben bej\u00f6vetel\u00f6kr\u0151l eml\u00e9kezv\u00e9n, megemliti, hogy minden\u00e9t apja szerz\u0151 \u00fcgyess\u00e9g\u00e9nek k\u00f6sz\u00f6nheti. Le\u00e1ny-\u00e1gon (1584. j\u00fal. 10.) a csal\u00e1d birtok\u00e1ba jutott K\u00fck\u00fcll\u0151Sz\u00e9plak, s ezt a birtokot k\u00f6zel n\u00e9gysz\u00e1z \u00e9vig meg is \u0151r\u00edzt\u00e9k, innen \u00edrt\u00e1k el\u0151nev\u00fcket \u00e9s erre a csal\u00e1d \u00faj adom\u00e1nyt nyert Bethlen G\u00e1bort\u00f3l (1616. \u00e1pr. 22). I. Mikl\u00f3s k\u00e9t d\u00e9dunok\u00e1ja II. Kozma (1634\u20131690) \u00e9s Ferenc (1647\u20131699) lesz\u00e1rmazottaib\u00f3l alakult ki a csal\u00e1d k\u00e9t f\u0151 \u00e1ga. Rangemel\u00e9sek: IV. Kozma t\u00e1bornok 1778-ban b\u00e1r\u00f3s\u00e1got nyert, de benne ez \u00e1ga kihalt. B\u00e1r\u00f3i rang: osztr\u00e1k b\u00e1r\u00f3: J\u00e1nos Mikl\u00f3s cs. k. kamar\u00e1s, alt\u00e1bornagy (B\u00e9cs, 1845. szept. 11), magyar erd\u00e9lyi: Albert (1859 nov. 20); magyar: Artur \u00e9s K\u00e1lm\u00e1n (B\u00e9cs 1894. m\u00e1j. 30); Lajos magyar gr\u00f3fi rangot kapott (1883. m\u00e1j. 22.). A k\u00e9t \u00faj csal\u00e1di \u00e1g: Mik\u00f3s \u00e9s \u00d6d\u00f6n uralkod\u00f3i kegyk\u00e9nt enged\u00e9lyt kaptak hogy a gyermektelen br. Incz\u00e9dy Zsigmond nev\u00e9t \u00e9s rangj\u00e1t felvegy\u00e9k (1861) sz\u00e9plaki \u00e9s nagyv\u00e1radi br. Horv\u00e1th Incz\u00e9dy csal\u00e1d. Nagyszalontai \u00e9s \u00e9s feketeb\u00e1tori Tholdy S\u00e1muel \u00f6r\u00f6kbe fogadta \u0151ccse \u00c1d\u00e1m le\u00e1ny\u00e1gi unok\u00e1j\u00e1t P. H. J\u00e1nos alt\u00e1bornaggot (1857) sz\u00e9plaki \u00e9s feketeb\u00e1tori gr Horv\u00e1th Toldy csal\u00e1d lett. A csal\u00e1d \u00f6r\u00f6k\u00f6s jogon tagja a f\u0151rendih\u00e1znak \u00e9s unit\u00e1rius. C\u00edmer: (\u0151si nemesi) k\u00e9k mez\u0151ben 5 hull\u00e1mos p\u00f3ly\u00e1val \u00e1br\u00e1zolt tengeren jobbra fordult koron\u00e1s delfin; a pajzsf\u0151ben jobbr\u00f3l arany csillag, balr\u00f3l ez\u00fcst f\u00e9lhold.C\u00edmerpecs\u00e9t a gr. Teleki-lev\u00e9lt\u00e1rban. Birtokaik: K\u00fck\u00fcll\u0151sz\u00e9plak, Backamadaras, Fels\u0151zsuk, Als\u00f3gy\u00e9k\u00e9nyes, Als\u00f3ilosva. Kast\u00e9lyok: Als\u00f3gy\u00e9k\u00e9nyes, Als\u00f3ilosva, Fels\u0151zsuk, Backamadaras-Albert feles\u00e9ge r\u00e9v\u00e9n kapta, \u00e9s a 18. sz.-i udvarh\u00e1z hely\u00e9n kast\u00e9lyt \u00e9p\u00edttetett; K\u00fck\u00fcll\u0151sz\u00e9plak-ez ma m\u00e1r nem \u00e1ll, hely\u00e9n cig\u00e1nytemet\u0151 van., Sz\u0151kefalva- P.H. D\u00e1niel \u00e9lp\u00edttette a 18. sz. v\u00e9g\u00e9n, Az utols\u00f3 tulajdonos P.H. Art\u00far. A kategori\u00e1s m\u0171eml\u00e9k.. <br \/><strong>Irod.:<\/strong> B\u00e1lint Zsigmond 2010; Bi\u00e1s Istv\u00e1n: Unit\u00e1rius egyh\u00e1zt\u00f6rt\u00e9neti adatok (Mv., 1910); Bicsok-Orb\u00e1n; Boros Gy\u00f6rgy: B\u00e1r\u00f3 Petrichevich-Horv\u00e1th K\u00e1lm\u00e1n \u00e9s el\u0151dei (Kv., 1929); B\u00f6l\u00f6ni Domokos: Sz\u00e9plakok tal\u00e1lkoz\u00f3ja (N\u00fa., 1998. m\u00e1j. 26.), Gudenus; Kelemen Lajos, 2006; Kempelen; Keresztes 1995; K\u0151v\u00e1ry; MNZS; Nagy Iv\u00e1n; Petrichevich Horv\u00e1th Emil: A Mongorovich nemzets\u00e9gbeli Petrichevich csal\u00e1d t\u00f6rt\u00e9nete \u00e9s oklev\u00e9lt\u00e1ra (Bp., 1934\u201341); Pusztul\u00e1sra \u00edt\u00e9lt sz\u0151kefalvi kast\u00e9ly ( Kr\u00f3nika, 2006. j\u00fan. 6.); S\u00e1ndor Imre: A sz\u00e9plaki Petrichevich Horv\u00e1th csal\u00e1d (Kv., 1908); Transilvania; Valori muresene.<\/br><\/p>\n","protected":false},"excerpt":{"rendered":"<p>Erd\u00e9ly egyik legnevesebb csal\u00e1dja. Horv\u00e1torsz\u00e1gb\u00f3l sz\u00e1rmaztak, a Mogorovich nemzets\u00e9gb\u0151l. Onnan a t\u00f6r\u00f6k h\u00e1bor\u00fak \u00e9s h\u00f3d\u00edt\u00e1s el\u0151l a 15\u201316 sz.-ban Mo.ra majd ut\u00f3bb egy \u00e1g Erd\u00e9lybe k\u00f6lt\u00f6z\u00f6tt. Radochi Petrichevich n\u00e9vvel Mikl\u00f3s l\u00e9pett el\u0151sz\u00f6r Erd\u00e9lybe (1543), s itt vette fel a Horv\u00e1th nevet; egy m\u00e1sik \u00e1g pedig Horv\u00e1torsz\u00e1gban maradt, ahol Petrichevich n\u00e9v alatt most is \u00e9l. Mikl\u00f3s [&hellip;]<\/p>\n","protected":false},"featured_media":0,"comment_status":"open","ping_status":"closed","template":"","meta":[],"product_brand":[],"product_cat":[137],"product_tag":[],"class_list":{"0":"post-18165","1":"product","2":"type-product","3":"status-publish","5":"product_cat-maros-megyei-eletrajzi-lexikon","7":"first","8":"instock","9":"shipping-taxable","10":"product-type-simple"},"_links":{"self":[{"href":"https:\/\/uj.adatbank.ro\/lexikon\/wp-json\/wp\/v2\/product\/18165","targetHints":{"allow":["GET"]}}],"collection":[{"href":"https:\/\/uj.adatbank.ro\/lexikon\/wp-json\/wp\/v2\/product"}],"about":[{"href":"https:\/\/uj.adatbank.ro\/lexikon\/wp-json\/wp\/v2\/types\/product"}],"replies":[{"embeddable":true,"href":"https:\/\/uj.adatbank.ro\/lexikon\/wp-json\/wp\/v2\/comments?post=18165"}],"wp:attachment":[{"href":"https:\/\/uj.adatbank.ro\/lexikon\/wp-json\/wp\/v2\/media?parent=18165"}],"wp:term":[{"taxonomy":"product_brand","embeddable":true,"href":"https:\/\/uj.adatbank.ro\/lexikon\/wp-json\/wp\/v2\/product_brand?post=18165"},{"taxonomy":"product_cat","embeddable":true,"href":"https:\/\/uj.adatbank.ro\/lexikon\/wp-json\/wp\/v2\/product_cat?post=18165"},{"taxonomy":"product_tag","embeddable":true,"href":"https:\/\/uj.adatbank.ro\/lexikon\/wp-json\/wp\/v2\/product_tag?post=18165"}],"curies":[{"name":"wp","href":"https:\/\/api.w.org\/{rel}","templated":true}]}}