{"id":18166,"date":"2025-07-16T10:41:46","date_gmt":"2025-07-16T08:41:46","guid":{"rendered":"https:\/\/uj.adatbank.ro\/lexikon\/termek\/petrichevich-horvath-albert-szeplaki-br\/"},"modified":"2025-07-16T10:41:46","modified_gmt":"2025-07-16T08:41:46","slug":"petrichevich-horvath-albert-szeplaki-br","status":"publish","type":"product","link":"https:\/\/uj.adatbank.ro\/lexikon\/termek\/petrichevich-horvath-albert-szeplaki-br\/","title":{"rendered":"PETRICHEVICH-HORV\u00c1TH Albert, sz\u00e9plaki br."},"content":{"rendered":"<p>Zabola, 1801. \u00e1pr. 23., \u2020 Backamadaras, 1874. j\u00fan. 13.: f\u0151isp\u00e1n, f\u0151korm\u00e1nysz\u00e9ki tan\u00e1csos, f\u0151kir\u00e1lyb\u00edr\u00f3, cs. \u00e9s kir. kamar\u00e1s, v. b. t. t.. \u2013 Farkas (1767\u20131816) \u00e9s sepsiszentgy\u00f6rgyi Dacz\u00f3 Roz\u00e1lia fia. Feles\u00e9ge: z\u00e1goni Szentkereszty \/ Szentkereszti Zsuzs\u00e1nna (1807. dec. 7.- Backamadaras, 1872. dec. 14.). Esk\u00fcv\u0151: Z\u00e1gon (1826. jan. 6.). Gyermekeik: R\u00f3za Vargyasi D\u00e1niel Imr\u00e9n\u00e9; R\u00f3za, Emma, P. Berta cs\u00edkszentdomokosi S\u00e1ndor L\u00e1szl\u00f3; B\u00e9la, honv\u00e9d lovas sz\u00e1zados (1834\u20131912), feles\u00e9ge finkovai Macsk\u00e1si Laura, Samu (1842\u20131885). H\u00e1romsz\u00e9k, Udvarhely-, \u00e9s Maros-Torda vm. f\u0151isp\u00e1nja, a m. f\u0151rendih\u00e1z \u00f6r\u00f6k\u00f6s tagja, f\u0151korm\u00e1nysz\u00e9ki tan\u00e1csos, ideiglenesen kinevezett f\u0151kir\u00e1lyb\u00edr\u00f3 (1861). Osztr\u00e1k b\u00e1r\u00f3i rangot nyert ( B\u00e9cs, 1859. nov. 20). A backamadarasi birtok feles\u00e9ge hozom\u00e1nya volt, ott a 19. sz\u00e1zad elej\u00e9n emeletes kast\u00e9lyt \u00e9p\u00edttetett, ma is \u00e1ll.. A Szent Istv\u00e1n-rend kiskeresztes vit\u00e9ze. <br \/><strong>Irod.:<\/strong> Bicsok-Orb\u00e1n; Gudenus; Gy\u00e1szjelent\u0151; Id\u0151t\u00e1r 2; Kempelen; Keresztes Gyula: A backamadarasi udvarh\u00e1z \u00e9s kast\u00e9ly (N\u00fa., 1994. febr. 25.); MNZS; Ny\u00e1r\u00e1d mente; Nagy Iv\u00e1n; P\u00e1l-Antal; P\u00e1lmay; Sepsisz\u00e9ki<\/br><\/p>\n","protected":false},"excerpt":{"rendered":"<p>Zabola, 1801. \u00e1pr. 23., \u2020 Backamadaras, 1874. j\u00fan. 13.: f\u0151isp\u00e1n, f\u0151korm\u00e1nysz\u00e9ki tan\u00e1csos, f\u0151kir\u00e1lyb\u00edr\u00f3, cs. \u00e9s kir. kamar\u00e1s, v. b. t. t.. \u2013 Farkas (1767\u20131816) \u00e9s sepsiszentgy\u00f6rgyi Dacz\u00f3 Roz\u00e1lia fia. Feles\u00e9ge: z\u00e1goni Szentkereszty \/ Szentkereszti Zsuzs\u00e1nna (1807. dec. 7.- Backamadaras, 1872. dec. 14.). Esk\u00fcv\u0151: Z\u00e1gon (1826. jan. 6.). Gyermekeik: R\u00f3za Vargyasi D\u00e1niel Imr\u00e9n\u00e9; R\u00f3za, Emma, P. [&hellip;]<\/p>\n","protected":false},"featured_media":0,"comment_status":"open","ping_status":"closed","template":"","meta":[],"product_brand":[],"product_cat":[137],"product_tag":[],"class_list":{"0":"post-18166","1":"product","2":"type-product","3":"status-publish","5":"product_cat-maros-megyei-eletrajzi-lexikon","7":"first","8":"instock","9":"shipping-taxable","10":"product-type-simple"},"_links":{"self":[{"href":"https:\/\/uj.adatbank.ro\/lexikon\/wp-json\/wp\/v2\/product\/18166","targetHints":{"allow":["GET"]}}],"collection":[{"href":"https:\/\/uj.adatbank.ro\/lexikon\/wp-json\/wp\/v2\/product"}],"about":[{"href":"https:\/\/uj.adatbank.ro\/lexikon\/wp-json\/wp\/v2\/types\/product"}],"replies":[{"embeddable":true,"href":"https:\/\/uj.adatbank.ro\/lexikon\/wp-json\/wp\/v2\/comments?post=18166"}],"wp:attachment":[{"href":"https:\/\/uj.adatbank.ro\/lexikon\/wp-json\/wp\/v2\/media?parent=18166"}],"wp:term":[{"taxonomy":"product_brand","embeddable":true,"href":"https:\/\/uj.adatbank.ro\/lexikon\/wp-json\/wp\/v2\/product_brand?post=18166"},{"taxonomy":"product_cat","embeddable":true,"href":"https:\/\/uj.adatbank.ro\/lexikon\/wp-json\/wp\/v2\/product_cat?post=18166"},{"taxonomy":"product_tag","embeddable":true,"href":"https:\/\/uj.adatbank.ro\/lexikon\/wp-json\/wp\/v2\/product_tag?post=18166"}],"curies":[{"name":"wp","href":"https:\/\/api.w.org\/{rel}","templated":true}]}}