{"id":18167,"date":"2025-07-16T10:41:48","date_gmt":"2025-07-16T08:41:48","guid":{"rendered":"https:\/\/uj.adatbank.ro\/lexikon\/termek\/petrichevich-horvath-antonia-szeplaki-br-berg-hermanne\/"},"modified":"2025-07-16T10:41:48","modified_gmt":"2025-07-16T08:41:48","slug":"petrichevich-horvath-antonia-szeplaki-br-berg-hermanne","status":"publish","type":"product","link":"https:\/\/uj.adatbank.ro\/lexikon\/termek\/petrichevich-horvath-antonia-szeplaki-br-berg-hermanne\/","title":{"rendered":"PETRICHEVICH-HORV\u00c1TH Ant\u00f3nia, sz\u00e9plaki br.; Berg Hermann\u00e9"},"content":{"rendered":"<p>Fels\u0151zsuk, 1882. \u00e1pr. 24., \u2020 Mv., 1963. febr. 18.: birtokos \u2013 K\u00e1lm\u00e1n (1840\u20131926) \u00e9s Cs\u00e1ky Katalin l\u00e1nya. F\u00e9rjhez ment Fels\u0151zsukon 1915. j\u00fal. 7. b\u00e1r\u00f3 Berg Hermann ( V\u00e1mosmikola, Hont vm., 1863. aug. 9. \u2020 Bodony, N\u00f3gr\u00e1d vm., 1933. \u00e1pr. 23). cs. \u00e9s kir. kam., m. kir. husz\u00e1rezdeshez. <br \/><strong>Irod.:<\/strong> Gudenus<\/br><\/p>\n","protected":false},"excerpt":{"rendered":"<p>Fels\u0151zsuk, 1882. \u00e1pr. 24., \u2020 Mv., 1963. febr. 18.: birtokos \u2013 K\u00e1lm\u00e1n (1840\u20131926) \u00e9s Cs\u00e1ky Katalin l\u00e1nya. F\u00e9rjhez ment Fels\u0151zsukon 1915. j\u00fal. 7. b\u00e1r\u00f3 Berg Hermann ( V\u00e1mosmikola, Hont vm., 1863. aug. 9. \u2020 Bodony, N\u00f3gr\u00e1d vm., 1933. \u00e1pr. 23). cs. \u00e9s kir. kam., m. kir. husz\u00e1rezdeshez. Irod.: Gudenus<\/p>\n","protected":false},"featured_media":0,"comment_status":"open","ping_status":"closed","template":"","meta":[],"product_brand":[],"product_cat":[137],"product_tag":[],"class_list":{"0":"post-18167","1":"product","2":"type-product","3":"status-publish","5":"product_cat-maros-megyei-eletrajzi-lexikon","7":"first","8":"instock","9":"shipping-taxable","10":"product-type-simple"},"_links":{"self":[{"href":"https:\/\/uj.adatbank.ro\/lexikon\/wp-json\/wp\/v2\/product\/18167","targetHints":{"allow":["GET"]}}],"collection":[{"href":"https:\/\/uj.adatbank.ro\/lexikon\/wp-json\/wp\/v2\/product"}],"about":[{"href":"https:\/\/uj.adatbank.ro\/lexikon\/wp-json\/wp\/v2\/types\/product"}],"replies":[{"embeddable":true,"href":"https:\/\/uj.adatbank.ro\/lexikon\/wp-json\/wp\/v2\/comments?post=18167"}],"wp:attachment":[{"href":"https:\/\/uj.adatbank.ro\/lexikon\/wp-json\/wp\/v2\/media?parent=18167"}],"wp:term":[{"taxonomy":"product_brand","embeddable":true,"href":"https:\/\/uj.adatbank.ro\/lexikon\/wp-json\/wp\/v2\/product_brand?post=18167"},{"taxonomy":"product_cat","embeddable":true,"href":"https:\/\/uj.adatbank.ro\/lexikon\/wp-json\/wp\/v2\/product_cat?post=18167"},{"taxonomy":"product_tag","embeddable":true,"href":"https:\/\/uj.adatbank.ro\/lexikon\/wp-json\/wp\/v2\/product_tag?post=18167"}],"curies":[{"name":"wp","href":"https:\/\/api.w.org\/{rel}","templated":true}]}}