{"id":18170,"date":"2025-07-16T10:41:57","date_gmt":"2025-07-16T08:41:57","guid":{"rendered":"https:\/\/uj.adatbank.ro\/lexikon\/termek\/petrichevich-horvath-bela-szeplaki-br-2\/"},"modified":"2025-07-16T10:41:57","modified_gmt":"2025-07-16T08:41:57","slug":"petrichevich-horvath-bela-szeplaki-br-2","status":"publish","type":"product","link":"https:\/\/uj.adatbank.ro\/lexikon\/termek\/petrichevich-horvath-bela-szeplaki-br-2\/","title":{"rendered":"PETRICHEVICH-HORV\u00c1TH B\u00e9la, sz\u00e9plaki, br."},"content":{"rendered":"<p>Mv., 1873. j\u00fan. 9., \u2020 Debrecen, 1925. dec. 14.: f\u00f6ldbirtokos, m.kir. tenger\u00e9sztiszt. \u2013 S\u00e1muel (1842\u20131885) \u00e9s kir\u00e1lyhalmi Petky Ad\u00e9l (1854\u20131918) fia. Feles\u00e9ge Boly\u00e1rits Emilia, ( Ungv\u00e1r, 1877. \u00e1pr. 20. \u2020 D\u00e9s, 1918. nov. 2). Esk.: Fiume : 1895. j\u00fal. 6. Gyermekei. B\u00e9la (1898\u20131925), Margit. (1899\u20131944)-<br \/><strong>Irod.:<\/strong> Gudenus; Kempelen<\/br><\/p>\n","protected":false},"excerpt":{"rendered":"<p>Mv., 1873. j\u00fan. 9., \u2020 Debrecen, 1925. dec. 14.: f\u00f6ldbirtokos, m.kir. tenger\u00e9sztiszt. \u2013 S\u00e1muel (1842\u20131885) \u00e9s kir\u00e1lyhalmi Petky Ad\u00e9l (1854\u20131918) fia. Feles\u00e9ge Boly\u00e1rits Emilia, ( Ungv\u00e1r, 1877. \u00e1pr. 20. \u2020 D\u00e9s, 1918. nov. 2). Esk.: Fiume : 1895. j\u00fal. 6. Gyermekei. B\u00e9la (1898\u20131925), Margit. (1899\u20131944)-Irod.: Gudenus; Kempelen<\/p>\n","protected":false},"featured_media":0,"comment_status":"open","ping_status":"closed","template":"","meta":[],"product_brand":[],"product_cat":[137],"product_tag":[],"class_list":{"0":"post-18170","1":"product","2":"type-product","3":"status-publish","5":"product_cat-maros-megyei-eletrajzi-lexikon","7":"first","8":"instock","9":"shipping-taxable","10":"product-type-simple"},"_links":{"self":[{"href":"https:\/\/uj.adatbank.ro\/lexikon\/wp-json\/wp\/v2\/product\/18170","targetHints":{"allow":["GET"]}}],"collection":[{"href":"https:\/\/uj.adatbank.ro\/lexikon\/wp-json\/wp\/v2\/product"}],"about":[{"href":"https:\/\/uj.adatbank.ro\/lexikon\/wp-json\/wp\/v2\/types\/product"}],"replies":[{"embeddable":true,"href":"https:\/\/uj.adatbank.ro\/lexikon\/wp-json\/wp\/v2\/comments?post=18170"}],"wp:attachment":[{"href":"https:\/\/uj.adatbank.ro\/lexikon\/wp-json\/wp\/v2\/media?parent=18170"}],"wp:term":[{"taxonomy":"product_brand","embeddable":true,"href":"https:\/\/uj.adatbank.ro\/lexikon\/wp-json\/wp\/v2\/product_brand?post=18170"},{"taxonomy":"product_cat","embeddable":true,"href":"https:\/\/uj.adatbank.ro\/lexikon\/wp-json\/wp\/v2\/product_cat?post=18170"},{"taxonomy":"product_tag","embeddable":true,"href":"https:\/\/uj.adatbank.ro\/lexikon\/wp-json\/wp\/v2\/product_tag?post=18170"}],"curies":[{"name":"wp","href":"https:\/\/api.w.org\/{rel}","templated":true}]}}