{"id":18171,"date":"2025-07-16T10:41:58","date_gmt":"2025-07-16T08:41:58","guid":{"rendered":"https:\/\/uj.adatbank.ro\/lexikon\/termek\/petrichevich-horvath-berta-szeplaki-br\/"},"modified":"2025-07-16T10:41:58","modified_gmt":"2025-07-16T08:41:58","slug":"petrichevich-horvath-berta-szeplaki-br","status":"publish","type":"product","link":"https:\/\/uj.adatbank.ro\/lexikon\/termek\/petrichevich-horvath-berta-szeplaki-br\/","title":{"rendered":"PETRICHEVICH-HORV\u00c1TH Berta, sz\u00e9plaki br."},"content":{"rendered":"<p>Backamadaras, 1877, m\u00e1rc. 3., \u2020 Backamadaras., 1891 aug. 6. birtokos br. \u2013 B\u00e9la (1834\u20131912) \u00e9s tinkovai Macsk\u00e1si Laura (1841\u20131888) l\u00e1nya. V\u00edzbe fullt 14 \u00e9ves kor\u00e1ban. <br \/><strong>Irod.:<\/strong> Gudenus<\/br><\/p>\n","protected":false},"excerpt":{"rendered":"<p>Backamadaras, 1877, m\u00e1rc. 3., \u2020 Backamadaras., 1891 aug. 6. birtokos br. \u2013 B\u00e9la (1834\u20131912) \u00e9s tinkovai Macsk\u00e1si Laura (1841\u20131888) l\u00e1nya. V\u00edzbe fullt 14 \u00e9ves kor\u00e1ban. Irod.: Gudenus<\/p>\n","protected":false},"featured_media":0,"comment_status":"open","ping_status":"closed","template":"","meta":[],"product_brand":[],"product_cat":[137],"product_tag":[],"class_list":{"0":"post-18171","1":"product","2":"type-product","3":"status-publish","5":"product_cat-maros-megyei-eletrajzi-lexikon","7":"first","8":"instock","9":"shipping-taxable","10":"product-type-simple"},"_links":{"self":[{"href":"https:\/\/uj.adatbank.ro\/lexikon\/wp-json\/wp\/v2\/product\/18171","targetHints":{"allow":["GET"]}}],"collection":[{"href":"https:\/\/uj.adatbank.ro\/lexikon\/wp-json\/wp\/v2\/product"}],"about":[{"href":"https:\/\/uj.adatbank.ro\/lexikon\/wp-json\/wp\/v2\/types\/product"}],"replies":[{"embeddable":true,"href":"https:\/\/uj.adatbank.ro\/lexikon\/wp-json\/wp\/v2\/comments?post=18171"}],"wp:attachment":[{"href":"https:\/\/uj.adatbank.ro\/lexikon\/wp-json\/wp\/v2\/media?parent=18171"}],"wp:term":[{"taxonomy":"product_brand","embeddable":true,"href":"https:\/\/uj.adatbank.ro\/lexikon\/wp-json\/wp\/v2\/product_brand?post=18171"},{"taxonomy":"product_cat","embeddable":true,"href":"https:\/\/uj.adatbank.ro\/lexikon\/wp-json\/wp\/v2\/product_cat?post=18171"},{"taxonomy":"product_tag","embeddable":true,"href":"https:\/\/uj.adatbank.ro\/lexikon\/wp-json\/wp\/v2\/product_tag?post=18171"}],"curies":[{"name":"wp","href":"https:\/\/api.w.org\/{rel}","templated":true}]}}