{"id":18172,"date":"2025-07-16T10:42:01","date_gmt":"2025-07-16T08:42:01","guid":{"rendered":"https:\/\/uj.adatbank.ro\/lexikon\/termek\/petrichevich-horvath-boldizsar-szeplaki-nemes\/"},"modified":"2025-07-16T10:42:01","modified_gmt":"2025-07-16T08:42:01","slug":"petrichevich-horvath-boldizsar-szeplaki-nemes","status":"publish","type":"product","link":"https:\/\/uj.adatbank.ro\/lexikon\/termek\/petrichevich-horvath-boldizsar-szeplaki-nemes\/","title":{"rendered":"PETRICHEVICH-HORV\u00c1TH Boldizs\u00e1r, sz\u00e9plaki nemes"},"content":{"rendered":"<p>Sz\u00e9plak, 1680. \u2020 Sz\u00e9plak (Kolozs), 1736. nov. 25.: kir. hivatalos, az unit. egyh. f\u0151gondnoka. \u2013 Kozma (1634\u20131690) \u00e9s Folthy Borb\u00e1la fia. Feles\u00e9gei : 1. vargyasi Daniel Zsuzsanna (\u2020 1712.); 2: suki Suky Kl\u00e1ra (\u2020 1720. m\u00e1rc. 29.); 3.: d\u00e9sfalvi Simon S\u00e1ra (\u2020 Sz\u00e9plak 1771.). Fia m\u00e1sodik feles\u00e9g\u00e9t\u0151l Boldizs\u00e1r (1714- 1777).T\u00e1mogatt\u00e1k a kv.-i \u00e9s tordai unit. gimn\u00e1ziumokat <br \/><strong>Irod.:<\/strong> Boros Gy\u00f6rgy: B\u00e1r\u00f3 Petrichevich-Horv\u00e1th K\u00e1lm\u00e1n \u00e9s el\u0151dei (Cluj-Kv., 1929); Gudenus; Kempelen<\/br><\/p>\n","protected":false},"excerpt":{"rendered":"<p>Sz\u00e9plak, 1680. \u2020 Sz\u00e9plak (Kolozs), 1736. nov. 25.: kir. hivatalos, az unit. egyh. f\u0151gondnoka. \u2013 Kozma (1634\u20131690) \u00e9s Folthy Borb\u00e1la fia. Feles\u00e9gei : 1. vargyasi Daniel Zsuzsanna (\u2020 1712.); 2: suki Suky Kl\u00e1ra (\u2020 1720. m\u00e1rc. 29.); 3.: d\u00e9sfalvi Simon S\u00e1ra (\u2020 Sz\u00e9plak 1771.). Fia m\u00e1sodik feles\u00e9g\u00e9t\u0151l Boldizs\u00e1r (1714- 1777).T\u00e1mogatt\u00e1k a kv.-i \u00e9s tordai unit. [&hellip;]<\/p>\n","protected":false},"featured_media":0,"comment_status":"open","ping_status":"closed","template":"","meta":[],"product_brand":[],"product_cat":[137],"product_tag":[],"class_list":{"0":"post-18172","1":"product","2":"type-product","3":"status-publish","5":"product_cat-maros-megyei-eletrajzi-lexikon","7":"first","8":"instock","9":"shipping-taxable","10":"product-type-simple"},"_links":{"self":[{"href":"https:\/\/uj.adatbank.ro\/lexikon\/wp-json\/wp\/v2\/product\/18172","targetHints":{"allow":["GET"]}}],"collection":[{"href":"https:\/\/uj.adatbank.ro\/lexikon\/wp-json\/wp\/v2\/product"}],"about":[{"href":"https:\/\/uj.adatbank.ro\/lexikon\/wp-json\/wp\/v2\/types\/product"}],"replies":[{"embeddable":true,"href":"https:\/\/uj.adatbank.ro\/lexikon\/wp-json\/wp\/v2\/comments?post=18172"}],"wp:attachment":[{"href":"https:\/\/uj.adatbank.ro\/lexikon\/wp-json\/wp\/v2\/media?parent=18172"}],"wp:term":[{"taxonomy":"product_brand","embeddable":true,"href":"https:\/\/uj.adatbank.ro\/lexikon\/wp-json\/wp\/v2\/product_brand?post=18172"},{"taxonomy":"product_cat","embeddable":true,"href":"https:\/\/uj.adatbank.ro\/lexikon\/wp-json\/wp\/v2\/product_cat?post=18172"},{"taxonomy":"product_tag","embeddable":true,"href":"https:\/\/uj.adatbank.ro\/lexikon\/wp-json\/wp\/v2\/product_tag?post=18172"}],"curies":[{"name":"wp","href":"https:\/\/api.w.org\/{rel}","templated":true}]}}