{"id":18175,"date":"2025-07-16T10:42:09","date_gmt":"2025-07-16T08:42:09","guid":{"rendered":"https:\/\/uj.adatbank.ro\/lexikon\/termek\/petrichevich-horvath-daniel-szeplaki-nemes-2\/"},"modified":"2025-07-16T10:42:09","modified_gmt":"2025-07-16T08:42:09","slug":"petrichevich-horvath-daniel-szeplaki-nemes-2","status":"publish","type":"product","link":"https:\/\/uj.adatbank.ro\/lexikon\/termek\/petrichevich-horvath-daniel-szeplaki-nemes-2\/","title":{"rendered":"PETRICHEVICH-HORV\u00c1TH D\u00e1niel, sz\u00e9plaki nemes"},"content":{"rendered":"<p>Kv., 1769, \u2020 Nagyszeben, 1842. j\u00fan. 25.: insurgens \u0151rnagy, cs. \u00e9s kir. f\u0151str\u00e1zsamester, \u00edr\u00f3, ford\u00edt\u00f3, sz\u00ednh\u00e1zvezet\u0151. \u2013 D\u00e1niel (1743\u20131802) \u00e9s Tholdy M\u00e1ria (1750\u20131777) fia. Feles\u00e9ge: gr. L\u00e1z\u00e1r \u00c9va (1780\u20131857), fi\u00fak: Gyermekei: J\u00e1nos Mikl\u00f3s gr. (1801\u20131865) L\u00e1z\u00e1r (1807\u20131851)- \u00edr\u00f3, Emilia Rindsmaut Albertn\u00e9 (1813\u20131862) \u2013 A sz\u0151kefalvi kast\u00e9ly \u00e9p\u00edttet\u0151je a 18. sz. v\u00e9g\u00e9n. R\u00e9szt vett a nemesi felkel\u00e9sben (1809). Az erd\u00e9lyi m. sz\u00edn\u00e9szet nagy p\u00e1rtfog\u00f3ja, kv.-i Nemzeti Sz\u00ednh\u00e1z egyik mec\u00e9n\u00e1sa: az \u00e9p\u00edt\u0151bizotts\u00e1g\u00e1nak tagja (1811\u2013), a sz\u00ednt\u00e1rsu\u00adlat alap\u00edt\u00f3-igazgat\u00f3ja (1813\u201316), ebben a min\u0151s\u00e9g\u00e9ben \u00e9l\u00e9nk levelez\u00e9st folytatott a mv.-i v\u00e1rosi tan\u00e1ccsal (1814. \u00e1pr.) a zabrakt\u00e1rnak haszn\u00e1lt Theatrum ki\u00fcr\u00edttet\u00e9se \u00fcgy\u00e9ben, hogy a kv.-i t\u00e1rsas\u00e1g abban ny\u00e1ri j\u00e1t\u00e9kait megrendezhesse. Egy f\u0151\u00fari m\u0171kedvel\u0151 t\u00e1rs. Th. K\u00f6rner Zr\u00ednyi c. dr\u00e1m\u00e1j\u00e1t az \u0151 ford\u00edt\u00e1\u00ads\u00e1ban mutatta be (1814), a kv.-i Nemzeti Sz\u00ednh\u00e1z megnyit\u00e1si \u00fcnnep\u00e9n is ezt a dr\u00e1maford\u00edt\u00e1s\u00e1t vitt\u00e9k sz\u00ednre (1821. m\u00e1rc. 11), a megnyit\u00f3 \u00fcnnep\u00e9ly bevezet\u0151jek\u00e9nt elszavalta Prol\u00f3gus c. vers\u00e9t. A kv.-i sz\u00ednh\u00e1z in\u00adtend\u00e1nsa (1824\u201326). T\u00f6bb sz\u00ednm\u0171vet \u00edrt \u00e9s ford. Feles\u00e9ge: sz\u00e1rhegyi gr. L\u00e1z\u00e1r \u00c9va (* 1680 \u2020 Kv., 1857. m\u00e1rc. 24.). A B\u00e9csben \u00e9l\u0151 gr. Rottenthal Schneider Anna, az \u00f6r\u00f6k\u00f6s, nem ig\u00e9nyelte vissza a csal\u00e1di sz\u0151kefalvi kast\u00e9ly\u00e1t. \u2013 <strong>F. m.:<\/strong> Zuleima : sz\u00ednnm\u0171; Lev\u00e9l Zr\u00ednyir\u0151l; V\u00edzkereszt \u00e9je : elbesz\u00e9l\u00e9s; <strong>ford.:<\/strong> Th. K\u00f6rner: Zr\u00ednyi. Vit\u00e9zi szomor\u00fa j\u00e1t\u00e9k \u00f6t felvon\u00e1sban (Kv., 1819); F. Grillparzer: Az \u00f6sanya. Szomor\u00fa j\u00e1t\u00e9k 5 felvo\u00adn\u00e1sban. (Pest, 1824); Hassaureck : Eliszka : sz\u00ednm\u0171; Weissenthurm : Burgaui Adelheid : vit\u00e9zi j\u00e1t\u00e9k; Ziegler : M\u00e1ria : erk\u00f6lcsi rajzolat; Holbein : K\u00e9t \u00f6zvegy : v\u00edgj\u00e1t\u00e9k; Friedrich : Paoli dr.: sz\u00ednm\u0171. <br \/><strong>Irod.:<\/strong> Gudenus; Keresztes Gyula: \u00d6r\u00f6ks\u00e9g\u00fcnk 30.: A sz\u0151kefalvi kast\u00e9ly (N\u00fa., 1993. jan. 15.); Kr\u00f3n. F\u00fcz. (1939.4\/6); Ol\u00e1h-G\u00e1l Elvira besz\u00e9lget\u00e9se gr. Petrichevich-Horv\u00e1th-Tholdy P\u00e9terrel (Sz\u00e9kelyf\u00f6ld, 4. sz., 2015. \u00e1pr.); P\u00e1l-Antal 2002; P\u00e1lffy, Sch\u00f6pflin; Szinnyei; SZL; Szucher Ervin: Akad\u00e1lyozott kast\u00e9ly\u00e1tv\u00e9tel (Kr\u00f3nika, 2009. j\u00fal. 9.); \u00daM\u00c9L<\/br><\/p>\n","protected":false},"excerpt":{"rendered":"<p>Kv., 1769, \u2020 Nagyszeben, 1842. j\u00fan. 25.: insurgens \u0151rnagy, cs. \u00e9s kir. f\u0151str\u00e1zsamester, \u00edr\u00f3, ford\u00edt\u00f3, sz\u00ednh\u00e1zvezet\u0151. \u2013 D\u00e1niel (1743\u20131802) \u00e9s Tholdy M\u00e1ria (1750\u20131777) fia. Feles\u00e9ge: gr. L\u00e1z\u00e1r \u00c9va (1780\u20131857), fi\u00fak: Gyermekei: J\u00e1nos Mikl\u00f3s gr. (1801\u20131865) L\u00e1z\u00e1r (1807\u20131851)- \u00edr\u00f3, Emilia Rindsmaut Albertn\u00e9 (1813\u20131862) \u2013 A sz\u0151kefalvi kast\u00e9ly \u00e9p\u00edttet\u0151je a 18. sz. v\u00e9g\u00e9n. R\u00e9szt vett a nemesi [&hellip;]<\/p>\n","protected":false},"featured_media":0,"comment_status":"open","ping_status":"closed","template":"","meta":[],"product_brand":[],"product_cat":[137],"product_tag":[],"class_list":{"0":"post-18175","1":"product","2":"type-product","3":"status-publish","5":"product_cat-maros-megyei-eletrajzi-lexikon","7":"first","8":"instock","9":"shipping-taxable","10":"product-type-simple"},"_links":{"self":[{"href":"https:\/\/uj.adatbank.ro\/lexikon\/wp-json\/wp\/v2\/product\/18175","targetHints":{"allow":["GET"]}}],"collection":[{"href":"https:\/\/uj.adatbank.ro\/lexikon\/wp-json\/wp\/v2\/product"}],"about":[{"href":"https:\/\/uj.adatbank.ro\/lexikon\/wp-json\/wp\/v2\/types\/product"}],"replies":[{"embeddable":true,"href":"https:\/\/uj.adatbank.ro\/lexikon\/wp-json\/wp\/v2\/comments?post=18175"}],"wp:attachment":[{"href":"https:\/\/uj.adatbank.ro\/lexikon\/wp-json\/wp\/v2\/media?parent=18175"}],"wp:term":[{"taxonomy":"product_brand","embeddable":true,"href":"https:\/\/uj.adatbank.ro\/lexikon\/wp-json\/wp\/v2\/product_brand?post=18175"},{"taxonomy":"product_cat","embeddable":true,"href":"https:\/\/uj.adatbank.ro\/lexikon\/wp-json\/wp\/v2\/product_cat?post=18175"},{"taxonomy":"product_tag","embeddable":true,"href":"https:\/\/uj.adatbank.ro\/lexikon\/wp-json\/wp\/v2\/product_tag?post=18175"}],"curies":[{"name":"wp","href":"https:\/\/api.w.org\/{rel}","templated":true}]}}