{"id":18176,"date":"2025-07-16T10:42:13","date_gmt":"2025-07-16T08:42:13","guid":{"rendered":"https:\/\/uj.adatbank.ro\/lexikon\/termek\/petrichevich-horvath-emil-szeplaki-es-radochi-br\/"},"modified":"2025-07-16T10:42:13","modified_gmt":"2025-07-16T08:42:13","slug":"petrichevich-horvath-emil-szeplaki-es-radochi-br","status":"publish","type":"product","link":"https:\/\/uj.adatbank.ro\/lexikon\/termek\/petrichevich-horvath-emil-szeplaki-es-radochi-br\/","title":{"rendered":"PETRICHEVICH-HORV\u00c1TH Emil, sz\u00e9plaki \u00e9s radochi br"},"content":{"rendered":"<p>D\u00e9s, 1881. aug. 24., \u2020 Bp., 1945. jan. 28.: jogi \u00e9s \u00e1llamtudom\u00e1nyi doktor, f\u0151isp\u00e1n, orsz\u00e1ggy\u0171l\u00e9si k\u00e9pvisel\u0151, \u00e1llamtitk\u00e1r, \u00edr\u00f3. \u2013 S\u00e1muel (1842\u20131885) \u00e9s B\u00e1r\u00e1nyi Roz\u00e1lia (1858\u20131937) fia. Feles\u00e9ge: onodi Weress Margit (*D\u00e9s 1880. m\u00e1j. 31. esk. Kv. 1906. jan. 24. elv. 1921. okt. 3.), 2 : cselk\u00f3lehotai Cselk\u00f3 Margit (*Nagyk\u00e1roly, 1888. m\u00e1j. 6. esk., Bp. 1921. dec. Gyermekei: Mikl\u00f3s (1908\u20131976), Gy\u00f6rgy L\u00e1szl\u00f3 (1924\u2013). A kv.-i egy.-en jogtud, doktori oklevelet szerzett, Mv.-en \u00fcgyv\u00e9di vizsg\u00e1t tett (1906). Mv.-en \u00fcgyv\u00e9di gyakorlatot folytatott (1906\u2013), majd birtokain gazd\u00e1lkodott. Az I. vh.-ban tartal\u00e9kos f\u0151hadnagyk\u00e9nt vett r\u00e9szt. Az Erd\u00e9lyi Sz\u00f6vets\u00e9g egyik alap\u00edt\u00f3ja, Nagyk\u00fck\u00fcll\u0151 vm. f\u0151isp\u00e1nja (1917\u201318), egy\u00fattal az erd\u00e9lyi rom\u00e1n egyh\u00e1zi \u00e9s iskolai \u00fcgyek korm\u00e1nybiztosa, az \u00f6sszeoml\u00e1s ut\u00e1n (1918 v\u00e9g\u00e9n) bevonul\u00f3 rom\u00e1n csapatok letart\u00f3ztatt\u00e1k \u00e9s 9 h\u00f3napra intern\u00e1lt\u00e1k, majd \u00e1ttoloncolt\u00e1k Mo.-ra. Bel\u00fcgymin. \u00e1llamtitk\u00e1rk\u00e9nt az erd\u00e9lyi menek\u00fcltek \u00fcgyeit int\u00e9zte, az Orsz\u00e1gos Menek\u00fclt\u00fcgyi Hivatal vezet\u0151jek\u00e9nt (1919\u201324) \u00e9s a p\u00e1rizsi b\u00e9kekonferenci\u00e1n a m. deleg\u00e1ci\u00f3 k\u00f6zponti f\u0151titk\u00e1ra volt, a N\u00e9pj\u00f3l\u00e9ti \u00e9s Munka\u00fcgyi Min. \u00c1llamtitk\u00e1ra (1921\u201326); az Orsz. Lak\u00e1s\u00e9p\u00edt\u00e9si Korm\u00e1nybiztoss\u00e1g vezet\u0151\u00adjek\u00e9nt t\u00f6bb mint 350 000 menek\u00fclt elhelyez\u00e9s\u00e9r\u0151l gondoskodott. Miniszteri rangot kapott (1924). A korm\u00e1nyz\u00f3 Egys\u00e9ges P\u00e1rt programj\u00e1val a hatvani v\u00e1laszt\u00f3ker. ngy. k\u00e9pvisel\u0151je (1925\u201326). Megszervezte a Bp.-en \u00e9l\u0151 erd\u00e9lyiek t\u00e1rsadalmi t\u00f6m\u00f6r\u0171l\u00e9s\u00e9t \u00e9s lehet\u0151v\u00e9 tette az Erd\u00e9lyi H\u00e1z megszervez\u00e9s\u00e9vel a Bethlen Istv\u00e1n intern\u00e1tus \u00e9s a t\u00f6bbi erd\u00e9lyi kultur\u00e1lis int\u00e9zm\u00e9ny elhelyez\u00e9s\u00e9t. A szegedi egy.-en a politikai tudom\u00e1ny t\u00f6rt\u00e9net\u00e9nek mag\u00e1ntan\u00e1ra volt. Az unit. egyh\u00e1z \u00e9let\u00e9ben jelent\u0151s szerepetv\u00e1llal\u00f3 csal\u00e1d, \u00f6t f\u0151gondnokot adott az egyh\u00e1znak. Politikai tev\u00e9kenys\u00e9ge mellett verseket \u00e9s sz\u00ednm\u00fcveket is \u00edrt. K\u00e9t verses k\u00f6tete jelent meg (1901, 1920), Mikes, egy b\u00fajdos\u00f3 \u00e9lete c. t\u00f6rt. sz\u00ednj\u00e1t\u00e9ka k\u00e9t kiad\u00e1st \u00e9rt meg k\u00f6nyvalakban, el\u0151adt\u00e1k (1920. j\u00fan. 7.) az Operah\u00e1zban rendezett d\u00edszel\u0151ad\u00e1son, valamint Szegeden, Miskolcon, Egerben. Az Erd\u00e9lyi Sz\u00f6v. t\u00e1rsalap\u00edt\u00f3ja. (1920.). Az als\u00f3gy\u00e9k\u00e9nyesi kast\u00e9ly \u00e9p\u00edttet\u0151je a 20. sz. elej\u00e9n. \u2013 <strong>F. m.:<\/strong> Mikes, egy b\u00fajdos\u00f3 \u00e9lete; A modern \u00e1llam fogalma \u00e9s feladatai (Bp., 1925); A Mogorovich nemzets\u00e9gbeli Petrichevich csal\u00e1d t\u00f6rt\u00e9nete \u00e9s oklev\u00e9lt\u00e1ra (Bp.- P\u00e9cs, 1934\u20131942); <strong>szerk.:<\/strong> P. H. L\u00e1z\u00e1r, b\u00e1r\u00f3 P. H. J\u00e1nos, b\u00e1r\u00f3 P. H. K\u00e1roly napl\u00f3ja. (Kiad. B\u00e1r\u00f3 P. H. Emil; P\u00e9cs, 1941). <br \/><strong>Irod.:<\/strong> Bicsok-Orb\u00e1n; Gudenus; Nagy Mikl\u00f3s: K\u00f6zgazdas\u00e1gi \u00e9s p\u00e9nz\u00fcgyi irodalom (Bp., 1932); Ol\u00e1h-G\u00e1l Elvira besz\u00e9lget\u00e9se gr. Petrichevich-Horv\u00e1th-Tholdy P\u00e9terrel (Sz\u00e9kelyf\u00f6ld, 4. sz., 2015. \u00e1pr.); Ol\u00e1h-G\u00e1l Elvira; Sas P\u00e9ter: Kelemen Lajos kiadatlan \u00f6ssze\u00edr\u00e1saib\u00f3l (M\u0171vel\u0151d\u00e9s, 10. sz., 2011.); Sch\u00f6pflin; \u00daM\u00c9L<\/br><\/p>\n","protected":false},"excerpt":{"rendered":"<p>D\u00e9s, 1881. aug. 24., \u2020 Bp., 1945. jan. 28.: jogi \u00e9s \u00e1llamtudom\u00e1nyi doktor, f\u0151isp\u00e1n, orsz\u00e1ggy\u0171l\u00e9si k\u00e9pvisel\u0151, \u00e1llamtitk\u00e1r, \u00edr\u00f3. \u2013 S\u00e1muel (1842\u20131885) \u00e9s B\u00e1r\u00e1nyi Roz\u00e1lia (1858\u20131937) fia. Feles\u00e9ge: onodi Weress Margit (*D\u00e9s 1880. m\u00e1j. 31. esk. Kv. 1906. jan. 24. elv. 1921. okt. 3.), 2 : cselk\u00f3lehotai Cselk\u00f3 Margit (*Nagyk\u00e1roly, 1888. m\u00e1j. 6. esk., Bp. 1921. [&hellip;]<\/p>\n","protected":false},"featured_media":0,"comment_status":"open","ping_status":"closed","template":"","meta":[],"product_brand":[],"product_cat":[137],"product_tag":[],"class_list":{"0":"post-18176","1":"product","2":"type-product","3":"status-publish","5":"product_cat-maros-megyei-eletrajzi-lexikon","7":"first","8":"instock","9":"shipping-taxable","10":"product-type-simple"},"_links":{"self":[{"href":"https:\/\/uj.adatbank.ro\/lexikon\/wp-json\/wp\/v2\/product\/18176","targetHints":{"allow":["GET"]}}],"collection":[{"href":"https:\/\/uj.adatbank.ro\/lexikon\/wp-json\/wp\/v2\/product"}],"about":[{"href":"https:\/\/uj.adatbank.ro\/lexikon\/wp-json\/wp\/v2\/types\/product"}],"replies":[{"embeddable":true,"href":"https:\/\/uj.adatbank.ro\/lexikon\/wp-json\/wp\/v2\/comments?post=18176"}],"wp:attachment":[{"href":"https:\/\/uj.adatbank.ro\/lexikon\/wp-json\/wp\/v2\/media?parent=18176"}],"wp:term":[{"taxonomy":"product_brand","embeddable":true,"href":"https:\/\/uj.adatbank.ro\/lexikon\/wp-json\/wp\/v2\/product_brand?post=18176"},{"taxonomy":"product_cat","embeddable":true,"href":"https:\/\/uj.adatbank.ro\/lexikon\/wp-json\/wp\/v2\/product_cat?post=18176"},{"taxonomy":"product_tag","embeddable":true,"href":"https:\/\/uj.adatbank.ro\/lexikon\/wp-json\/wp\/v2\/product_tag?post=18176"}],"curies":[{"name":"wp","href":"https:\/\/api.w.org\/{rel}","templated":true}]}}