{"id":18177,"date":"2025-07-16T10:42:17","date_gmt":"2025-07-16T08:42:17","guid":{"rendered":"https:\/\/uj.adatbank.ro\/lexikon\/termek\/petrichevich-horvath-emilia-szeplaki-br-rindsmaul-albertne\/"},"modified":"2025-07-16T10:42:17","modified_gmt":"2025-07-16T08:42:17","slug":"petrichevich-horvath-emilia-szeplaki-br-rindsmaul-albertne","status":"publish","type":"product","link":"https:\/\/uj.adatbank.ro\/lexikon\/termek\/petrichevich-horvath-emilia-szeplaki-br-rindsmaul-albertne\/","title":{"rendered":"PETRICHEVICH-HORV\u00c1TH Emilia, sz\u00e9plaki br., Rindsmaul Albertn\u00e9"},"content":{"rendered":"<p>1813. okt. 31., \u2020 Jobb\u00e1gyfalva, 1862. szept. 23.: f\u00f6ldbirtokos, csillagkeresztes h\u00f6lgy. \u2013 D\u00e1niel (1769\u20131842) \u00e9s sz\u00e1rhegyi gr. L\u00e1z\u00e1r \u00c9va (1780\u20131857) l\u00e1nya. F\u00e9rje gr. Rindsmaul Albert (sz\u00fcl. 1809. dec. 12 \u2020 Jobb\u00e1gyfalva, 1873. j\u00fan., 22.) Esk.: 1836. dec. 6. F\u00e9rj\u00e9vel a jobb\u00e1gyfalvi birtok \u00e9s udvarh\u00e1z tulajdonosa, amely el\u0151bb a T\u00f3th csal\u00e1d\u00e9 (16. sz elej\u00e9n), majd Petki, k\u00e9s\u0151bb a B\u00e1lintitt csal\u00e1dt\u00f3l ker\u00fclt Rindsmaul Albert tulajdon\u00e1ba. <br \/><strong>Irod.:<\/strong> Cs\u00edkfalva; Gudenus; Kempelen; Keresztes 1995; P\u00e1lmay<\/br><\/p>\n","protected":false},"excerpt":{"rendered":"<p>1813. okt. 31., \u2020 Jobb\u00e1gyfalva, 1862. szept. 23.: f\u00f6ldbirtokos, csillagkeresztes h\u00f6lgy. \u2013 D\u00e1niel (1769\u20131842) \u00e9s sz\u00e1rhegyi gr. L\u00e1z\u00e1r \u00c9va (1780\u20131857) l\u00e1nya. F\u00e9rje gr. Rindsmaul Albert (sz\u00fcl. 1809. dec. 12 \u2020 Jobb\u00e1gyfalva, 1873. j\u00fan., 22.) Esk.: 1836. dec. 6. F\u00e9rj\u00e9vel a jobb\u00e1gyfalvi birtok \u00e9s udvarh\u00e1z tulajdonosa, amely el\u0151bb a T\u00f3th csal\u00e1d\u00e9 (16. sz elej\u00e9n), majd Petki, [&hellip;]<\/p>\n","protected":false},"featured_media":0,"comment_status":"open","ping_status":"closed","template":"","meta":[],"product_brand":[],"product_cat":[137],"product_tag":[],"class_list":{"0":"post-18177","1":"product","2":"type-product","3":"status-publish","5":"product_cat-maros-megyei-eletrajzi-lexikon","7":"first","8":"instock","9":"shipping-taxable","10":"product-type-simple"},"_links":{"self":[{"href":"https:\/\/uj.adatbank.ro\/lexikon\/wp-json\/wp\/v2\/product\/18177","targetHints":{"allow":["GET"]}}],"collection":[{"href":"https:\/\/uj.adatbank.ro\/lexikon\/wp-json\/wp\/v2\/product"}],"about":[{"href":"https:\/\/uj.adatbank.ro\/lexikon\/wp-json\/wp\/v2\/types\/product"}],"replies":[{"embeddable":true,"href":"https:\/\/uj.adatbank.ro\/lexikon\/wp-json\/wp\/v2\/comments?post=18177"}],"wp:attachment":[{"href":"https:\/\/uj.adatbank.ro\/lexikon\/wp-json\/wp\/v2\/media?parent=18177"}],"wp:term":[{"taxonomy":"product_brand","embeddable":true,"href":"https:\/\/uj.adatbank.ro\/lexikon\/wp-json\/wp\/v2\/product_brand?post=18177"},{"taxonomy":"product_cat","embeddable":true,"href":"https:\/\/uj.adatbank.ro\/lexikon\/wp-json\/wp\/v2\/product_cat?post=18177"},{"taxonomy":"product_tag","embeddable":true,"href":"https:\/\/uj.adatbank.ro\/lexikon\/wp-json\/wp\/v2\/product_tag?post=18177"}],"curies":[{"name":"wp","href":"https:\/\/api.w.org\/{rel}","templated":true}]}}