{"id":18178,"date":"2025-07-16T10:42:20","date_gmt":"2025-07-16T08:42:20","guid":{"rendered":"https:\/\/uj.adatbank.ro\/lexikon\/termek\/petrichevich-horvath-emma-erzsebet-zsuzsanna-szeplaki-br\/"},"modified":"2025-07-16T10:42:20","modified_gmt":"2025-07-16T08:42:20","slug":"petrichevich-horvath-emma-erzsebet-zsuzsanna-szeplaki-br","status":"publish","type":"product","link":"https:\/\/uj.adatbank.ro\/lexikon\/termek\/petrichevich-horvath-emma-erzsebet-zsuzsanna-szeplaki-br\/","title":{"rendered":"PETRICHEVICH-HORV\u00c1TH Emma Erzs\u00e9bet Zsuzs\u00e1nna, sz\u00e9plaki br."},"content":{"rendered":"<p>Mv., 1832. j\u00fan. 27. \u2020 Schloss Mitrow, 1920. nov. 18.: f\u00f6ldbirtokos. \u2013 Albetr (1801\u20131874) \u00e9s Szentkereszthy Zsuzsanna (1807-Backamadaras, 1872) l\u00e1nya. F\u00e9rje: gr. Firmian von Mezzacorona und Meggeln Pius Henrik (* Kronmetz S\u00fcd Tirol, 1824. szept, 16. \u2020 Sarnheim 1869. aug., 24.). Esk\u00fcv\u0151 Mv., 1856.okt 14. <br \/><strong>Irod.:<\/strong> Gudenus; Kempelen<\/br><\/p>\n","protected":false},"excerpt":{"rendered":"<p>Mv., 1832. j\u00fan. 27. \u2020 Schloss Mitrow, 1920. nov. 18.: f\u00f6ldbirtokos. \u2013 Albetr (1801\u20131874) \u00e9s Szentkereszthy Zsuzsanna (1807-Backamadaras, 1872) l\u00e1nya. F\u00e9rje: gr. Firmian von Mezzacorona und Meggeln Pius Henrik (* Kronmetz S\u00fcd Tirol, 1824. szept, 16. \u2020 Sarnheim 1869. aug., 24.). Esk\u00fcv\u0151 Mv., 1856.okt 14. Irod.: Gudenus; Kempelen<\/p>\n","protected":false},"featured_media":0,"comment_status":"open","ping_status":"closed","template":"","meta":[],"product_brand":[],"product_cat":[137],"product_tag":[],"class_list":{"0":"post-18178","1":"product","2":"type-product","3":"status-publish","5":"product_cat-maros-megyei-eletrajzi-lexikon","7":"first","8":"instock","9":"shipping-taxable","10":"product-type-simple"},"_links":{"self":[{"href":"https:\/\/uj.adatbank.ro\/lexikon\/wp-json\/wp\/v2\/product\/18178","targetHints":{"allow":["GET"]}}],"collection":[{"href":"https:\/\/uj.adatbank.ro\/lexikon\/wp-json\/wp\/v2\/product"}],"about":[{"href":"https:\/\/uj.adatbank.ro\/lexikon\/wp-json\/wp\/v2\/types\/product"}],"replies":[{"embeddable":true,"href":"https:\/\/uj.adatbank.ro\/lexikon\/wp-json\/wp\/v2\/comments?post=18178"}],"wp:attachment":[{"href":"https:\/\/uj.adatbank.ro\/lexikon\/wp-json\/wp\/v2\/media?parent=18178"}],"wp:term":[{"taxonomy":"product_brand","embeddable":true,"href":"https:\/\/uj.adatbank.ro\/lexikon\/wp-json\/wp\/v2\/product_brand?post=18178"},{"taxonomy":"product_cat","embeddable":true,"href":"https:\/\/uj.adatbank.ro\/lexikon\/wp-json\/wp\/v2\/product_cat?post=18178"},{"taxonomy":"product_tag","embeddable":true,"href":"https:\/\/uj.adatbank.ro\/lexikon\/wp-json\/wp\/v2\/product_tag?post=18178"}],"curies":[{"name":"wp","href":"https:\/\/api.w.org\/{rel}","templated":true}]}}