{"id":18179,"date":"2025-07-16T10:42:22","date_gmt":"2025-07-16T08:42:22","guid":{"rendered":"https:\/\/uj.adatbank.ro\/lexikon\/termek\/petrichevich-horvath-eszter-szeplaki-br-kemeny-palne\/"},"modified":"2025-07-16T10:42:22","modified_gmt":"2025-07-16T08:42:22","slug":"petrichevich-horvath-eszter-szeplaki-br-kemeny-palne","status":"publish","type":"product","link":"https:\/\/uj.adatbank.ro\/lexikon\/termek\/petrichevich-horvath-eszter-szeplaki-br-kemeny-palne\/","title":{"rendered":"PETRICHEVICH-HORV\u00c1TH Eszter, sz\u00e9plaki br; Kem\u00e9ny P\u00e1ln\u00e9"},"content":{"rendered":"<p>Fels\u0151zsuk, 1880. okt. 10., Boncida, 1860. okt. 10. \u2020 Mv., 1952. nov. 25 : f\u00f6ldbirtokos. \u2013 K\u00e1lm\u00e1n (1840\u20131926) \u00e9s Cs\u00e1ky Katalin (1855\u20131941) l\u00e1nya. F\u00e9rjhez ment Felzs\u0151zsukon (1903. aug. 30) mgyer\u0151monostori b\u00e1r\u00f3 Kem\u00e9ny P\u00e1lhoz ( Nagyenyed, 1867. m\u00e1rc. 8. \u2020 Malomfalva., 1934. \u00e1pr. 14.), Als\u00f3-Feh\u00e9r vm. f\u0151isp\u00e1nja, az Erd\u00e9lyi Egyh\u00e1zmegye f\u0151gondnok\u00e1hoz. Esk\u00fcv\u0151 (1903). F\u00e9rje megv\u00e1s\u00e1rolta Teleki G\u00e9z\u00e1t\u00f3l a felzs\u0151zsuki birtokot \u00e9s kast\u00e9lyt (1930-as \u00e9vek elej\u00e9n), az \u00e1llamos\u00edt\u00e9sog \u0151k birtokolt\u00e1k. <br \/><strong>Irod.:<\/strong> Bicsok-Orb\u00e1n; Gudenus<\/br><\/p>\n","protected":false},"excerpt":{"rendered":"<p>Fels\u0151zsuk, 1880. okt. 10., Boncida, 1860. okt. 10. \u2020 Mv., 1952. nov. 25 : f\u00f6ldbirtokos. \u2013 K\u00e1lm\u00e1n (1840\u20131926) \u00e9s Cs\u00e1ky Katalin (1855\u20131941) l\u00e1nya. F\u00e9rjhez ment Felzs\u0151zsukon (1903. aug. 30) mgyer\u0151monostori b\u00e1r\u00f3 Kem\u00e9ny P\u00e1lhoz ( Nagyenyed, 1867. m\u00e1rc. 8. \u2020 Malomfalva., 1934. \u00e1pr. 14.), Als\u00f3-Feh\u00e9r vm. f\u0151isp\u00e1nja, az Erd\u00e9lyi Egyh\u00e1zmegye f\u0151gondnok\u00e1hoz. Esk\u00fcv\u0151 (1903). F\u00e9rje megv\u00e1s\u00e1rolta Teleki [&hellip;]<\/p>\n","protected":false},"featured_media":0,"comment_status":"open","ping_status":"closed","template":"","meta":[],"product_brand":[],"product_cat":[137],"product_tag":[],"class_list":{"0":"post-18179","1":"product","2":"type-product","3":"status-publish","5":"product_cat-maros-megyei-eletrajzi-lexikon","7":"first","8":"instock","9":"shipping-taxable","10":"product-type-simple"},"_links":{"self":[{"href":"https:\/\/uj.adatbank.ro\/lexikon\/wp-json\/wp\/v2\/product\/18179","targetHints":{"allow":["GET"]}}],"collection":[{"href":"https:\/\/uj.adatbank.ro\/lexikon\/wp-json\/wp\/v2\/product"}],"about":[{"href":"https:\/\/uj.adatbank.ro\/lexikon\/wp-json\/wp\/v2\/types\/product"}],"replies":[{"embeddable":true,"href":"https:\/\/uj.adatbank.ro\/lexikon\/wp-json\/wp\/v2\/comments?post=18179"}],"wp:attachment":[{"href":"https:\/\/uj.adatbank.ro\/lexikon\/wp-json\/wp\/v2\/media?parent=18179"}],"wp:term":[{"taxonomy":"product_brand","embeddable":true,"href":"https:\/\/uj.adatbank.ro\/lexikon\/wp-json\/wp\/v2\/product_brand?post=18179"},{"taxonomy":"product_cat","embeddable":true,"href":"https:\/\/uj.adatbank.ro\/lexikon\/wp-json\/wp\/v2\/product_cat?post=18179"},{"taxonomy":"product_tag","embeddable":true,"href":"https:\/\/uj.adatbank.ro\/lexikon\/wp-json\/wp\/v2\/product_tag?post=18179"}],"curies":[{"name":"wp","href":"https:\/\/api.w.org\/{rel}","templated":true}]}}