{"id":18180,"date":"2025-07-16T10:42:24","date_gmt":"2025-07-16T08:42:24","guid":{"rendered":"https:\/\/uj.adatbank.ro\/lexikon\/termek\/petrichevich-horvath-ferenc-szeplaki-2\/"},"modified":"2025-07-16T10:42:24","modified_gmt":"2025-07-16T08:42:24","slug":"petrichevich-horvath-ferenc-szeplaki-2","status":"publish","type":"product","link":"https:\/\/uj.adatbank.ro\/lexikon\/termek\/petrichevich-horvath-ferenc-szeplaki-2\/","title":{"rendered":"PETRICHEVICH-HORV\u00c1TH Ferenc, sz\u00e9plaki"},"content":{"rendered":"<p>Fels\u0151zsuk, 1883 j\u00fal, 20. \u2020 Fels\u0151zsuk, 1906. j\u00fan. 4. v. j\u00fal 2\u00a0: fels\u0151zsuki f\u00f6ldbirtokos. \u2013 K\u00e1lm\u00e1n (1840\u20131926) \u00e9s Cs\u00e1ky Katalin fia. <br \/><strong>Irod.:<\/strong> Bicsok-Orb\u00e1n; Ferenc J\u00f3zsef\u00a0: Gy\u00e1szbesz\u00e9d (Kv., 1908)<\/br><\/p>\n","protected":false},"excerpt":{"rendered":"<p>Fels\u0151zsuk, 1883 j\u00fal, 20. \u2020 Fels\u0151zsuk, 1906. j\u00fan. 4. v. j\u00fal 2\u00a0: fels\u0151zsuki f\u00f6ldbirtokos. \u2013 K\u00e1lm\u00e1n (1840\u20131926) \u00e9s Cs\u00e1ky Katalin fia. Irod.: Bicsok-Orb\u00e1n; Ferenc J\u00f3zsef\u00a0: Gy\u00e1szbesz\u00e9d (Kv., 1908)<\/p>\n","protected":false},"featured_media":0,"comment_status":"open","ping_status":"closed","template":"","meta":[],"product_brand":[],"product_cat":[137],"product_tag":[],"class_list":{"0":"post-18180","1":"product","2":"type-product","3":"status-publish","5":"product_cat-maros-megyei-eletrajzi-lexikon","7":"first","8":"instock","9":"shipping-taxable","10":"product-type-simple"},"_links":{"self":[{"href":"https:\/\/uj.adatbank.ro\/lexikon\/wp-json\/wp\/v2\/product\/18180","targetHints":{"allow":["GET"]}}],"collection":[{"href":"https:\/\/uj.adatbank.ro\/lexikon\/wp-json\/wp\/v2\/product"}],"about":[{"href":"https:\/\/uj.adatbank.ro\/lexikon\/wp-json\/wp\/v2\/types\/product"}],"replies":[{"embeddable":true,"href":"https:\/\/uj.adatbank.ro\/lexikon\/wp-json\/wp\/v2\/comments?post=18180"}],"wp:attachment":[{"href":"https:\/\/uj.adatbank.ro\/lexikon\/wp-json\/wp\/v2\/media?parent=18180"}],"wp:term":[{"taxonomy":"product_brand","embeddable":true,"href":"https:\/\/uj.adatbank.ro\/lexikon\/wp-json\/wp\/v2\/product_brand?post=18180"},{"taxonomy":"product_cat","embeddable":true,"href":"https:\/\/uj.adatbank.ro\/lexikon\/wp-json\/wp\/v2\/product_cat?post=18180"},{"taxonomy":"product_tag","embeddable":true,"href":"https:\/\/uj.adatbank.ro\/lexikon\/wp-json\/wp\/v2\/product_tag?post=18180"}],"curies":[{"name":"wp","href":"https:\/\/api.w.org\/{rel}","templated":true}]}}