{"id":18182,"date":"2025-07-16T10:42:28","date_gmt":"2025-07-16T08:42:28","guid":{"rendered":"https:\/\/uj.adatbank.ro\/lexikon\/termek\/petrichevich-horvath-ferenc-petrityevith-szeplaki\/"},"modified":"2025-07-16T10:42:28","modified_gmt":"2025-07-16T08:42:28","slug":"petrichevich-horvath-ferenc-petrityevith-szeplaki","status":"publish","type":"product","link":"https:\/\/uj.adatbank.ro\/lexikon\/termek\/petrichevich-horvath-ferenc-petrityevith-szeplaki\/","title":{"rendered":"PETRICHEVICH-HORV\u00c1TH Ferenc; Petrityevith, sz\u00e9plaki"},"content":{"rendered":"<p>1647., \u2020 Sz\u00e9plak (Kolozs), 1699. nov. 6.: jogtud\u00f3s, \u00edr\u00f3, fejedelmi tan\u00e1csos, als\u00f3ilosvai birtokos.. \u2013 Mikl\u00f3s (1585\u20131654) \u00e9s nagyercsei Tholdalaghi Roz\u00e1lia fia. Feles\u00e9ge sz\u00e9kelykocs\u00e1rdi Balogh Kata (1667\u20131719. m\u00e1rc. 13.; esk. 1686). Fia Ferenc (1699- 1746). Apaffy Mih\u00e1ly poh\u00e1rnoka (1666), t\u00e1blab\u00edr\u00f3, f\u0151korm\u00e1nysz\u00e9ki tan\u00e1csos, Apaffy fejedelem k\u00f6vete Lip\u00f3t kir\u00e1lyn\u00e1l (1667.). Meg\u00edrta az unit\u00e1riusok v\u00e9delm\u00e9re, hossz\u00fa \u00e9vt\u00edzedekre az egyetlen nyomtatott hitv\u00e9delmi k\u00f6nyvet, de nyomtat\u00e1s\u00e1t m\u00e1r nem \u00e9rte meg. \u2013 <strong>F. m.:<\/strong> Apologia Fratrum Unitariorum az az az Unit\u00e1rius Atyafiajnak Mencs\u00e9g\u00e9re \u00e9s egyszersmind Kereszt\u00e9nyi \u00c9rtelmeknek megvil\u00e1gos\u00edt\u00e1s\u00e1ra rendeltetett \u00edr\u00e1s&#8230; (Kv., 1700); Apologia Fratrum Unitariorum. Azaz oly \u00edr\u00e1s&#8230; hogy abban mindenekkel azt meg\u00e9rtesse, hogy unit\u00e1riusok\u2026 (Kv., 1701). <br \/><strong>Irod.:<\/strong> Bicsok-Orb\u00e1n; Boros Gy\u00f6rgy: B\u00e1r\u00f3 Petrichevich-Horv\u00e1th K\u00e1lm\u00e1n \u00e9s el\u0151dei (Cluj-Kv., 1929); F\u00fcl\u00f6p\u2013Ferencz, Gudenus; Kempelen; K\u00e9nosi-Uzoni 1.; Alm\u00e1si Gergely Mih\u00e1ly: Halotti besz\u00e9d P. H. F. felett, K\u00fck\u00fcll\u0151sz\u00e9plak; Ol\u00e1h-G\u00e1l Elvira; Szaniszl\u00f3 Istv\u00e1n: Halotti besz\u00e9d P. H. F. felett. 1699. nov. 26. = K\u00e9nosi-Uzoni<\/br><\/p>\n","protected":false},"excerpt":{"rendered":"<p>1647., \u2020 Sz\u00e9plak (Kolozs), 1699. nov. 6.: jogtud\u00f3s, \u00edr\u00f3, fejedelmi tan\u00e1csos, als\u00f3ilosvai birtokos.. \u2013 Mikl\u00f3s (1585\u20131654) \u00e9s nagyercsei Tholdalaghi Roz\u00e1lia fia. Feles\u00e9ge sz\u00e9kelykocs\u00e1rdi Balogh Kata (1667\u20131719. m\u00e1rc. 13.; esk. 1686). Fia Ferenc (1699- 1746). Apaffy Mih\u00e1ly poh\u00e1rnoka (1666), t\u00e1blab\u00edr\u00f3, f\u0151korm\u00e1nysz\u00e9ki tan\u00e1csos, Apaffy fejedelem k\u00f6vete Lip\u00f3t kir\u00e1lyn\u00e1l (1667.). Meg\u00edrta az unit\u00e1riusok v\u00e9delm\u00e9re, hossz\u00fa \u00e9vt\u00edzedekre az egyetlen [&hellip;]<\/p>\n","protected":false},"featured_media":0,"comment_status":"open","ping_status":"closed","template":"","meta":[],"product_brand":[],"product_cat":[137],"product_tag":[],"class_list":{"0":"post-18182","1":"product","2":"type-product","3":"status-publish","5":"product_cat-maros-megyei-eletrajzi-lexikon","7":"first","8":"instock","9":"shipping-taxable","10":"product-type-simple"},"_links":{"self":[{"href":"https:\/\/uj.adatbank.ro\/lexikon\/wp-json\/wp\/v2\/product\/18182","targetHints":{"allow":["GET"]}}],"collection":[{"href":"https:\/\/uj.adatbank.ro\/lexikon\/wp-json\/wp\/v2\/product"}],"about":[{"href":"https:\/\/uj.adatbank.ro\/lexikon\/wp-json\/wp\/v2\/types\/product"}],"replies":[{"embeddable":true,"href":"https:\/\/uj.adatbank.ro\/lexikon\/wp-json\/wp\/v2\/comments?post=18182"}],"wp:attachment":[{"href":"https:\/\/uj.adatbank.ro\/lexikon\/wp-json\/wp\/v2\/media?parent=18182"}],"wp:term":[{"taxonomy":"product_brand","embeddable":true,"href":"https:\/\/uj.adatbank.ro\/lexikon\/wp-json\/wp\/v2\/product_brand?post=18182"},{"taxonomy":"product_cat","embeddable":true,"href":"https:\/\/uj.adatbank.ro\/lexikon\/wp-json\/wp\/v2\/product_cat?post=18182"},{"taxonomy":"product_tag","embeddable":true,"href":"https:\/\/uj.adatbank.ro\/lexikon\/wp-json\/wp\/v2\/product_tag?post=18182"}],"curies":[{"name":"wp","href":"https:\/\/api.w.org\/{rel}","templated":true}]}}