{"id":18183,"date":"2025-07-16T10:42:30","date_gmt":"2025-07-16T08:42:30","guid":{"rendered":"https:\/\/uj.adatbank.ro\/lexikon\/termek\/petrichevich-horvath-ferenc-szeplaki-3\/"},"modified":"2025-07-16T10:42:30","modified_gmt":"2025-07-16T08:42:30","slug":"petrichevich-horvath-ferenc-szeplaki-3","status":"publish","type":"product","link":"https:\/\/uj.adatbank.ro\/lexikon\/termek\/petrichevich-horvath-ferenc-szeplaki-3\/","title":{"rendered":"PETRICHEVICH\u2013HORV\u00c1TH Ferenc, sz\u00e9plaki"},"content":{"rendered":"<p>1732. okt. 6., \u2020 Dics\u0151szentm\u00e1rton, 1804. nov. 21.: t\u00e1blab\u00edr\u00f3, fels\u0151zsuki f\u00f6ldbirtokos. \u2013 Ferenc (\u2020 1746) \u00e9s gagyi P\u00e1lffy Ilona fia Feles\u00e9ge:1.suki Suky Ter\u00e9z (\u2020 1779. jan. 25.); Esk\u00fcv\u0151: Fels\u0151zsuk, 1764. j\u00fan. 10.; 2.: Petrichevich Horv\u00e1th Zs\u00f3fia (1765. \u2013 Mv., 1809. febr. 22.). Esk\u00fcv\u0151 1781. m\u00e1j. 27.Fi\u00fak: K\u00e1roly. \u2013 Az Unit. Egyh\u00e1z zsinat\u00e1n Horv\u00e1th Boldizs\u00e1r nagyb\u00e1tyja hely\u00e9be f\u0151gondnoknak v\u00e1lasztott\u00e1k hal\u00e1l\u00e1ig (1778. j\u00fan. 20.-\u20131804). a mv.-i egyh\u00e1zi tan\u00e1cs, a Konziszt\u00f3rium szervez\u0151je.Mv.-en polg\u00e1ri esk\u00fct tett (1790. j\u00fal. 9.). Kezdem\u00e9nyez\u00e9s\u00e9re Kv.-on unit. templomot (1792) \u00e9s iskol\u00e1t \u00e9p\u00edtettek, de ezt m\u00e1r nem \u00e9lte meg (1801\u20131805). A mv.-i egyh\u00e1zi tan\u00e1cs, a Konziszt\u00f3rium szervez\u0151j volt, megszervezte az unit.-ok egyh\u00e1zi \u00e9s vil\u00e1gi egy\u00fcttes k\u00f6zigazgat\u00e1s\u00e1t (1796), a f\u0151tan\u00e1csot ill. zsinatot, melynek laikus eln\u00f6ke volt \u00e9s az egyh\u00e1zi eln\u00f6ke a p\u00fcsp\u00f6k, L\u00e1z\u00e1r Istv\u00e1n. <br \/><strong>Irod.:<\/strong> Bi\u00e1s; Boros Gy\u00f6rgy: B\u00e1r\u00f3 Petrichevich-Horv\u00e1th K\u00e1lm\u00e1n \u00e9s el\u0151dei (Cluj-Kv., 1929); Gudenus; Halotti besz\u00e9dek; Kelemen Lajos 2006; Kempelen; K\u0151v\u00e1ry L\u00e1szl\u00f3 1899; Orb\u00e1n J\u00e1nos: T\u00e1blab\u00edr\u00e1k, f\u0151nemesek, pall\u00e9rok \u00e9s h\u00e1zak: V\u00e1rosk\u00e9p \u00e9s t\u00e1rsadalom v\u00e1ltoz\u00e1sai Mv.-en a Kir\u00e1lyi T\u00e1bla bek\u00f6lt\u00f6z\u00e9se ut\u00e1n [1754] = K\u00f6nyvek \u00e1ltal \u2026; Sas P\u00e9ter: Kelemen Lajos kiadatlan \u00f6ssze\u00edr\u00e1saib\u00f3l (M\u0171vel\u0151d\u00e9s, 10. sz., 2011.)<\/br><\/p>\n","protected":false},"excerpt":{"rendered":"<p>1732. okt. 6., \u2020 Dics\u0151szentm\u00e1rton, 1804. nov. 21.: t\u00e1blab\u00edr\u00f3, fels\u0151zsuki f\u00f6ldbirtokos. \u2013 Ferenc (\u2020 1746) \u00e9s gagyi P\u00e1lffy Ilona fia Feles\u00e9ge:1.suki Suky Ter\u00e9z (\u2020 1779. jan. 25.); Esk\u00fcv\u0151: Fels\u0151zsuk, 1764. j\u00fan. 10.; 2.: Petrichevich Horv\u00e1th Zs\u00f3fia (1765. \u2013 Mv., 1809. febr. 22.). Esk\u00fcv\u0151 1781. m\u00e1j. 27.Fi\u00fak: K\u00e1roly. \u2013 Az Unit. Egyh\u00e1z zsinat\u00e1n Horv\u00e1th Boldizs\u00e1r nagyb\u00e1tyja [&hellip;]<\/p>\n","protected":false},"featured_media":0,"comment_status":"open","ping_status":"closed","template":"","meta":[],"product_brand":[],"product_cat":[137],"product_tag":[],"class_list":{"0":"post-18183","1":"product","2":"type-product","3":"status-publish","5":"product_cat-maros-megyei-eletrajzi-lexikon","7":"first","8":"instock","9":"shipping-taxable","10":"product-type-simple"},"_links":{"self":[{"href":"https:\/\/uj.adatbank.ro\/lexikon\/wp-json\/wp\/v2\/product\/18183","targetHints":{"allow":["GET"]}}],"collection":[{"href":"https:\/\/uj.adatbank.ro\/lexikon\/wp-json\/wp\/v2\/product"}],"about":[{"href":"https:\/\/uj.adatbank.ro\/lexikon\/wp-json\/wp\/v2\/types\/product"}],"replies":[{"embeddable":true,"href":"https:\/\/uj.adatbank.ro\/lexikon\/wp-json\/wp\/v2\/comments?post=18183"}],"wp:attachment":[{"href":"https:\/\/uj.adatbank.ro\/lexikon\/wp-json\/wp\/v2\/media?parent=18183"}],"wp:term":[{"taxonomy":"product_brand","embeddable":true,"href":"https:\/\/uj.adatbank.ro\/lexikon\/wp-json\/wp\/v2\/product_brand?post=18183"},{"taxonomy":"product_cat","embeddable":true,"href":"https:\/\/uj.adatbank.ro\/lexikon\/wp-json\/wp\/v2\/product_cat?post=18183"},{"taxonomy":"product_tag","embeddable":true,"href":"https:\/\/uj.adatbank.ro\/lexikon\/wp-json\/wp\/v2\/product_tag?post=18183"}],"curies":[{"name":"wp","href":"https:\/\/api.w.org\/{rel}","templated":true}]}}